{"id":12329,"date":"2025-08-29T08:58:44","date_gmt":"2025-08-29T08:58:44","guid":{"rendered":"https:\/\/skincompany.duckynetwork.tech\/cookie-policy\/"},"modified":"2025-12-23T09:53:50","modified_gmt":"2025-12-23T09:53:50","slug":"cookie-policy","status":"publish","type":"page","link":"https:\/\/www.skinsystem.it\/de\/cookie-policy\/","title":{"rendered":"Cookie Policy"},"content":{"rendered":"\t\t<div data-elementor-type=\"wp-page\" data-elementor-id=\"12329\" class=\"elementor elementor-12329 elementor-10856\" data-elementor-post-type=\"page\">\n\t\t\t\t\t\t<section class=\"elementor-section elementor-top-section elementor-element elementor-element-2005d0eb elementor-section-full_width elementor-section-stretched elementor-section-height-default elementor-section-height-default\" data-id=\"2005d0eb\" data-element_type=\"section\" data-settings=\"{&quot;stretch_section&quot;:&quot;section-stretched&quot;}\">\n\t\t\t\t\t\t<div class=\"elementor-container elementor-column-gap-wide\">\n\t\t\t\t\t<div class=\"elementor-column elementor-col-100 elementor-top-column elementor-element elementor-element-ff398de\" data-id=\"ff398de\" data-element_type=\"column\">\n\t\t\t<div class=\"elementor-widget-wrap elementor-element-populated\">\n\t\t\t\t\t\t<div class=\"elementor-element elementor-element-5d850c97 elementor-widget elementor-widget-text-editor\" data-id=\"5d850c97\" data-element_type=\"widget\" data-widget_type=\"text-editor.default\">\n\t\t\t\t<div class=\"elementor-widget-container\">\n\t\t\t\t\t\t\t\t\t<div class=\"ocm-effect-wrap\"><div class=\"ocm-effect-wrap-inner\"><div id=\"ajax-content-wrap\"><div class=\"container-wrap\"><div class=\"container main-content\" role=\"main\"><div class=\"row\"><h1 class=\"vc_custom_heading\">Cookie Policy<\/h1><div class=\"wpb_text_column wpb_content_element \"><div class=\"wpb_wrapper\"> <\/div><\/div><h1 class=\"heading\">EU Cookie Policy<\/h1><div class=\"page-content\"><h2 class=\"ql-align-justify\"><strong>Erweiterte Informationen zur Verwendung von Cookies. G\u00fcltig ab 01.12.2024 <\/strong><\/h2><p><strong>VORWORT<\/strong><\/p><p>Die vorliegende Cookie-Richtlinie gilt f\u00fcr die Website https:\/\/www.skinsystem.company\/ (<strong>Website<\/strong>). Das Dokument wurde unter Ber\u00fccksichtigung der Bestimmungen der Europ\u00e4ischen Verordnung 679\/2016 zum Schutz personenbezogener Daten (<strong>DSGVO<\/strong>), des Datenschutzgesetzes (Gesetzesdekret Nr. 196 vom 30. Juni 2003) und der Leitlinien der Datenschutzbeh\u00f6rde (insbesondere der Leitlinien zur Verwendung von Cookies vom 10. Juli 2021) erstellt. <\/p><p class=\"ql-align-justify\"><strong>Verantwortlicher f\u00fcr die Datenverarbeitung<\/strong>: SKIN SYSTEM SRL<\/p><p class=\"ql-align-justify\"><strong>ALLGEMEINE INFORMATIONEN<\/strong><\/p><h4 class=\"ql-align-justify\"><strong>Was sind Cookies und wozu dienen sie?<\/strong><\/h4><p class=\"ql-align-justify\">Ein Cookie ist eine Textdatei, die eine vom Nutzer besuchte Website an sein Endger\u00e4t (Computer, mobiles Ger\u00e4t wie Smartphone oder Tablet) sendet, wo sie gespeichert wird, um bei einem sp\u00e4teren Besuch derselben Website wieder an diese Website zur\u00fcckgesendet zu werden.<\/p><p class=\"ql-align-justify\">Cookies werden wie folgt unterschieden:<\/p><ul><li class=\"ql-align-justify\">je nachdem, wer sie installiert, ob es sich um denselben Betreiber der besuchten Website handelt (sogenannte \u201eFirst-Party-Cookies\u201c) oder um einen anderen Betreiber (sogenannte \u201eThird-Party-Cookies\u201c);<\/li><li class=\"ql-align-justify\">auf der Grundlage des Zwecks jedes einzelnen Cookies: einige Cookies erm\u00f6glichen eine bessere Navigation, indem sie bestimmte Auswahlen des Benutzers speichern, beispielsweise die Sprache (sogenannte \u201etechnische Cookies \u201c), andere Cookies erm\u00f6glichen die \u00dcberwachung der Navigation des Benutzers auch bei Zweck von Werbung zu senden und\/oder Dienstleistungen anzubieten im Einklang mit den a35&gt; seinen Pr\u00e4ferenzen (sog. \u201eCookies zur Profilierung\u201d).<\/li><\/ul><p class=\"ql-align-justify\">Nur f\u00fcr Profiling-Cookies ist die vorherige Zustimmung des Nutzers zu ihrer Verwendung erforderlich.<\/p><p class=\"ql-align-justify\">Der Verantwortliche f\u00fcr die Datenverarbeitung ist ausschlie\u00dflich f\u00fcr die First-Party-Cookies verantwortlich, die er selbst auf der Website installiert hat.<\/p><p class=\"ql-align-justify\">Im Abschnitt \u201eTechnische Cookies von Erstanbietern\u201c k\u00f6nnen Sie die Arten von technischen Cookies von Erstanbietern einsehen, die von der Website gesetzt werden.<\/p><p class=\"ql-align-justify\">Die Verwaltung von Profiling-Cookies wird im Abschnitt \u201eProfiling-Cookies von Drittanbietern\u201c beschrieben.<\/p><p>Sie k\u00f6nnen Cookies jedoch auch \u00fcber die Optionen Ihres Browsers aktivieren\/deaktivieren:<\/p><p><strong>Internet Explorer<\/strong><\/p><p>\u00d6ffnen Sie das Men\u00fc \u201eExtras\u201c und dann \u201eInternetoptionen\u201c.<\/p><p>Klicken Sie auf \u201eDatenschutz\u201c und dann auf \u201eErweitert\u201c.<\/p><p>W\u00e4hlen Sie im Fenster \u201eCookies\u201c Ihre Pr\u00e4ferenzen aus.<\/p><p><strong>Microsoft Edge<\/strong><\/p><p>Klicken Sie auf die drei Punkte in der oberen rechten Ecke des Browsers (Men\u00fc).<\/p><p>W\u00e4hlen Sie \u201eEinstellungen\u201c.<\/p><p>Klicken Sie in der linken Seitenleiste auf \u201eCookies und Website-Berechtigungen\u201c.<\/p><p><strong>Google Chrome<\/strong><\/p><p>Klicken Sie auf das Chrome-Men\u00fc, das der Schaltfl\u00e4che oben rechts entspricht.<\/p><p>W\u00e4hlen Sie \u201eEinstellungen\u201c und klicken Sie dann auf \u201eErweitert\u201c.<\/p><p>Klicken Sie im Abschnitt \u201eDatenschutz und Sicherheit\u201c auf die Schaltfl\u00e4che \u201eInhaltseinstellungen\u201c.<\/p><p>W\u00e4hlen Sie im Abschnitt \u201eCookies\u201c die gew\u00fcnschten Optionen aus.<\/p><p><strong>Firefox<\/strong><\/p><p>Klicken Sie auf \u201eExtras\u201c und dann auf das Men\u00fc \u201eOptionen\u201c.<\/p><p>Klicken Sie auf die Einstellungen \u201eDatenschutz und Sicherheit\u201c.<\/p><p>W\u00e4hlen Sie \u201eBenutzerdefinierte Einstellungen f\u00fcr den Verlauf verwenden\u201c.<\/p><p>W\u00e4hlen Sie die gew\u00fcnschten Optionen im Abschnitt \u201eCookies und Daten von Websites akzeptieren\u201c aus.<\/p><p><strong>Safari<\/strong><\/p><p>Klicken Sie auf Safari und dann auf Einstellungen.<\/p><p>Cliccare sulla sezione <strong>Privacy e sicurezza<\/strong>.<\/p><p class=\"ql-align-justify\">Gehen Sie zu \u201eCookies blockieren\u201c und w\u00e4hlen Sie die gew\u00fcnschten Optionen aus.<\/p><p class=\"ql-align-justify\"><strong>Technische Cookies von Erstanbietern<\/strong><\/p><p class=\"ql-align-justify\">Diese Cookies sind f\u00fcr den Betrieb der Website erforderlich und k\u00f6nnen nicht deaktiviert werden. Sie werden in der Regel als Reaktion auf Aktionen gesetzt, die eine Anfrage nach Dienstleistungen darstellen, wie z. B. das Festlegen von Cookie-Einstellungen, das Ausf\u00fcllen von Formularen oder das Festlegen von Navigationseinstellungen. <\/p><p class=\"ql-align-justify\"> <\/p><ul><li>Die Website setzt Navigations- oder Sitzungscookies, die eine normale Navigation und Nutzung der Website gew\u00e4hrleisten.<\/li><li>Es werden auch technische Cookies verwendet, die es Ihnen erm\u00f6glichen, auf der Website zu navigieren und dabei Ihre getroffenen Auswahlen beizubehalten.<\/li><\/ul><p> <\/p><p class=\"ql-align-justify\"><strong>Profilierungs-Cookies von Drittanbietern<\/strong><\/p><p class=\"ql-align-justify\">Die Website setzt keine Profiling-, Werbe- oder Statistik-Cookies ein.<\/p><p class=\"ql-align-justify\"><strong>Ihre Rechte<\/strong><\/p><p class=\"ql-align-justify\">Gem\u00e4\u00df Art. 13 der DSGVO informiert Sie der Verantwortliche f\u00fcr die Datenverarbeitung dar\u00fcber, dass Sie folgende Rechte haben: <\/p><ul><li class=\"ql-align-justify\">vom Verantwortlichen f\u00fcr die Datenverarbeitung Zugang zu Ihren personenbezogenen Daten und deren Berichtigung oder L\u00f6schung oder die Einschr\u00e4nkung der Sie betreffenden Verarbeitung zu verlangen oder deren Verarbeitung zu widersprechen, zus\u00e4tzlich zum Recht auf Daten\u00fcbertragbarkeit<\/li><li class=\"ql-align-justify\">die Einwilligung jederzeit widerrufen, ohne dass dies die Rechtm\u00e4\u00dfigkeit der Verarbeitung aufgrund der vor dem Widerruf erteilten Einwilligung beeintr\u00e4chtigt<\/li><li class=\"ql-align-justify\">Beschwerde bei einer Aufsichtsbeh\u00f6rde einreichen (z. B. bei der Datenschutzbeh\u00f6rde).<\/li><\/ul><p class=\"ql-align-justify\">Die oben genannten Rechte k\u00f6nnen durch eine formlose Anfrage an die in der Einleitung angegebenen Kontaktadressen ausge\u00fcbt werden.<\/p><p class=\"ql-align-justify\"><strong>Daten\u00fcbermittlung<\/strong><\/p><p class=\"ql-align-justify\"> <\/p><ul><li>Der Verantwortliche f\u00fcr die Datenverarbeitung gibt keine Informationen, die aus der Verwendung von Cookies stammen, an Dritte weiter.<\/li><\/ul><p> <\/p><p class=\"ql-align-justify\"><strong>Aufbewahrung von Informationen<\/strong><\/p><p class=\"ql-align-justify\"> <\/p><ul><li>Wenn die Website Profiling-Cookies verwendet, werden die Verhaltensdaten des Benutzers bis zum Widerruf der Einwilligung des Benutzers gespeichert.<\/li><\/ul><\/div><\/div><\/div><\/div><\/div><\/div><\/div><div id=\"root-scribe-elem\"><div tabindex=\"-1\" role=\"region\" aria-label=\"Notifications (F8)\"> <\/div><\/div>\t\t\t\t\t\t\t\t<\/div>\n\t\t\t\t<\/div>\n\t\t\t\t\t<\/div>\n\t\t<\/div>\n\t\t\t\t\t<\/div>\n\t\t<\/section>\n\t\t\t\t<\/div>\n\t\t","protected":false},"excerpt":{"rendered":"<p>Cookie Policy EU Cookie Policy Erweiterte Informationen zur Verwendung von Cookies. G\u00fcltig ab 01.12.2024 VORWORT Die vorliegende Cookie-Richtlinie&hellip;<\/p>\n","protected":false},"author":1,"featured_media":0,"parent":0,"menu_order":0,"comment_status":"closed","ping_status":"closed","template":"elementor_header_footer","meta":{"footnotes":""},"class_list":["post-12329","page","type-page","status-publish","hentry"],"_links":{"self":[{"href":"https:\/\/www.skinsystem.it\/de\/wp-json\/wp\/v2\/pages\/12329","targetHints":{"allow":["GET"]}}],"collection":[{"href":"https:\/\/www.skinsystem.it\/de\/wp-json\/wp\/v2\/pages"}],"about":[{"href":"https:\/\/www.skinsystem.it\/de\/wp-json\/wp\/v2\/types\/page"}],"author":[{"embeddable":true,"href":"https:\/\/www.skinsystem.it\/de\/wp-json\/wp\/v2\/users\/1"}],"replies":[{"embeddable":true,"href":"https:\/\/www.skinsystem.it\/de\/wp-json\/wp\/v2\/comments?post=12329"}],"version-history":[{"count":1,"href":"https:\/\/www.skinsystem.it\/de\/wp-json\/wp\/v2\/pages\/12329\/revisions"}],"predecessor-version":[{"id":12330,"href":"https:\/\/www.skinsystem.it\/de\/wp-json\/wp\/v2\/pages\/12329\/revisions\/12330"}],"wp:attachment":[{"href":"https:\/\/www.skinsystem.it\/de\/wp-json\/wp\/v2\/media?parent=12329"}],"curies":[{"name":"wp","href":"https:\/\/api.w.org\/{rel}","templated":true}]}}