{"id":12515,"date":"2025-06-18T09:26:54","date_gmt":"2025-06-18T09:26:54","guid":{"rendered":"https:\/\/skincompany.duckynetwork.tech\/produktion\/"},"modified":"2025-12-19T11:54:54","modified_gmt":"2025-12-19T11:54:54","slug":"produktion","status":"publish","type":"page","link":"https:\/\/www.skinsystem.it\/de\/produktion\/","title":{"rendered":"Produktion"},"content":{"rendered":"\t\t<div data-elementor-type=\"wp-page\" data-elementor-id=\"12515\" class=\"elementor elementor-12515 elementor-3827\" data-elementor-post-type=\"page\">\n\t\t\t\t<div class=\"elementor-element elementor-element-08521ff e-con-full e-flex e-con e-parent\" data-id=\"08521ff\" data-element_type=\"container\">\n\t\t\t\t<div class=\"elementor-element elementor-element-bebd6a1 elementor--h-position-center elementor--v-position-middle elementor-widget elementor-widget-slides\" data-id=\"bebd6a1\" data-element_type=\"widget\" data-settings=\"{&quot;navigation&quot;:&quot;none&quot;,&quot;autoplay&quot;:&quot;yes&quot;,&quot;pause_on_hover&quot;:&quot;yes&quot;,&quot;pause_on_interaction&quot;:&quot;yes&quot;,&quot;autoplay_speed&quot;:5000,&quot;infinite&quot;:&quot;yes&quot;,&quot;transition&quot;:&quot;slide&quot;,&quot;transition_speed&quot;:500}\" data-widget_type=\"slides.default\">\n\t\t\t\t<div class=\"elementor-widget-container\">\n\t\t\t\t\t\t\t\t\t<div class=\"elementor-swiper\">\n\t\t\t\t\t<div class=\"elementor-slides-wrapper elementor-main-swiper swiper\" role=\"region\" aria-roledescription=\"carousel\" aria-label=\"Slides\" dir=\"ltr\" data-animation=\"fadeInUp\">\n\t\t\t\t<div class=\"swiper-wrapper elementor-slides\">\n\t\t\t\t\t\t\t\t\t\t<div class=\"elementor-repeater-item-a84dc96 swiper-slide\" role=\"group\" aria-roledescription=\"slide\"><div class=\"swiper-slide-bg\" role=\"img\" aria-label=\"Flessibilita\"><\/div><div class=\"swiper-slide-inner\" ><div class=\"swiper-slide-contents\"><div class=\"elementor-slide-heading\">Produktionsflexibilit\u00e4t und hohe Qualit\u00e4tsstandards<\/div><\/div><\/div><\/div>\t\t\t\t<\/div>\n\t\t\t\t\t\t\t<\/div>\n\t\t\t\t<\/div>\n\t\t\t\t\t\t\t\t<\/div>\n\t\t\t\t<\/div>\n\t\t\t\t<\/div>\n\t\t\t\t<section class=\"elementor-section elementor-top-section elementor-element elementor-element-aec567c elementor-section-full_width elementor-section-height-min-height elementor-section-items-stretch elementor-hidden-tablet elementor-section-height-default\" data-id=\"aec567c\" data-element_type=\"section\">\n\t\t\t\t\t\t<div class=\"elementor-container elementor-column-gap-no\">\n\t\t\t\t\t<div class=\"elementor-column elementor-col-33 elementor-top-column elementor-element elementor-element-79cb7ed\" data-id=\"79cb7ed\" data-element_type=\"column\" data-settings=\"{&quot;background_background&quot;:&quot;classic&quot;}\">\n\t\t\t<div class=\"elementor-widget-wrap elementor-element-populated\">\n\t\t\t\t\t<div class=\"elementor-background-overlay\"><\/div>\n\t\t\t\t\t\t<div class=\"elementor-element elementor-element-ac2414f elementor-widget elementor-widget-ideapark-heading\" data-id=\"ac2414f\" data-element_type=\"widget\" data-widget_type=\"ideapark-heading.default\">\n\t\t\t\t<div class=\"elementor-widget-container\">\n\t\t\t\t\t<div class=\"c-ip-heading c-ip-heading--default c-ip-heading--left c-ip-heading--mobile-center c-ip-heading--bullet-hide\"><span class=\"c-ip-heading__inner\">5000 m\u00b2 Produktionsfl\u00e4che<\/span><\/div>\t\t\t\t<\/div>\n\t\t\t\t<\/div>\n\t\t\t\t\t<\/div>\n\t\t<\/div>\n\t\t\t\t<div class=\"elementor-column elementor-col-33 elementor-top-column elementor-element elementor-element-fd6788c\" data-id=\"fd6788c\" data-element_type=\"column\" data-settings=\"{&quot;background_background&quot;:&quot;classic&quot;}\">\n\t\t\t<div class=\"elementor-widget-wrap elementor-element-populated\">\n\t\t\t\t\t<div class=\"elementor-background-overlay\"><\/div>\n\t\t\t\t\t\t<div class=\"elementor-element elementor-element-14d7ed6 elementor-widget elementor-widget-ideapark-heading\" data-id=\"14d7ed6\" data-element_type=\"widget\" data-widget_type=\"ideapark-heading.default\">\n\t\t\t\t<div class=\"elementor-widget-container\">\n\t\t\t\t\t<div class=\"c-ip-heading c-ip-heading--default c-ip-heading--left c-ip-heading--mobile-center c-ip-heading--bullet-hide\"><span class=\"c-ip-heading__inner\">200<br \/>\nMitarbeiter <\/span><\/div>\t\t\t\t<\/div>\n\t\t\t\t<\/div>\n\t\t\t\t\t<\/div>\n\t\t<\/div>\n\t\t\t\t<div class=\"elementor-column elementor-col-33 elementor-top-column elementor-element elementor-element-a7ca7f7\" data-id=\"a7ca7f7\" data-element_type=\"column\" data-settings=\"{&quot;background_background&quot;:&quot;classic&quot;,&quot;animation&quot;:&quot;none&quot;}\">\n\t\t\t<div class=\"elementor-widget-wrap elementor-element-populated\">\n\t\t\t\t\t<div class=\"elementor-background-overlay\"><\/div>\n\t\t\t\t\t\t<div class=\"elementor-element elementor-element-d5772f8 elementor-widget elementor-widget-ideapark-heading\" data-id=\"d5772f8\" data-element_type=\"widget\" data-widget_type=\"ideapark-heading.default\">\n\t\t\t\t<div class=\"elementor-widget-container\">\n\t\t\t\t\t<div class=\"c-ip-heading c-ip-heading--default c-ip-heading--left c-ip-heading--mobile-center c-ip-heading--bullet-hide\"><span class=\"c-ip-heading__inner\">45 L\u00e4nder der Welt<\/span><\/div>\t\t\t\t<\/div>\n\t\t\t\t<\/div>\n\t\t\t\t\t<\/div>\n\t\t<\/div>\n\t\t\t\t\t<\/div>\n\t\t<\/section>\n\t\t\t\t<section class=\"elementor-section elementor-top-section elementor-element elementor-element-028f3bf elementor-section-full_width elementor-section-height-min-height elementor-section-items-stretch elementor-hidden-desktop elementor-hidden-mobile elementor-section-height-default\" data-id=\"028f3bf\" data-element_type=\"section\">\n\t\t\t\t\t\t<div class=\"elementor-container elementor-column-gap-no\">\n\t\t\t\t\t<div class=\"elementor-column elementor-col-100 elementor-top-column elementor-element elementor-element-22684c4\" data-id=\"22684c4\" data-element_type=\"column\" data-settings=\"{&quot;background_background&quot;:&quot;classic&quot;}\">\n\t\t\t<div class=\"elementor-widget-wrap elementor-element-populated\">\n\t\t\t\t\t<div class=\"elementor-background-overlay\"><\/div>\n\t\t\t\t\t\t<div class=\"elementor-element elementor-element-28c81c1 elementor-widget elementor-widget-ideapark-heading\" data-id=\"28c81c1\" data-element_type=\"widget\" data-widget_type=\"ideapark-heading.default\">\n\t\t\t\t<div class=\"elementor-widget-container\">\n\t\t\t\t\t<div class=\"c-ip-heading c-ip-heading--default c-ip-heading--left c-ip-heading--tablet-center c-ip-heading--bullet-hide\"><span class=\"c-ip-heading__inner\">5000 m\u00b2 Produktionsfl\u00e4che<\/span><\/div>\t\t\t\t<\/div>\n\t\t\t\t<\/div>\n\t\t\t\t\t<\/div>\n\t\t<\/div>\n\t\t\t\t\t<\/div>\n\t\t<\/section>\n\t\t\t\t<section class=\"elementor-section elementor-top-section elementor-element elementor-element-93ac8a5 elementor-section-full_width elementor-section-height-min-height elementor-section-items-stretch elementor-hidden-desktop elementor-hidden-mobile elementor-section-height-default\" data-id=\"93ac8a5\" data-element_type=\"section\">\n\t\t\t\t\t\t<div class=\"elementor-container elementor-column-gap-no\">\n\t\t\t\t\t<div class=\"elementor-column elementor-col-100 elementor-top-column elementor-element elementor-element-d735cbe\" data-id=\"d735cbe\" data-element_type=\"column\" data-settings=\"{&quot;background_background&quot;:&quot;classic&quot;}\">\n\t\t\t<div class=\"elementor-widget-wrap elementor-element-populated\">\n\t\t\t\t\t<div class=\"elementor-background-overlay\"><\/div>\n\t\t\t\t\t\t<div class=\"elementor-element elementor-element-2716450 elementor-widget elementor-widget-ideapark-heading\" data-id=\"2716450\" data-element_type=\"widget\" data-widget_type=\"ideapark-heading.default\">\n\t\t\t\t<div class=\"elementor-widget-container\">\n\t\t\t\t\t<div class=\"c-ip-heading c-ip-heading--default c-ip-heading--left c-ip-heading--tablet-center c-ip-heading--bullet-hide\"><span class=\"c-ip-heading__inner\">200 Mitarbeiter <\/span><\/div>\t\t\t\t<\/div>\n\t\t\t\t<\/div>\n\t\t\t\t\t<\/div>\n\t\t<\/div>\n\t\t\t\t\t<\/div>\n\t\t<\/section>\n\t\t\t\t<section class=\"elementor-section elementor-top-section elementor-element elementor-element-4a85400 elementor-section-full_width elementor-section-height-min-height elementor-section-items-stretch elementor-hidden-desktop elementor-hidden-mobile elementor-section-height-default\" data-id=\"4a85400\" data-element_type=\"section\">\n\t\t\t\t\t\t<div class=\"elementor-container elementor-column-gap-no\">\n\t\t\t\t\t<div class=\"elementor-column elementor-col-100 elementor-top-column elementor-element elementor-element-de3b5af\" data-id=\"de3b5af\" data-element_type=\"column\" data-settings=\"{&quot;background_background&quot;:&quot;classic&quot;}\">\n\t\t\t<div class=\"elementor-widget-wrap elementor-element-populated\">\n\t\t\t\t\t<div class=\"elementor-background-overlay\"><\/div>\n\t\t\t\t\t\t<div class=\"elementor-element elementor-element-db31da0 elementor-widget elementor-widget-ideapark-heading\" data-id=\"db31da0\" data-element_type=\"widget\" data-widget_type=\"ideapark-heading.default\">\n\t\t\t\t<div class=\"elementor-widget-container\">\n\t\t\t\t\t<div class=\"c-ip-heading c-ip-heading--default c-ip-heading--left c-ip-heading--tablet-center c-ip-heading--bullet-hide\"><span class=\"c-ip-heading__inner\">45 L\u00e4nder weltweit<\/span><\/div>\t\t\t\t<\/div>\n\t\t\t\t<\/div>\n\t\t\t\t\t<\/div>\n\t\t<\/div>\n\t\t\t\t\t<\/div>\n\t\t<\/section>\n\t\t<div class=\"elementor-element elementor-element-c6fd6dc e-flex e-con-boxed e-con e-parent\" data-id=\"c6fd6dc\" data-element_type=\"container\" data-settings=\"{&quot;background_background&quot;:&quot;classic&quot;}\">\n\t\t\t\t\t<div class=\"e-con-inner\">\n\t\t\t\t<div class=\"elementor-element elementor-element-2a1fa2a elementor-widget elementor-widget-heading\" data-id=\"2a1fa2a\" data-element_type=\"widget\" data-widget_type=\"heading.default\">\n\t\t\t\t<div class=\"elementor-widget-container\">\n\t\t\t\t\t<h4 class=\"elementor-heading-title elementor-size-default\">Die Produktionsst\u00e4tte erstreckt sich \u00fcber 5000 Quadratmeter\nund besch\u00e4ftigt rund 200\nMitarbeiter, darunter Personal und Fachkr\u00e4fte, in den Bereichen Management, Entwicklung und Forschung.<\/h4>\t\t\t\t<\/div>\n\t\t\t\t<\/div>\n\t\t\t\t\t<\/div>\n\t\t\t\t<\/div>\n\t\t\t\t<section class=\"elementor-section elementor-top-section elementor-element elementor-element-cc2676d elementor-section-content-middle elementor-section-boxed elementor-section-height-default elementor-section-height-default\" data-id=\"cc2676d\" data-element_type=\"section\">\n\t\t\t\t\t\t<div class=\"elementor-container elementor-column-gap-default\">\n\t\t\t\t\t<div class=\"elementor-column elementor-col-50 elementor-top-column elementor-element elementor-element-6af15fe\" data-id=\"6af15fe\" data-element_type=\"column\" data-settings=\"{&quot;background_background&quot;:&quot;classic&quot;}\">\n\t\t\t<div class=\"elementor-widget-wrap elementor-element-populated\">\n\t\t\t\t\t\t<div class=\"elementor-element elementor-element-3fa5b30 elementor-widget elementor-widget-heading\" data-id=\"3fa5b30\" data-element_type=\"widget\" data-widget_type=\"heading.default\">\n\t\t\t\t<div class=\"elementor-widget-container\">\n\t\t\t\t\t<h2 class=\"elementor-heading-title elementor-size-default\">Flexibilit\u00e4t und Produktionskapazit\u00e4t<\/h2>\t\t\t\t<\/div>\n\t\t\t\t<\/div>\n\t\t\t\t<div class=\"elementor-element elementor-element-588e9d6 elementor-widget elementor-widget-text-editor\" data-id=\"588e9d6\" data-element_type=\"widget\" data-widget_type=\"text-editor.default\">\n\t\t\t\t<div class=\"elementor-widget-container\">\n\t\t\t\t\t\t\t\t\t<p>Die Produktionsstruktur von SkinSystem ist darauf ausgelegt, effizient und schnell auf die Bed\u00fcrfnisse von Kunden jeder Gr\u00f6\u00dfe zu reagieren. Dank moderner und vielseitiger Anlagen sind wir in der Lage, maximale Flexibilit\u00e4t bei der Verwaltung der Volumina zu gew\u00e4hrleisten und schnelle Lieferzeiten, konstante Qualit\u00e4t und individuelle Anpassungen auf Anfrage zu garantieren. <\/p>\t\t\t\t\t\t\t\t<\/div>\n\t\t\t\t<\/div>\n\t\t\t\t\t<\/div>\n\t\t<\/div>\n\t\t\t\t<div class=\"elementor-column elementor-col-50 elementor-top-column elementor-element elementor-element-a089df8\" data-id=\"a089df8\" data-element_type=\"column\">\n\t\t\t<div class=\"elementor-widget-wrap elementor-element-populated\">\n\t\t\t\t\t\t<div class=\"elementor-element elementor-element-ae46b8a elementor-widget elementor-widget-image\" data-id=\"ae46b8a\" data-element_type=\"widget\" data-widget_type=\"image.default\">\n\t\t\t\t<div class=\"elementor-widget-container\">\n\t\t\t\t\t\t\t\t\t\t\t\t\t\t\t<img fetchpriority=\"high\" decoding=\"async\" width=\"1320\" height=\"1320\" src=\"https:\/\/www.skinsystem.it\/wp-content\/uploads\/2025\/06\/Flessibilita.jpg\" class=\"attachment-full size-full wp-image-12517\" alt=\"\" srcset=\"https:\/\/www.skinsystem.it\/wp-content\/uploads\/2025\/06\/Flessibilita.jpg 1320w, https:\/\/www.skinsystem.it\/wp-content\/uploads\/2025\/06\/Flessibilita-460x460.jpg 460w, https:\/\/www.skinsystem.it\/wp-content\/uploads\/2025\/06\/Flessibilita-115x115.jpg 115w, https:\/\/www.skinsystem.it\/wp-content\/uploads\/2025\/06\/Flessibilita-760x760.jpg 760w, https:\/\/www.skinsystem.it\/wp-content\/uploads\/2025\/06\/Flessibilita-920x920.jpg 920w, https:\/\/www.skinsystem.it\/wp-content\/uploads\/2025\/06\/Flessibilita-145x145.jpg 145w, https:\/\/www.skinsystem.it\/wp-content\/uploads\/2025\/06\/Flessibilita-290x290.jpg 290w\" sizes=\"(max-width: 1320px) 100vw, 1320px\" \/>\t\t\t\t\t\t\t\t\t\t\t\t\t\t\t<\/div>\n\t\t\t\t<\/div>\n\t\t\t\t\t<\/div>\n\t\t<\/div>\n\t\t\t\t\t<\/div>\n\t\t<\/section>\n\t\t<div class=\"elementor-element elementor-element-83586e7 e-flex e-con-boxed e-con e-parent\" data-id=\"83586e7\" data-element_type=\"container\">\n\t\t\t\t\t<div class=\"e-con-inner\">\n\t\t\t\t<div class=\"elementor-element elementor-element-7bf770c elementor-widget elementor-widget-video\" data-id=\"7bf770c\" data-element_type=\"widget\" data-settings=\"{&quot;youtube_url&quot;:&quot;https:\\\/\\\/www.youtube.com\\\/watch?v=OHtrBvMK54A&quot;,&quot;autoplay&quot;:&quot;yes&quot;,&quot;mute&quot;:&quot;yes&quot;,&quot;loop&quot;:&quot;yes&quot;,&quot;video_type&quot;:&quot;youtube&quot;,&quot;controls&quot;:&quot;yes&quot;}\" data-widget_type=\"video.default\">\n\t\t\t\t<div class=\"elementor-widget-container\">\n\t\t\t\t\t\t\t<div class=\"elementor-wrapper elementor-open-inline\">\n\t\t\t<div class=\"elementor-video\"><\/div>\t\t<\/div>\n\t\t\t\t\t\t<\/div>\n\t\t\t\t<\/div>\n\t\t\t\t\t<\/div>\n\t\t\t\t<\/div>\n\t\t\t\t<section class=\"elementor-section elementor-top-section elementor-element elementor-element-05fe9d7 elementor-section-content-middle elementor-section-boxed elementor-section-height-default elementor-section-height-default\" data-id=\"05fe9d7\" data-element_type=\"section\">\n\t\t\t\t\t\t<div class=\"elementor-container elementor-column-gap-default\">\n\t\t\t\t\t<div class=\"elementor-column elementor-col-50 elementor-top-column elementor-element elementor-element-6542193\" data-id=\"6542193\" data-element_type=\"column\">\n\t\t\t<div class=\"elementor-widget-wrap elementor-element-populated\">\n\t\t\t\t\t\t<div class=\"elementor-element elementor-element-b21d87a elementor-widget elementor-widget-image\" data-id=\"b21d87a\" data-element_type=\"widget\" data-widget_type=\"image.default\">\n\t\t\t\t<div class=\"elementor-widget-container\">\n\t\t\t\t\t\t\t\t\t\t\t\t\t\t\t<img decoding=\"async\" width=\"1320\" height=\"1320\" src=\"https:\/\/www.skinsystem.it\/wp-content\/uploads\/2025\/10\/Standard_qual.png\" class=\"attachment-full size-full wp-image-12518\" alt=\"\" srcset=\"https:\/\/www.skinsystem.it\/wp-content\/uploads\/2025\/10\/Standard_qual.png 1320w, https:\/\/www.skinsystem.it\/wp-content\/uploads\/2025\/10\/Standard_qual-460x460.png 460w, https:\/\/www.skinsystem.it\/wp-content\/uploads\/2025\/10\/Standard_qual-115x115.png 115w, https:\/\/www.skinsystem.it\/wp-content\/uploads\/2025\/10\/Standard_qual-760x760.png 760w, https:\/\/www.skinsystem.it\/wp-content\/uploads\/2025\/10\/Standard_qual-920x920.png 920w, https:\/\/www.skinsystem.it\/wp-content\/uploads\/2025\/10\/Standard_qual-145x145.png 145w, https:\/\/www.skinsystem.it\/wp-content\/uploads\/2025\/10\/Standard_qual-290x290.png 290w\" sizes=\"(max-width: 1320px) 100vw, 1320px\" \/>\t\t\t\t\t\t\t\t\t\t\t\t\t\t\t<\/div>\n\t\t\t\t<\/div>\n\t\t\t\t\t<\/div>\n\t\t<\/div>\n\t\t\t\t<div class=\"elementor-column elementor-col-50 elementor-top-column elementor-element elementor-element-1e5dd59\" data-id=\"1e5dd59\" data-element_type=\"column\" data-settings=\"{&quot;background_background&quot;:&quot;classic&quot;}\">\n\t\t\t<div class=\"elementor-widget-wrap elementor-element-populated\">\n\t\t\t\t\t\t<div class=\"elementor-element elementor-element-56b8fc5 elementor-widget elementor-widget-ideapark-heading\" data-id=\"56b8fc5\" data-element_type=\"widget\" data-widget_type=\"ideapark-heading.default\">\n\t\t\t\t<div class=\"elementor-widget-container\">\n\t\t\t\t\t<div class=\"c-ip-heading c-ip-heading--default c-ip-heading--left c-ip-heading--mobile-center c-ip-heading--bullet-hide\"><span class=\"c-ip-heading__inner\">Hohe Qualit\u00e4tsstandards<\/span><\/div>\t\t\t\t<\/div>\n\t\t\t\t<\/div>\n\t\t\t\t<div class=\"elementor-element elementor-element-ffa798b elementor-widget elementor-widget-heading\" data-id=\"ffa798b\" data-element_type=\"widget\" data-widget_type=\"heading.default\">\n\t\t\t\t<div class=\"elementor-widget-container\">\n\t\t\t\t\t<h2 class=\"elementor-heading-title elementor-size-default\">Die st\u00e4ndige Suche nach Rohstoffen erm\u00f6glicht die Herstellung von Produkten, die hohen Qualit\u00e4tsstandards entsprechen. Die Labors sind st\u00e4ndig in der Forschung und Entwicklung t\u00e4tig. Die sorgf\u00e4ltige Qualit\u00e4tskontrolle in jeder Phase der Produktherstellung stellt sicher, dass das Produkt den vom Kunden geforderten Eigenschaften genau entspricht und den geltenden Vorschriften entspricht. Die sorgf\u00e4ltige Qualit\u00e4tskontrolle in jeder Phase der Produktherstellung stellt sicher, dass das Produkt den vom Kunden geforderten Eigenschaften genau entspricht und den geltenden Vorschriften entspricht. <\/h2>\t\t\t\t<\/div>\n\t\t\t\t<\/div>\n\t\t\t\t\t<\/div>\n\t\t<\/div>\n\t\t\t\t\t<\/div>\n\t\t<\/section>\n\t\t<div class=\"elementor-element elementor-element-efe0591 e-flex e-con-boxed e-con e-parent\" data-id=\"efe0591\" data-element_type=\"container\" data-settings=\"{&quot;background_background&quot;:&quot;classic&quot;}\">\n\t\t\t\t\t<div class=\"e-con-inner\">\n\t\t\t\t<div class=\"elementor-element elementor-element-97d6801 elementor-widget elementor-widget-heading\" data-id=\"97d6801\" data-element_type=\"widget\" data-widget_type=\"heading.default\">\n\t\t\t\t<div class=\"elementor-widget-container\">\n\t\t\t\t\t<h4 class=\"elementor-heading-title elementor-size-default\">Respekt vor der Natur<\/h4>\t\t\t\t<\/div>\n\t\t\t\t<\/div>\n\t\t\t\t<div class=\"elementor-element elementor-element-4c30086 elementor-widget elementor-widget-heading\" data-id=\"4c30086\" data-element_type=\"widget\" data-widget_type=\"heading.default\">\n\t\t\t\t<div class=\"elementor-widget-container\">\n\t\t\t\t\t<h4 class=\"elementor-heading-title elementor-size-default\">Unser Engagement f\u00fcr eine nachhaltige Zukunft.<\/h4>\t\t\t\t<\/div>\n\t\t\t\t<\/div>\n\t\t\t\t\t<\/div>\n\t\t\t\t<\/div>\n\t\t\t\t<section class=\"elementor-section elementor-top-section elementor-element elementor-element-75daa23 h-banner-1 elementor-section-boxed elementor-section-height-default elementor-section-height-default\" data-id=\"75daa23\" data-element_type=\"section\" data-settings=\"{&quot;background_background&quot;:&quot;classic&quot;}\">\n\t\t\t\t\t\t<div class=\"elementor-container elementor-column-gap-no\">\n\t\t\t\t\t<div class=\"elementor-column elementor-col-100 elementor-top-column elementor-element elementor-element-a875851\" data-id=\"a875851\" data-element_type=\"column\">\n\t\t\t<div class=\"elementor-widget-wrap\">\n\t\t\t\t\t\t\t<\/div>\n\t\t<\/div>\n\t\t\t\t\t<\/div>\n\t\t<\/section>\n\t\t\t\t<section class=\"elementor-section elementor-top-section elementor-element elementor-element-371c126 h-banner-1 elementor-section-boxed elementor-section-height-default elementor-section-height-default\" data-id=\"371c126\" data-element_type=\"section\" data-settings=\"{&quot;background_background&quot;:&quot;classic&quot;}\">\n\t\t\t\t\t\t<div class=\"elementor-container elementor-column-gap-no\">\n\t\t\t\t\t<div class=\"elementor-column elementor-col-50 elementor-top-column elementor-element elementor-element-54f64f9 h-banner-1__column-left\" data-id=\"54f64f9\" data-element_type=\"column\" data-settings=\"{&quot;background_background&quot;:&quot;classic&quot;}\">\n\t\t\t<div class=\"elementor-widget-wrap elementor-element-populated\">\n\t\t\t\t\t\t<div class=\"elementor-element elementor-element-3f9226b elementor-widget elementor-widget-spacer\" data-id=\"3f9226b\" data-element_type=\"widget\" data-widget_type=\"spacer.default\">\n\t\t\t\t<div class=\"elementor-widget-container\">\n\t\t\t\t\t\t\t<div class=\"elementor-spacer\">\n\t\t\t<div class=\"elementor-spacer-inner\"><\/div>\n\t\t<\/div>\n\t\t\t\t\t\t<\/div>\n\t\t\t\t<\/div>\n\t\t\t\t\t<\/div>\n\t\t<\/div>\n\t\t\t\t<div class=\"elementor-column elementor-col-50 elementor-top-column elementor-element elementor-element-0c74aac\" data-id=\"0c74aac\" data-element_type=\"column\" data-settings=\"{&quot;background_background&quot;:&quot;classic&quot;}\">\n\t\t\t<div class=\"elementor-widget-wrap elementor-element-populated\">\n\t\t\t\t\t\t<div class=\"elementor-element elementor-element-663cbcf elementor-widget elementor-widget-ideapark-heading\" data-id=\"663cbcf\" data-element_type=\"widget\" data-widget_type=\"ideapark-heading.default\">\n\t\t\t\t<div class=\"elementor-widget-container\">\n\t\t\t\t\t<div class=\"c-ip-heading c-ip-heading--small c-ip-heading--center c-ip-heading--bullet-hide\"><span class=\"c-ip-heading__inner\">eine gr\u00fcnere Zukunft<\/span><\/div>\t\t\t\t<\/div>\n\t\t\t\t<\/div>\n\t\t\t\t<div class=\"elementor-element elementor-element-42379f7 elementor-widget elementor-widget-ideapark-heading\" data-id=\"42379f7\" data-element_type=\"widget\" data-widget_type=\"ideapark-heading.default\">\n\t\t\t\t<div class=\"elementor-widget-container\">\n\t\t\t\t\t<div class=\"c-ip-heading c-ip-heading--default c-ip-heading--center c-ip-heading--bullet-hide\"><span class=\"c-ip-heading__inner\">Nachhaltigkeit<\/span><\/div>\t\t\t\t<\/div>\n\t\t\t\t<\/div>\n\t\t\t\t<div class=\"elementor-element elementor-element-9d9c0a5 elementor-widget elementor-widget-ideapark-heading\" data-id=\"9d9c0a5\" data-element_type=\"widget\" data-widget_type=\"ideapark-heading.default\">\n\t\t\t\t<div class=\"elementor-widget-container\">\n\t\t\t\t\t<div class=\"c-ip-heading c-ip-heading--default c-ip-heading--center c-ip-heading--bullet-hide\"><span class=\"c-ip-heading__inner\">Seit jeher konzentrieren wir uns auf die Entwicklung von Produkten f\u00fcr die Haarentfernung und die Gesichts- und K\u00f6rperkosmetik, die die Umwelt und die Natur respektieren. Der Fokus auf Nachhaltigkeit begleitet uns in jeder Phase unserer T\u00e4tigkeit, von der Auswahl nat\u00fcrlicher und biologischer Inhaltsstoffe bis hin zur Reduzierung der Umweltbelastung unserer Produktion. Jeder Aspekt, von der Formulierung unserer Produkte bis zum Management der Produktionsprozesse, ist darauf ausgerichtet, die \u00f6kologischen Auswirkungen zu reduzieren und zu einer gr\u00fcneren Zukunft beizutragen.  <\/span><\/div>\t\t\t\t<\/div>\n\t\t\t\t<\/div>\n\t\t\t\t<div class=\"elementor-element elementor-element-5b821ff elementor-tablet-align-center elementor-align-center elementor-widget elementor-widget-ideapark-button\" data-id=\"5b821ff\" data-element_type=\"widget\" data-widget_type=\"ideapark-button.default\">\n\t\t\t\t<div class=\"elementor-widget-container\">\n\t\t\t\t\t\t\t<div class=\"c-ip-button__wrap\">\n\t\t\t<a href=\"https:\/\/skincompany.duckynetwork.tech\/de\/nachhaltigkeit\/\" class=\"c-button c-ip-button c-button--outline\" role=\"button\">\n\t\t\t\t\t\t\t\t<span class=\"c-ip-button__text\">Entdecken Sie mehr \u00fcber<\/span>\n\t\t\t\t\t\t\t<\/a>\n\t\t<\/div>\n\t\t\t\t\t\t<\/div>\n\t\t\t\t<\/div>\n\t\t\t\t\t<\/div>\n\t\t<\/div>\n\t\t\t\t\t<\/div>\n\t\t<\/section>\n\t\t\t\t<section class=\"elementor-section elementor-top-section elementor-element elementor-element-9e5b7fe h-banner-1 elementor-section-boxed elementor-section-height-default elementor-section-height-default\" data-id=\"9e5b7fe\" data-element_type=\"section\" data-settings=\"{&quot;background_background&quot;:&quot;classic&quot;}\">\n\t\t\t\t\t\t<div class=\"elementor-container elementor-column-gap-no\">\n\t\t\t\t\t<div class=\"elementor-column elementor-col-100 elementor-top-column elementor-element elementor-element-8d604fc\" data-id=\"8d604fc\" data-element_type=\"column\">\n\t\t\t<div class=\"elementor-widget-wrap\">\n\t\t\t\t\t\t\t<\/div>\n\t\t<\/div>\n\t\t\t\t\t<\/div>\n\t\t<\/section>\n\t\t\t\t<\/div>\n\t\t","protected":false},"excerpt":{"rendered":"<p>Produktionsflexibilit\u00e4t und hohe Qualit\u00e4tsstandards 5000 m\u00b2 Produktionsfl\u00e4che 200 Mitarbeiter 45 L\u00e4nder der Welt 5000 m\u00b2 Produktionsfl\u00e4che 200 Mitarbeiter&hellip;<\/p>\n","protected":false},"author":1,"featured_media":0,"parent":0,"menu_order":0,"comment_status":"closed","ping_status":"closed","template":"elementor_header_footer","meta":{"footnotes":""},"class_list":["post-12515","page","type-page","status-publish","hentry"],"_links":{"self":[{"href":"https:\/\/www.skinsystem.it\/de\/wp-json\/wp\/v2\/pages\/12515","targetHints":{"allow":["GET"]}}],"collection":[{"href":"https:\/\/www.skinsystem.it\/de\/wp-json\/wp\/v2\/pages"}],"about":[{"href":"https:\/\/www.skinsystem.it\/de\/wp-json\/wp\/v2\/types\/page"}],"author":[{"embeddable":true,"href":"https:\/\/www.skinsystem.it\/de\/wp-json\/wp\/v2\/users\/1"}],"replies":[{"embeddable":true,"href":"https:\/\/www.skinsystem.it\/de\/wp-json\/wp\/v2\/comments?post=12515"}],"version-history":[{"count":3,"href":"https:\/\/www.skinsystem.it\/de\/wp-json\/wp\/v2\/pages\/12515\/revisions"}],"predecessor-version":[{"id":18819,"href":"https:\/\/www.skinsystem.it\/de\/wp-json\/wp\/v2\/pages\/12515\/revisions\/18819"}],"wp:attachment":[{"href":"https:\/\/www.skinsystem.it\/de\/wp-json\/wp\/v2\/media?parent=12515"}],"curies":[{"name":"wp","href":"https:\/\/api.w.org\/{rel}","templated":true}]}}