{"id":12724,"date":"2025-10-02T09:55:30","date_gmt":"2025-10-02T09:55:30","guid":{"rendered":"https:\/\/skincompany.duckynetwork.tech\/nachhaltigkeit\/"},"modified":"2025-11-24T09:51:54","modified_gmt":"2025-11-24T09:51:54","slug":"nachhaltigkeit","status":"publish","type":"page","link":"https:\/\/www.skinsystem.it\/de\/nachhaltigkeit\/","title":{"rendered":"Nachhaltigkeit"},"content":{"rendered":"\t\t<div data-elementor-type=\"wp-page\" data-elementor-id=\"12724\" class=\"elementor elementor-12724 elementor-11178\" data-elementor-post-type=\"page\">\n\t\t\t\t\t\t<section class=\"elementor-section elementor-top-section elementor-element elementor-element-9606dee elementor-section-height-min-height elementor-section-boxed elementor-section-height-default elementor-section-items-middle\" data-id=\"9606dee\" data-element_type=\"section\" data-settings=\"{&quot;background_background&quot;:&quot;classic&quot;}\">\n\t\t\t\t\t\t\t<div class=\"elementor-background-overlay\"><\/div>\n\t\t\t\t\t\t\t<div class=\"elementor-container elementor-column-gap-no\">\n\t\t\t\t\t<div class=\"elementor-column elementor-col-100 elementor-top-column elementor-element elementor-element-1d12c2b\" data-id=\"1d12c2b\" data-element_type=\"column\" data-settings=\"{&quot;background_background&quot;:&quot;classic&quot;}\">\n\t\t\t<div class=\"elementor-widget-wrap elementor-element-populated\">\n\t\t\t\t\t\t<div class=\"elementor-element elementor-element-9463042 elementor-widget elementor-widget-heading\" data-id=\"9463042\" data-element_type=\"widget\" data-widget_type=\"heading.default\">\n\t\t\t\t<div class=\"elementor-widget-container\">\n\t\t\t\t\t<h4 class=\"elementor-heading-title elementor-size-default\">Nachhaltigkeit<\/h4>\t\t\t\t<\/div>\n\t\t\t\t<\/div>\n\t\t\t\t<div class=\"elementor-element elementor-element-fd3675b elementor-widget elementor-widget-heading\" data-id=\"fd3675b\" data-element_type=\"widget\" data-widget_type=\"heading.default\">\n\t\t\t\t<div class=\"elementor-widget-container\">\n\t\t\t\t\t<h2 class=\"elementor-heading-title elementor-size-default\">Unser Engagement f\u00fcr eine nachhaltige Zukunft.<\/h2>\t\t\t\t<\/div>\n\t\t\t\t<\/div>\n\t\t\t\t\t<\/div>\n\t\t<\/div>\n\t\t\t\t\t<\/div>\n\t\t<\/section>\n\t\t\t\t<section class=\"elementor-section elementor-top-section elementor-element elementor-element-23fafec elementor-section-boxed elementor-section-height-default elementor-section-height-default\" data-id=\"23fafec\" data-element_type=\"section\" data-settings=\"{&quot;background_background&quot;:&quot;classic&quot;}\">\n\t\t\t\t\t\t<div class=\"elementor-container elementor-column-gap-no\">\n\t\t\t\t\t<div class=\"elementor-column elementor-col-50 elementor-top-column elementor-element elementor-element-60913a4\" data-id=\"60913a4\" data-element_type=\"column\">\n\t\t\t<div class=\"elementor-widget-wrap elementor-element-populated\">\n\t\t\t\t\t\t<div class=\"elementor-element elementor-element-05719ee elementor-widget elementor-widget-heading\" data-id=\"05719ee\" data-element_type=\"widget\" data-widget_type=\"heading.default\">\n\t\t\t\t<div class=\"elementor-widget-container\">\n\t\t\t\t\t<h1 class=\"elementor-heading-title elementor-size-default\">Nachhaltigkeit<\/h1>\t\t\t\t<\/div>\n\t\t\t\t<\/div>\n\t\t\t\t<div class=\"elementor-element elementor-element-ffcd873 elementor-widget elementor-widget-text-editor\" data-id=\"ffcd873\" data-element_type=\"widget\" data-widget_type=\"text-editor.default\">\n\t\t\t\t<div class=\"elementor-widget-container\">\n\t\t\t\t\t\t\t\t\t<p>Unsere Unternehmensmission basiert auf umfassender Qualit\u00e4t, die Produkte von h\u00f6chster Exzellenz, zielgerichtete Dienstleistungen und eine st\u00e4ndige Aufmerksamkeit f\u00fcr die Bed\u00fcrfnisse jedes einzelnen Kunden umfasst. Unser Ziel ist es, Verf\u00fcgbarkeit, Professionalit\u00e4t und Zufriedenheit zu gew\u00e4hrleisten und langfristige Beziehungen zu unseren Partnern aufzubauen. All dies mit der Eleganz und dem zeitlosen Prestige des Made in Italy. <\/p>\t\t\t\t\t\t\t\t<\/div>\n\t\t\t\t<\/div>\n\t\t\t\t\t<\/div>\n\t\t<\/div>\n\t\t\t\t<div class=\"elementor-column elementor-col-50 elementor-top-column elementor-element elementor-element-518ab2f\" data-id=\"518ab2f\" data-element_type=\"column\">\n\t\t\t<div class=\"elementor-widget-wrap elementor-element-populated\">\n\t\t\t\t\t\t<div class=\"elementor-element elementor-element-131c30c elementor-widget elementor-widget-image\" data-id=\"131c30c\" data-element_type=\"widget\" data-widget_type=\"image.default\">\n\t\t\t\t<div class=\"elementor-widget-container\">\n\t\t\t\t\t\t\t\t\t\t\t\t\t\t\t<img fetchpriority=\"high\" decoding=\"async\" width=\"1320\" height=\"1320\" src=\"https:\/\/www.skinsystem.it\/wp-content\/uploads\/2025\/10\/Sostenibil.png\" class=\"attachment-full size-full wp-image-12725\" alt=\"\" srcset=\"https:\/\/www.skinsystem.it\/wp-content\/uploads\/2025\/10\/Sostenibil.png 1320w, https:\/\/www.skinsystem.it\/wp-content\/uploads\/2025\/10\/Sostenibil-460x460.png 460w, https:\/\/www.skinsystem.it\/wp-content\/uploads\/2025\/10\/Sostenibil-115x115.png 115w, https:\/\/www.skinsystem.it\/wp-content\/uploads\/2025\/10\/Sostenibil-760x760.png 760w, https:\/\/www.skinsystem.it\/wp-content\/uploads\/2025\/10\/Sostenibil-920x920.png 920w, https:\/\/www.skinsystem.it\/wp-content\/uploads\/2025\/10\/Sostenibil-145x145.png 145w, https:\/\/www.skinsystem.it\/wp-content\/uploads\/2025\/10\/Sostenibil-290x290.png 290w\" sizes=\"(max-width: 1320px) 100vw, 1320px\" \/>\t\t\t\t\t\t\t\t\t\t\t\t\t\t\t<\/div>\n\t\t\t\t<\/div>\n\t\t\t\t\t<\/div>\n\t\t<\/div>\n\t\t\t\t\t<\/div>\n\t\t<\/section>\n\t\t<div class=\"elementor-element elementor-element-29e1043 e-flex e-con-boxed e-con e-parent\" data-id=\"29e1043\" data-element_type=\"container\" data-settings=\"{&quot;background_background&quot;:&quot;classic&quot;}\">\n\t\t\t\t\t<div class=\"e-con-inner\">\n\t\t\t\t<div class=\"elementor-element elementor-element-70e82d3 elementor-widget elementor-widget-heading\" data-id=\"70e82d3\" data-element_type=\"widget\" data-widget_type=\"heading.default\">\n\t\t\t\t<div class=\"elementor-widget-container\">\n\t\t\t\t\t<h4 class=\"elementor-heading-title elementor-size-default\">Seit jeher konzentriert sich unser Engagement auf die \nEntwicklung von Produkten f\u00fcr die Haarentfernung und die Gesichts- und K\u00f6rperkosmetik \n, die die Umwelt und die Natur respektieren.<\/h4>\t\t\t\t<\/div>\n\t\t\t\t<\/div>\n\t\t\t\t<div class=\"elementor-element elementor-element-93aa139 elementor-widget elementor-widget-heading\" data-id=\"93aa139\" data-element_type=\"widget\" data-widget_type=\"heading.default\">\n\t\t\t\t<div class=\"elementor-widget-container\">\n\t\t\t\t\t<h4 class=\"elementor-heading-title elementor-size-default\">Die Aufmerksamkeit f\u00fcr Nachhaltigkeit begleitet uns in jeder Phase unserer T\u00e4tigkeit, von der Auswahl nat\u00fcrlicher und biologischer Inhaltsstoffe bis hin zur Verringerung der Umweltbelastung unserer Produktion. Jeder Aspekt, von der Rezeptur unserer Produkte bis hin zum Management der Produktionsprozesse, ist darauf ausgerichtet, die \u00f6kologischen Auswirkungen zu reduzieren und zu einer gr\u00fcneren Zukunft beizutragen. <\/h4>\t\t\t\t<\/div>\n\t\t\t\t<\/div>\n\t\t\t\t\t<\/div>\n\t\t\t\t<\/div>\n\t\t\t\t<section class=\"elementor-section elementor-top-section elementor-element elementor-element-bc7c0d4 elementor-section-full_width elementor-section-height-min-height elementor-section-items-stretch elementor-section-height-default\" data-id=\"bc7c0d4\" data-element_type=\"section\">\n\t\t\t\t\t\t<div class=\"elementor-container elementor-column-gap-no\">\n\t\t\t\t\t<div class=\"elementor-column elementor-col-50 elementor-top-column elementor-element elementor-element-43e1780\" data-id=\"43e1780\" data-element_type=\"column\" data-settings=\"{&quot;background_background&quot;:&quot;classic&quot;}\">\n\t\t\t<div class=\"elementor-widget-wrap elementor-element-populated\">\n\t\t\t\t\t<div class=\"elementor-background-overlay\"><\/div>\n\t\t\t\t\t\t<div class=\"elementor-element elementor-element-c6a9087 elementor-widget elementor-widget-heading\" data-id=\"c6a9087\" data-element_type=\"widget\" data-widget_type=\"heading.default\">\n\t\t\t\t<div class=\"elementor-widget-container\">\n\t\t\t\t\t<h2 class=\"elementor-heading-title elementor-size-default\">Produktdesign und -formulierung<\/h2>\t\t\t\t<\/div>\n\t\t\t\t<\/div>\n\t\t\t\t<div class=\"elementor-element elementor-element-3cc3277 elementor-widget elementor-widget-heading\" data-id=\"3cc3277\" data-element_type=\"widget\" data-widget_type=\"heading.default\">\n\t\t\t\t<div class=\"elementor-widget-container\">\n\t\t\t\t\t<h2 class=\"elementor-heading-title elementor-size-default\">Forschung und Entwicklung bilden die Grundlage f\u00fcr jedes unserer Produkte. Wir w\u00e4hlen sorgf\u00e4ltig Rohstoffe nat\u00fcrlichen, biologischen und \u00f6kologisch nachhaltigen Ursprungs aus, um h\u00f6chste Qualit\u00e4t zu gew\u00e4hrleisten, ohne die Umwelt zu beeintr\u00e4chtigen. Unsere Produkte sind frei von Silikonen, Sulfaten und Mineral\u00f6len und entsprechen damit der steigenden Nachfrage nach umweltfreundlichen und hautvertr\u00e4glichen Produkten. Bei der Entwicklung unserer Rezepturen legen wir Wert darauf, hochwirksame L\u00f6sungen anzubieten, ohne dabei auf Reinheit und Nachhaltigkeit zu verzichten.   <\/h2>\t\t\t\t<\/div>\n\t\t\t\t<\/div>\n\t\t\t\t\t<\/div>\n\t\t<\/div>\n\t\t\t\t<div class=\"elementor-column elementor-col-50 elementor-top-column elementor-element elementor-element-416d6f7\" data-id=\"416d6f7\" data-element_type=\"column\" data-settings=\"{&quot;background_background&quot;:&quot;classic&quot;}\">\n\t\t\t<div class=\"elementor-widget-wrap elementor-element-populated\">\n\t\t\t\t\t<div class=\"elementor-background-overlay\"><\/div>\n\t\t\t\t\t\t<div class=\"elementor-element elementor-element-ca71036 elementor-widget elementor-widget-heading\" data-id=\"ca71036\" data-element_type=\"widget\" data-widget_type=\"heading.default\">\n\t\t\t\t<div class=\"elementor-widget-container\">\n\t\t\t\t\t<h2 class=\"elementor-heading-title elementor-size-default\">Verpackung<\/h2>\t\t\t\t<\/div>\n\t\t\t\t<\/div>\n\t\t\t\t<div class=\"elementor-element elementor-element-b82c286 elementor-widget elementor-widget-heading\" data-id=\"b82c286\" data-element_type=\"widget\" data-widget_type=\"heading.default\">\n\t\t\t\t<div class=\"elementor-widget-container\">\n\t\t\t\t\t<h2 class=\"elementor-heading-title elementor-size-default\">Auch die Verpackung spielt eine entscheidende Rolle bei unserem Engagement f\u00fcr die Nachhaltigkeit. Unsere Verpackungen werden aus recycelten Materialien hergestellt, leicht recycelbar und biologisch abbaubar, wodurch die Umweltbelastung auf ein Minimum reduziert wird. Dar\u00fcber hinaus verpflichten wir uns dazu, den Einsatz von Verpackungen zu minimieren und die Homogenit\u00e4t der verwendeten Materialien zu gew\u00e4hrleisten, F\u00f6rderung des Recyclings und der Wiederverwendung.  <\/h2>\t\t\t\t<\/div>\n\t\t\t\t<\/div>\n\t\t\t\t\t<\/div>\n\t\t<\/div>\n\t\t\t\t\t<\/div>\n\t\t<\/section>\n\t\t\t\t<section class=\"elementor-section elementor-top-section elementor-element elementor-element-a1587df elementor-section-full_width elementor-section-height-min-height elementor-section-items-stretch elementor-section-height-default\" data-id=\"a1587df\" data-element_type=\"section\">\n\t\t\t\t\t\t<div class=\"elementor-container elementor-column-gap-no\">\n\t\t\t\t\t<div class=\"elementor-column elementor-col-50 elementor-top-column elementor-element elementor-element-6a11bf7\" data-id=\"6a11bf7\" data-element_type=\"column\" data-settings=\"{&quot;background_background&quot;:&quot;classic&quot;}\">\n\t\t\t<div class=\"elementor-widget-wrap elementor-element-populated\">\n\t\t\t\t\t<div class=\"elementor-background-overlay\"><\/div>\n\t\t\t\t\t\t<div class=\"elementor-element elementor-element-a1641ad elementor-widget elementor-widget-heading\" data-id=\"a1641ad\" data-element_type=\"widget\" data-widget_type=\"heading.default\">\n\t\t\t\t<div class=\"elementor-widget-container\">\n\t\t\t\t\t<h2 class=\"elementor-heading-title elementor-size-default\">Lieferkette und Qualit\u00e4t<\/h2>\t\t\t\t<\/div>\n\t\t\t\t<\/div>\n\t\t\t\t<div class=\"elementor-element elementor-element-cb470a0 elementor-widget elementor-widget-heading\" data-id=\"cb470a0\" data-element_type=\"widget\" data-widget_type=\"heading.default\">\n\t\t\t\t<div class=\"elementor-widget-container\">\n\t\t\t\t\t<h2 class=\"elementor-heading-title elementor-size-default\">F\u00fcr uns ist die Qualit\u00e4tskontrolle von grundlegender Bedeutung, nicht nur w\u00e4hrend der Produktion, sondern in der gesamten Lieferkette. Jede Produktionsphase wird streng \u00fcberwacht, um sicherzustellen, dass unsere Produkte sicher und von hoher Qualit\u00e4t sind und den Vorschriften und Umweltstandards entsprechen. Das Lieferkettenmanagement ist transparent, um unseren Kunden zuverl\u00e4ssige und zertifizierte Produkte anbieten zu k\u00f6nnen.  <\/h2>\t\t\t\t<\/div>\n\t\t\t\t<\/div>\n\t\t\t\t\t<\/div>\n\t\t<\/div>\n\t\t\t\t<div class=\"elementor-column elementor-col-50 elementor-top-column elementor-element elementor-element-33530eb\" data-id=\"33530eb\" data-element_type=\"column\" data-settings=\"{&quot;background_background&quot;:&quot;classic&quot;}\">\n\t\t\t<div class=\"elementor-widget-wrap elementor-element-populated\">\n\t\t\t\t\t<div class=\"elementor-background-overlay\"><\/div>\n\t\t\t\t\t\t<div class=\"elementor-element elementor-element-7dc7d50 elementor-widget elementor-widget-heading\" data-id=\"7dc7d50\" data-element_type=\"widget\" data-widget_type=\"heading.default\">\n\t\t\t\t<div class=\"elementor-widget-container\">\n\t\t\t\t\t<h2 class=\"elementor-heading-title elementor-size-default\">Kommunikation und Sensibilisierung<\/h2>\t\t\t\t<\/div>\n\t\t\t\t<\/div>\n\t\t\t\t<div class=\"elementor-element elementor-element-9c30fba elementor-widget elementor-widget-heading\" data-id=\"9c30fba\" data-element_type=\"widget\" data-widget_type=\"heading.default\">\n\t\t\t\t<div class=\"elementor-widget-container\">\n\t\t\t\t\t<h2 class=\"elementor-heading-title elementor-size-default\">Wir beziehen unsere Kunden in unser Umweltengagement ein, indem wir Sensibilisierungskampagnen zu gr\u00fcnen Themen durchf\u00fchren und unsere sozialen Kan\u00e4le und unsere Website nutzen, um bew\u00e4hrte Verfahren f\u00fcr die Entsorgung und das Recycling zu f\u00f6rdern und klar zu zeigen, wie unsere Verpackungen wiederverwendet und ordnungsgem\u00e4\u00df entsorgt werden k\u00f6nnen.<\/h2>\t\t\t\t<\/div>\n\t\t\t\t<\/div>\n\t\t\t\t\t<\/div>\n\t\t<\/div>\n\t\t\t\t\t<\/div>\n\t\t<\/section>\n\t\t\t\t<section class=\"elementor-section elementor-top-section elementor-element elementor-element-6479fa3 elementor-section-content-middle elementor-section-boxed elementor-section-height-default elementor-section-height-default\" data-id=\"6479fa3\" data-element_type=\"section\">\n\t\t\t\t\t\t<div class=\"elementor-container elementor-column-gap-default\">\n\t\t\t\t\t<div class=\"elementor-column elementor-col-50 elementor-top-column elementor-element elementor-element-d3a570e\" data-id=\"d3a570e\" data-element_type=\"column\">\n\t\t\t<div class=\"elementor-widget-wrap elementor-element-populated\">\n\t\t\t\t\t\t<div class=\"elementor-element elementor-element-9aa9776 elementor-widget elementor-widget-image\" data-id=\"9aa9776\" data-element_type=\"widget\" data-widget_type=\"image.default\">\n\t\t\t\t<div class=\"elementor-widget-container\">\n\t\t\t\t\t\t\t\t\t\t\t\t\t\t\t<img decoding=\"async\" width=\"1320\" height=\"1320\" src=\"https:\/\/www.skinsystem.it\/wp-content\/uploads\/2025\/10\/Sostenibil_02.png\" class=\"attachment-full size-full wp-image-12726\" alt=\"\" srcset=\"https:\/\/www.skinsystem.it\/wp-content\/uploads\/2025\/10\/Sostenibil_02.png 1320w, https:\/\/www.skinsystem.it\/wp-content\/uploads\/2025\/10\/Sostenibil_02-460x460.png 460w, https:\/\/www.skinsystem.it\/wp-content\/uploads\/2025\/10\/Sostenibil_02-115x115.png 115w, https:\/\/www.skinsystem.it\/wp-content\/uploads\/2025\/10\/Sostenibil_02-760x760.png 760w, https:\/\/www.skinsystem.it\/wp-content\/uploads\/2025\/10\/Sostenibil_02-920x920.png 920w, https:\/\/www.skinsystem.it\/wp-content\/uploads\/2025\/10\/Sostenibil_02-145x145.png 145w, https:\/\/www.skinsystem.it\/wp-content\/uploads\/2025\/10\/Sostenibil_02-290x290.png 290w\" sizes=\"(max-width: 1320px) 100vw, 1320px\" \/>\t\t\t\t\t\t\t\t\t\t\t\t\t\t\t<\/div>\n\t\t\t\t<\/div>\n\t\t\t\t\t<\/div>\n\t\t<\/div>\n\t\t\t\t<div class=\"elementor-column elementor-col-50 elementor-top-column elementor-element elementor-element-da5c605\" data-id=\"da5c605\" data-element_type=\"column\" data-settings=\"{&quot;background_background&quot;:&quot;classic&quot;}\">\n\t\t\t<div class=\"elementor-widget-wrap elementor-element-populated\">\n\t\t\t\t\t\t<div class=\"elementor-element elementor-element-68b24ba elementor-widget elementor-widget-heading\" data-id=\"68b24ba\" data-element_type=\"widget\" data-widget_type=\"heading.default\">\n\t\t\t\t<div class=\"elementor-widget-container\">\n\t\t\t\t\t<h2 class=\"elementor-heading-title elementor-size-default\">Verantwortungsbewusste Verteilung, Verbrauch und Entsorgung<\/h2>\t\t\t\t<\/div>\n\t\t\t\t<\/div>\n\t\t\t\t<div class=\"elementor-element elementor-element-5d50cdd elementor-widget elementor-widget-text-editor\" data-id=\"5d50cdd\" data-element_type=\"widget\" data-widget_type=\"text-editor.default\">\n\t\t\t\t<div class=\"elementor-widget-container\">\n\t\t\t\t\t\t\t\t\t<p>Wir beziehen unsere Kunden in unser Umweltengagement ein, indem wir Sensibilisierungskampagnen zu gr\u00fcnen Themen durchf\u00fchren und unsere sozialen Kan\u00e4le und unsere Website nutzen, um bew\u00e4hrte Verfahren f\u00fcr die Entsorgung und das Recycling zu f\u00f6rdern und klar zu zeigen, wie unsere Verpackungen wiederverwendet und ordnungsgem\u00e4\u00df entsorgt werden k\u00f6nnen.<\/p>\t\t\t\t\t\t\t\t<\/div>\n\t\t\t\t<\/div>\n\t\t\t\t\t<\/div>\n\t\t<\/div>\n\t\t\t\t\t<\/div>\n\t\t<\/section>\n\t\t\t\t<\/div>\n\t\t","protected":false},"excerpt":{"rendered":"<p>Nachhaltigkeit Unser Engagement f\u00fcr eine nachhaltige Zukunft. Nachhaltigkeit Unsere Unternehmensmission basiert auf umfassender Qualit\u00e4t, die Produkte von h\u00f6chster&hellip;<\/p>\n","protected":false},"author":1,"featured_media":0,"parent":0,"menu_order":0,"comment_status":"closed","ping_status":"closed","template":"elementor_header_footer","meta":{"footnotes":""},"class_list":["post-12724","page","type-page","status-publish","hentry"],"_links":{"self":[{"href":"https:\/\/www.skinsystem.it\/de\/wp-json\/wp\/v2\/pages\/12724","targetHints":{"allow":["GET"]}}],"collection":[{"href":"https:\/\/www.skinsystem.it\/de\/wp-json\/wp\/v2\/pages"}],"about":[{"href":"https:\/\/www.skinsystem.it\/de\/wp-json\/wp\/v2\/types\/page"}],"author":[{"embeddable":true,"href":"https:\/\/www.skinsystem.it\/de\/wp-json\/wp\/v2\/users\/1"}],"replies":[{"embeddable":true,"href":"https:\/\/www.skinsystem.it\/de\/wp-json\/wp\/v2\/comments?post=12724"}],"version-history":[{"count":1,"href":"https:\/\/www.skinsystem.it\/de\/wp-json\/wp\/v2\/pages\/12724\/revisions"}],"predecessor-version":[{"id":12727,"href":"https:\/\/www.skinsystem.it\/de\/wp-json\/wp\/v2\/pages\/12724\/revisions\/12727"}],"wp:attachment":[{"href":"https:\/\/www.skinsystem.it\/de\/wp-json\/wp\/v2\/media?parent=12724"}],"curies":[{"name":"wp","href":"https:\/\/api.w.org\/{rel}","templated":true}]}}