{"id":20500,"date":"2026-01-23T10:56:25","date_gmt":"2026-01-23T10:56:25","guid":{"rendered":"https:\/\/www.skinsystem.it\/saeuren-peelings\/"},"modified":"2026-02-12T10:51:39","modified_gmt":"2026-02-12T10:51:39","slug":"saeuren-peelings","status":"publish","type":"page","link":"https:\/\/www.skinsystem.it\/de\/saeuren-peelings\/","title":{"rendered":"S\u00e4uren Peelings"},"content":{"rendered":"\t\t<div data-elementor-type=\"wp-page\" data-elementor-id=\"20500\" class=\"elementor elementor-20500 elementor-20086\" data-elementor-post-type=\"page\">\n\t\t\t\t<div class=\"elementor-element elementor-element-2086bcf e-flex e-con-boxed e-con e-parent\" data-id=\"2086bcf\" data-element_type=\"container\">\n\t\t\t\t\t<div class=\"e-con-inner\">\n\t\t\t\t<div class=\"elementor-element elementor-element-3082ed4 elementor-widget elementor-widget-heading\" data-id=\"3082ed4\" data-element_type=\"widget\" data-widget_type=\"heading.default\">\n\t\t\t\t<div class=\"elementor-widget-container\">\n\t\t\t\t\t<h1 class=\"elementor-heading-title elementor-size-default\">AKTIVE S\u00c4UREN<\/h1>\t\t\t\t<\/div>\n\t\t\t\t<\/div>\n\t\t\t\t<div class=\"elementor-element elementor-element-ec1676a elementor-widget__width-inherit elementor-widget elementor-widget-image\" data-id=\"ec1676a\" data-element_type=\"widget\" data-widget_type=\"image.default\">\n\t\t\t\t<div class=\"elementor-widget-container\">\n\t\t\t\t\t\t\t\t\t\t\t\t\t\t\t<img fetchpriority=\"high\" decoding=\"async\" width=\"1160\" height=\"363\" src=\"https:\/\/www.skinsystem.it\/wp-content\/uploads\/2026\/02\/67ed5236be7ea0f777c1c581-1520x475.png\" class=\"attachment-large size-large wp-image-20486\" alt=\"\" srcset=\"https:\/\/www.skinsystem.it\/wp-content\/uploads\/2026\/02\/67ed5236be7ea0f777c1c581-1520x475.png 1520w, https:\/\/www.skinsystem.it\/wp-content\/uploads\/2026\/02\/67ed5236be7ea0f777c1c581-460x144.png 460w, https:\/\/www.skinsystem.it\/wp-content\/uploads\/2026\/02\/67ed5236be7ea0f777c1c581-760x238.png 760w, https:\/\/www.skinsystem.it\/wp-content\/uploads\/2026\/02\/67ed5236be7ea0f777c1c581-920x288.png 920w, https:\/\/www.skinsystem.it\/wp-content\/uploads\/2026\/02\/67ed5236be7ea0f777c1c581-464x145.png 464w, https:\/\/www.skinsystem.it\/wp-content\/uploads\/2026\/02\/67ed5236be7ea0f777c1c581-928x290.png 928w, https:\/\/www.skinsystem.it\/wp-content\/uploads\/2026\/02\/67ed5236be7ea0f777c1c581.png 1920w\" sizes=\"(max-width: 1160px) 100vw, 1160px\" \/>\t\t\t\t\t\t\t\t\t\t\t\t\t\t\t<\/div>\n\t\t\t\t<\/div>\n\t\t\t\t<div class=\"elementor-element elementor-element-d9be68b elementor-widget__width-initial elementor-widget elementor-widget-heading\" data-id=\"d9be68b\" data-element_type=\"widget\" data-widget_type=\"heading.default\">\n\t\t\t\t<div class=\"elementor-widget-container\">\n\t\t\t\t\t<h4 class=\"elementor-heading-title elementor-size-default\">Chemisches Peeling: Die L\u00f6sung f\u00fcr eine gesunde, glatte Haut und deren Langlebigkeit<\/h4>\t\t\t\t<\/div>\n\t\t\t\t<\/div>\n\t\t\t\t<div class=\"elementor-element elementor-element-e659b7f elementor-widget elementor-widget-heading\" data-id=\"e659b7f\" data-element_type=\"widget\" data-widget_type=\"heading.default\">\n\t\t\t\t<div class=\"elementor-widget-container\">\n\t\t\t\t\t<h6 class=\"elementor-heading-title elementor-size-default\">Die S\u00e4ure-Linie von SkinSystem steht f\u00fcr herausragende Innovation im Bereich der professionellen Behandlungen und bietet ein umfassendes, strukturiertes Protokoll auf S\u00e4urebasis, um effektiv und gezielt auf die unterschiedlichen Bed\u00fcrfnisse der Haut einzugehen. Von der ersten Reinigung bis zur abschlie\u00dfenden Wiederherstellung des Gleichgewichts wird jede Phase der Behandlung durch fortschrittliche Formulierungen auf S\u00e4urebasis unterst\u00fctzt, die die Haut vorbereiten und behandeln, um sichtbare und lang anhaltende Ergebnisse zu erzielen. \n\nDas Herzst\u00fcck dieser Produktlinie bildet eine gro\u00dfe Auswahl an hochkonzentrierten Seren, deren Formeln sorgf\u00e4ltig ausgew\u00e4hlte S\u00e4uren enthalten, um spezifische Hautprobleme wirksam zu bek\u00e4mpfen. Dank der M\u00f6glichkeit, verschiedene Peelings miteinander zu kombinieren, lassen sich die Behandlungen individuell auf die jeweiligen Bed\u00fcrfnisse abstimmen und ihre Wirksamkeit bei Zeichen der Hautalterung, Verlust von Spannkraft und Ausstrahlung, Hautflecken, Unreinheiten und Hautunebenheiten verst\u00e4rken. \n\nDer modulare und hochinnovative Ansatz dieser Produktreihe erm\u00f6glicht die Erstellung ma\u00dfgeschneiderter Karrierewege, garantiert maximale Effizienz und bietet Beauty-Profis fortschrittliche Instrumente, um immer leistungsf\u00e4higere und sicherere Ergebnisse zu erzielen.<\/h6>\t\t\t\t<\/div>\n\t\t\t\t<\/div>\n\t\t\t\t\t<\/div>\n\t\t\t\t<\/div>\n\t\t<div class=\"elementor-element elementor-element-7bd1bf4 e-flex e-con-boxed e-con e-parent\" data-id=\"7bd1bf4\" data-element_type=\"container\">\n\t\t\t\t\t<div class=\"e-con-inner\">\n\t\t<div class=\"elementor-element elementor-element-3b7dc72 e-con-full e-flex e-con e-child\" data-id=\"3b7dc72\" data-element_type=\"container\">\n\t\t\t\t<div class=\"elementor-element elementor-element-078d423 elementor-widget elementor-widget-image\" data-id=\"078d423\" data-element_type=\"widget\" data-widget_type=\"image.default\">\n\t\t\t\t<div class=\"elementor-widget-container\">\n\t\t\t\t\t\t\t\t\t\t\t\t\t\t\t<img decoding=\"async\" width=\"1160\" height=\"773\" src=\"https:\/\/www.skinsystem.it\/wp-content\/uploads\/2026\/02\/67daa9b25fb8e06a78f77929-1520x1013.jpg\" class=\"attachment-large size-large wp-image-20487\" alt=\"\" srcset=\"https:\/\/www.skinsystem.it\/wp-content\/uploads\/2026\/02\/67daa9b25fb8e06a78f77929-1520x1013.jpg 1520w, https:\/\/www.skinsystem.it\/wp-content\/uploads\/2026\/02\/67daa9b25fb8e06a78f77929-460x307.jpg 460w, https:\/\/www.skinsystem.it\/wp-content\/uploads\/2026\/02\/67daa9b25fb8e06a78f77929-760x507.jpg 760w, https:\/\/www.skinsystem.it\/wp-content\/uploads\/2026\/02\/67daa9b25fb8e06a78f77929-920x613.jpg 920w, https:\/\/www.skinsystem.it\/wp-content\/uploads\/2026\/02\/67daa9b25fb8e06a78f77929-217x145.jpg 217w, https:\/\/www.skinsystem.it\/wp-content\/uploads\/2026\/02\/67daa9b25fb8e06a78f77929-435x290.jpg 435w\" sizes=\"(max-width: 1160px) 100vw, 1160px\" \/>\t\t\t\t\t\t\t\t\t\t\t\t\t\t\t<\/div>\n\t\t\t\t<\/div>\n\t\t\t\t<\/div>\n\t\t<div class=\"elementor-element elementor-element-dee8a1c e-con-full e-flex e-con e-child\" data-id=\"dee8a1c\" data-element_type=\"container\">\n\t\t\t\t<div class=\"elementor-element elementor-element-3b0682b elementor-widget elementor-widget-heading\" data-id=\"3b0682b\" data-element_type=\"widget\" data-widget_type=\"heading.default\">\n\t\t\t\t<div class=\"elementor-widget-container\">\n\t\t\t\t\t<h4 class=\"elementor-heading-title elementor-size-default\">Wie funktionieren Peeling-S\u00e4uren?<\/h4>\t\t\t\t<\/div>\n\t\t\t\t<\/div>\n\t\t\t\t<div class=\"elementor-element elementor-element-0c50ff5 elementor-widget elementor-widget-heading\" data-id=\"0c50ff5\" data-element_type=\"widget\" data-widget_type=\"heading.default\">\n\t\t\t\t<div class=\"elementor-widget-container\">\n\t\t\t\t\t<h6 class=\"elementor-heading-title elementor-size-default\">Das chemische Peeling ist eine Technik, bei der ein chemisches Peelingmittel auf die Haut aufgetragen wird. An der Oberfl\u00e4che entfernt das Peeling die Hornschicht der Haut und beseitigt die Keratinverstopfung der Komedonen, wodurch die Haut strahlender und gleichm\u00e4\u00dfiger aussieht und por\u00f6ser wird. In der Dermis wirkt es in den tieferen Schichten, l\u00f6st einen Reparatur- und Zellregenerationsprozess aus und regt die Fibroblasten zur Produktion von neuem Kollagen und Glykoproteinen an. \nMan kann also von einer fortschrittlichen dermo-\u00e4sthetischen Technik zur Behandlung von Hautunreinheiten wie Feuchtigkeitsverlust, Elastizit\u00e4ts- und Glanzverlust, Flecken, Narben, Akne und Falten sprechen, die von erfahrenem und geschultem Personal durchgef\u00fchrt werden muss.  <\/h6>\t\t\t\t<\/div>\n\t\t\t\t<\/div>\n\t\t\t\t<\/div>\n\t\t\t\t\t<\/div>\n\t\t\t\t<\/div>\n\t\t<div class=\"elementor-element elementor-element-d3b661a e-grid e-con-boxed e-con e-parent\" data-id=\"d3b661a\" data-element_type=\"container\">\n\t\t\t\t\t<div class=\"e-con-inner\">\n\t\t\t\t<div class=\"elementor-element elementor-element-ad27404 elementor-widget elementor-widget-heading\" data-id=\"ad27404\" data-element_type=\"widget\" data-widget_type=\"heading.default\">\n\t\t\t\t<div class=\"elementor-widget-container\">\n\t\t\t\t\t<h4 class=\"elementor-heading-title elementor-size-default\">Die aktiven S\u00e4uren von SkinSystem<\/h4>\t\t\t\t<\/div>\n\t\t\t\t<\/div>\n\t\t\t\t<div class=\"elementor-element elementor-element-8c5a536 elementor-widget elementor-widget-text-editor\" data-id=\"8c5a536\" data-element_type=\"widget\" data-widget_type=\"text-editor.default\">\n\t\t\t\t<div class=\"elementor-widget-container\">\n\t\t\t\t\t\t\t\t\t<p>Nach einer sorgf\u00e4ltigen Analyse der verschiedenen Arten von S\u00e4uren im kosmetischen Bereich haben die SkinSystem-Labors eine innovative Produktlinie f\u00fcr das Peeling des Gesichts und die Behandlung spezifischer Hautprobleme entwickelt, einschlie\u00dflich der durch diese Probleme verursachten sekund\u00e4ren Hautunreinheiten.<\/p><p>Jede Formulierung wurde so entwickelt, dass sie die spezifischen Eigenschaften jeder Peelings\u00e4ure optimal zur Geltung bringt und sichtbare, wirksame Ergebnisse garantiert. Um die Wirksamkeit der Produkte zu maximieren, wurde eine exklusive Technik der sequenziellen Anwendung entwickelt, die die Wirkung jeder einzelnen S\u00e4ure verst\u00e4rkt und harmonisiert und dabei die Synergien zwischen den verschiedenen Molek\u00fclen voll ausnutzt. <\/p><p>Die Produktlinie Acidi Attivi von SkinSystem wurde entwickelt, um alle Hautunreinheiten zu behandeln. Dazu wurden drei spezifische und gezielte Makroprotokolle f\u00fcr das Gesicht erstellt:<\/p><ul><li>Bek\u00e4mpfung aller Zeichen der chronologischen und lichtbedingten Hautalterung \u2013 <strong>ANTI-AGING-BEHANDLUNG<\/strong><\/li><li>Jede Form von Hautflecken reduzieren und vorbeugen \u2013 <strong>BEHANDLUNG GEGEN HAUTFLECKEN<\/strong><\/li><li>Bek\u00e4mpfung und Vorbeugung von Akne und anderen Hautunreinheiten \u2013 <strong>ANTI-AKNE-BEHANDLUNG<\/strong><\/li><\/ul><p>Jede Behandlung gliedert sich in drei Phasen:<\/p><ol><li><strong>Vorbereitungsphase der Haut<\/strong><\/li><li><strong>Aktive Behandlungsphase<\/strong><\/li><li><strong>Beruhigende, ausgleichende Phase<\/strong><\/li><\/ol>\t\t\t\t\t\t\t\t<\/div>\n\t\t\t\t<\/div>\n\t\t\t\t<div class=\"elementor-element elementor-element-4496ab7 elementor-widget elementor-widget-heading\" data-id=\"4496ab7\" data-element_type=\"widget\" data-widget_type=\"heading.default\">\n\t\t\t\t<div class=\"elementor-widget-container\">\n\t\t\t\t\t<h4 class=\"elementor-heading-title elementor-size-default\">1) Vorbereitungsphase der Haut<\/h4>\t\t\t\t<\/div>\n\t\t\t\t<\/div>\n\t\t\t\t\t<\/div>\n\t\t\t\t<\/div>\n\t\t<div class=\"elementor-element elementor-element-44911d8 e-grid e-con-boxed e-con e-parent\" data-id=\"44911d8\" data-element_type=\"container\" data-settings=\"{&quot;background_background&quot;:&quot;classic&quot;}\">\n\t\t\t\t\t<div class=\"e-con-inner\">\n\t\t\t\t<div class=\"elementor-element elementor-element-b1d7a13 elementor-widget elementor-widget-image\" data-id=\"b1d7a13\" data-element_type=\"widget\" data-widget_type=\"image.default\">\n\t\t\t\t<div class=\"elementor-widget-container\">\n\t\t\t\t\t\t\t\t\t\t\t\t\t\t\t<img decoding=\"async\" width=\"1080\" height=\"1350\" src=\"https:\/\/www.skinsystem.it\/wp-content\/uploads\/2026\/02\/1.png\" class=\"attachment-large size-large wp-image-20488\" alt=\"\" srcset=\"https:\/\/www.skinsystem.it\/wp-content\/uploads\/2026\/02\/1.png 1080w, https:\/\/www.skinsystem.it\/wp-content\/uploads\/2026\/02\/1-460x575.png 460w, https:\/\/www.skinsystem.it\/wp-content\/uploads\/2026\/02\/1-760x950.png 760w, https:\/\/www.skinsystem.it\/wp-content\/uploads\/2026\/02\/1-920x1150.png 920w, https:\/\/www.skinsystem.it\/wp-content\/uploads\/2026\/02\/1-116x145.png 116w, https:\/\/www.skinsystem.it\/wp-content\/uploads\/2026\/02\/1-232x290.png 232w\" sizes=\"(max-width: 1080px) 100vw, 1080px\" \/>\t\t\t\t\t\t\t\t\t\t\t\t\t\t\t<\/div>\n\t\t\t\t<\/div>\n\t\t\t\t<div class=\"elementor-element elementor-element-08a7cfa elementor-widget elementor-widget-heading\" data-id=\"08a7cfa\" data-element_type=\"widget\" data-widget_type=\"heading.default\">\n\t\t\t\t<div class=\"elementor-widget-container\">\n\t\t\t\t\t<h6 class=\"elementor-heading-title elementor-size-default\">1) Vorbereitungsphase der Haut\nIn dieser Phase werden nacheinander drei Produkte aufgetragen, um Unreinheiten, Make-up-Reste, Schadstoffe\/Okklusiva zu entfernen und den richtigen pH-Wert herzustellen, um die Haut auf die Behandlung mit S\u00e4uren vorzubereiten. \n\n1.1 \u2013 Purifying Creamy Milk: Entfernt alle Unreinheiten und bereitet die Haut auf Phase 1.2 vor. \n1.2 \u2013 Pre Peel Exfoliating Gommage: Vervollst\u00e4ndigt die Reinigung und Kl\u00e4rung der Haut und bereitet sie auf die S\u00e4urebehandlung vor. \n1.3 \u2013 Pre Peel pH Prep Lotion: Senkt den pH-Wert der Haut, um die Wirkung der S\u00e4uren zu verst\u00e4rken.<\/h6>\t\t\t\t<\/div>\n\t\t\t\t<\/div>\n\t\t\t\t\t<\/div>\n\t\t\t\t<\/div>\n\t\t<div class=\"elementor-element elementor-element-2445db1 e-grid e-con-boxed e-con e-parent\" data-id=\"2445db1\" data-element_type=\"container\">\n\t\t\t\t\t<div class=\"e-con-inner\">\n\t\t\t\t<div class=\"elementor-element elementor-element-508de80 elementor-widget elementor-widget-heading\" data-id=\"508de80\" data-element_type=\"widget\" data-widget_type=\"heading.default\">\n\t\t\t\t<div class=\"elementor-widget-container\">\n\t\t\t\t\t<h4 class=\"elementor-heading-title elementor-size-default\">2) Aktive Behandlungsphase<\/h4>\t\t\t\t<\/div>\n\t\t\t\t<\/div>\n\t\t\t\t\t<\/div>\n\t\t\t\t<\/div>\n\t\t<div class=\"elementor-element elementor-element-35a34fd e-grid e-con-boxed e-con e-parent\" data-id=\"35a34fd\" data-element_type=\"container\">\n\t\t\t\t\t<div class=\"e-con-inner\">\n\t\t\t\t<div class=\"elementor-element elementor-element-8248916 elementor-widget elementor-widget-image\" data-id=\"8248916\" data-element_type=\"widget\" data-widget_type=\"image.default\">\n\t\t\t\t<div class=\"elementor-widget-container\">\n\t\t\t\t\t\t\t\t\t\t\t\t\t\t\t<img loading=\"lazy\" decoding=\"async\" width=\"1080\" height=\"1350\" src=\"https:\/\/www.skinsystem.it\/wp-content\/uploads\/2026\/02\/2.png\" class=\"attachment-large size-large wp-image-20489\" alt=\"\" srcset=\"https:\/\/www.skinsystem.it\/wp-content\/uploads\/2026\/02\/2.png 1080w, https:\/\/www.skinsystem.it\/wp-content\/uploads\/2026\/02\/2-460x575.png 460w, https:\/\/www.skinsystem.it\/wp-content\/uploads\/2026\/02\/2-760x950.png 760w, https:\/\/www.skinsystem.it\/wp-content\/uploads\/2026\/02\/2-920x1150.png 920w, https:\/\/www.skinsystem.it\/wp-content\/uploads\/2026\/02\/2-116x145.png 116w, https:\/\/www.skinsystem.it\/wp-content\/uploads\/2026\/02\/2-232x290.png 232w\" sizes=\"(max-width: 1080px) 100vw, 1080px\" \/>\t\t\t\t\t\t\t\t\t\t\t\t\t\t\t<\/div>\n\t\t\t\t<\/div>\n\t\t\t\t<div class=\"elementor-element elementor-element-dc4cfa8 elementor-widget elementor-widget-text-editor\" data-id=\"dc4cfa8\" data-element_type=\"widget\" data-widget_type=\"text-editor.default\">\n\t\t\t\t<div class=\"elementor-widget-container\">\n\t\t\t\t\t\t\t\t\t<p>Diese Phase sieht die sequenzielle Anwendung einer Mutters\u00e4ure und mehrerer S\u00e4uren Verst\u00e4rker geschichtet in Basis auf die spezifische Behandlung vor: Anti-Aging, Anti-Flecken, Anti-Akne.<\/p><p>Mutterens\u00e4uren:<\/p><p><strong>Glycolic Peel 40%<\/strong><\/p><p><strong>Mandelic Peel 30%<\/strong><\/p><p><strong>Glycyrrhetinic Peel 10%<\/strong><\/p><p>Verst\u00e4rkende S\u00e4uren:<\/p><p><strong>Lactobionic Peel 4%<\/strong><\/p><p><strong>Tartaric Peel 6%<\/strong><\/p><p><strong>Tranexamic Peel 2%<\/strong><\/p><p><strong>Shikimic Peel 3,5%<\/strong><\/p><p><strong>Lactic Peel 2,5%<\/strong><\/p><p>Auf diese Weise kann die Behandlung je nach Art und Schweregrad der Hautunreinheit sowie der Vertr\u00e4glichkeit der Haut individuell angepasst werden. <\/p>\t\t\t\t\t\t\t\t<\/div>\n\t\t\t\t<\/div>\n\t\t\t\t\t<\/div>\n\t\t\t\t<\/div>\n\t\t<div class=\"elementor-element elementor-element-3104399 e-grid e-con-boxed e-con e-parent\" data-id=\"3104399\" data-element_type=\"container\">\n\t\t\t\t\t<div class=\"e-con-inner\">\n\t\t\t\t<div class=\"elementor-element elementor-element-32f850f elementor-widget elementor-widget-heading\" data-id=\"32f850f\" data-element_type=\"widget\" data-widget_type=\"heading.default\">\n\t\t\t\t<div class=\"elementor-widget-container\">\n\t\t\t\t\t<h4 class=\"elementor-heading-title elementor-size-default\">3) Beruhigende, ausgleichende Phase<\/h4>\t\t\t\t<\/div>\n\t\t\t\t<\/div>\n\t\t\t\t\t<\/div>\n\t\t\t\t<\/div>\n\t\t<div class=\"elementor-element elementor-element-830e754 e-grid e-con-boxed e-con e-parent\" data-id=\"830e754\" data-element_type=\"container\">\n\t\t\t\t\t<div class=\"e-con-inner\">\n\t\t\t\t<div class=\"elementor-element elementor-element-4f4980a elementor-widget elementor-widget-image\" data-id=\"4f4980a\" data-element_type=\"widget\" data-widget_type=\"image.default\">\n\t\t\t\t<div class=\"elementor-widget-container\">\n\t\t\t\t\t\t\t\t\t\t\t\t\t\t\t<img loading=\"lazy\" decoding=\"async\" width=\"1080\" height=\"1350\" src=\"https:\/\/www.skinsystem.it\/wp-content\/uploads\/2026\/02\/3.png\" class=\"attachment-large size-large wp-image-20490\" alt=\"\" srcset=\"https:\/\/www.skinsystem.it\/wp-content\/uploads\/2026\/02\/3.png 1080w, https:\/\/www.skinsystem.it\/wp-content\/uploads\/2026\/02\/3-460x575.png 460w, https:\/\/www.skinsystem.it\/wp-content\/uploads\/2026\/02\/3-760x950.png 760w, https:\/\/www.skinsystem.it\/wp-content\/uploads\/2026\/02\/3-920x1150.png 920w, https:\/\/www.skinsystem.it\/wp-content\/uploads\/2026\/02\/3-116x145.png 116w, https:\/\/www.skinsystem.it\/wp-content\/uploads\/2026\/02\/3-232x290.png 232w\" sizes=\"(max-width: 1080px) 100vw, 1080px\" \/>\t\t\t\t\t\t\t\t\t\t\t\t\t\t\t<\/div>\n\t\t\t\t<\/div>\n\t\t\t\t<div class=\"elementor-element elementor-element-d39cc6b elementor-widget elementor-widget-text-editor\" data-id=\"d39cc6b\" data-element_type=\"widget\" data-widget_type=\"text-editor.default\">\n\t\t\t\t<div class=\"elementor-widget-container\">\n\t\t\t\t\t\t\t\t\t<p>In dieser Phase werden nacheinander drei Produkte aufgetragen, um die Haut nach der Behandlung mit aktiven S\u00e4uren zu beruhigen und wieder ins Gleichgewicht zu bringen.<\/p><p>Im Einzelnen:<\/p><p><strong>3.1 \u2013 Post Peel Neutralizing Lotion<\/strong>: Neutralisiert die Wirkung der aktiven S\u00e4uren und stellt den richtigen pH-Wert der Haut wieder her.<\/p><p><strong>3.2 \u2013 Rebalancing Soothing Mask<\/strong>: Lindert R\u00f6tungen und gleicht die Haut aus, indem es den normalen Hydrolipidfilm wiederherstellt.<\/p><p><strong>3.3 Sublime UV Shield 50+<\/strong>: Sch\u00fctzt die Haut dank UVA- und UVB-Filtern und dem Breitband-Lichtschutzfaktor SPF50+ PA++++ und versorgt sie mit den richtigen N\u00e4hrstoffen, damit sie gesund und strahlend aussieht.<\/p>\t\t\t\t\t\t\t\t<\/div>\n\t\t\t\t<\/div>\n\t\t\t\t\t<\/div>\n\t\t\t\t<\/div>\n\t\t<div class=\"elementor-element elementor-element-273a685 e-grid e-con-boxed e-con e-parent\" data-id=\"273a685\" data-element_type=\"container\">\n\t\t\t\t\t<div class=\"e-con-inner\">\n\t\t\t\t<div class=\"elementor-element elementor-element-f3ccc74 elementor-widget elementor-widget-video\" data-id=\"f3ccc74\" data-element_type=\"widget\" data-settings=\"{&quot;youtube_url&quot;:&quot;https:\\\/\\\/www.youtube.com\\\/watch?v=AIg15cFRWJw&quot;,&quot;video_type&quot;:&quot;youtube&quot;,&quot;controls&quot;:&quot;yes&quot;}\" data-widget_type=\"video.default\">\n\t\t\t\t<div class=\"elementor-widget-container\">\n\t\t\t\t\t\t\t<div class=\"elementor-wrapper elementor-open-inline\">\n\t\t\t<div class=\"elementor-video\"><\/div>\t\t<\/div>\n\t\t\t\t\t\t<\/div>\n\t\t\t\t<\/div>\n\t\t\t\t<div class=\"elementor-element elementor-element-b6457bf elementor-widget elementor-widget-video\" data-id=\"b6457bf\" data-element_type=\"widget\" data-settings=\"{&quot;youtube_url&quot;:&quot;https:\\\/\\\/www.youtube.com\\\/watch?v=nreZeG7qC7Y&quot;,&quot;video_type&quot;:&quot;youtube&quot;,&quot;controls&quot;:&quot;yes&quot;}\" data-widget_type=\"video.default\">\n\t\t\t\t<div class=\"elementor-widget-container\">\n\t\t\t\t\t\t\t<div class=\"elementor-wrapper elementor-open-inline\">\n\t\t\t<div class=\"elementor-video\"><\/div>\t\t<\/div>\n\t\t\t\t\t\t<\/div>\n\t\t\t\t<\/div>\n\t\t\t\t<div class=\"elementor-element elementor-element-1c24163 elementor-widget elementor-widget-video\" data-id=\"1c24163\" data-element_type=\"widget\" data-settings=\"{&quot;youtube_url&quot;:&quot;https:\\\/\\\/www.youtube.com\\\/watch?v=HYzDy-6Z1eA&quot;,&quot;video_type&quot;:&quot;youtube&quot;,&quot;controls&quot;:&quot;yes&quot;}\" data-widget_type=\"video.default\">\n\t\t\t\t<div class=\"elementor-widget-container\">\n\t\t\t\t\t\t\t<div class=\"elementor-wrapper elementor-open-inline\">\n\t\t\t<div class=\"elementor-video\"><\/div>\t\t<\/div>\n\t\t\t\t\t\t<\/div>\n\t\t\t\t<\/div>\n\t\t\t\t\t<\/div>\n\t\t\t\t<\/div>\n\t\t<div class=\"elementor-element elementor-element-cc00d1c e-grid e-con-boxed e-con e-parent\" data-id=\"cc00d1c\" data-element_type=\"container\">\n\t\t\t\t\t<div class=\"e-con-inner\">\n\t\t\t\t\t<\/div>\n\t\t\t\t<\/div>\n\t\t\t\t<\/div>\n\t\t","protected":false},"excerpt":{"rendered":"<p>AKTIVE S\u00c4UREN Chemisches Peeling: Die L\u00f6sung f\u00fcr eine gesunde, glatte Haut und deren Langlebigkeit Die S\u00e4ure-Linie von SkinSystem&hellip;<\/p>\n","protected":false},"author":1,"featured_media":0,"parent":0,"menu_order":0,"comment_status":"closed","ping_status":"closed","template":"","meta":{"footnotes":""},"class_list":["post-20500","page","type-page","status-publish","hentry"],"_links":{"self":[{"href":"https:\/\/www.skinsystem.it\/de\/wp-json\/wp\/v2\/pages\/20500","targetHints":{"allow":["GET"]}}],"collection":[{"href":"https:\/\/www.skinsystem.it\/de\/wp-json\/wp\/v2\/pages"}],"about":[{"href":"https:\/\/www.skinsystem.it\/de\/wp-json\/wp\/v2\/types\/page"}],"author":[{"embeddable":true,"href":"https:\/\/www.skinsystem.it\/de\/wp-json\/wp\/v2\/users\/1"}],"replies":[{"embeddable":true,"href":"https:\/\/www.skinsystem.it\/de\/wp-json\/wp\/v2\/comments?post=20500"}],"version-history":[{"count":1,"href":"https:\/\/www.skinsystem.it\/de\/wp-json\/wp\/v2\/pages\/20500\/revisions"}],"predecessor-version":[{"id":20501,"href":"https:\/\/www.skinsystem.it\/de\/wp-json\/wp\/v2\/pages\/20500\/revisions\/20501"}],"wp:attachment":[{"href":"https:\/\/www.skinsystem.it\/de\/wp-json\/wp\/v2\/media?parent=20500"}],"curies":[{"name":"wp","href":"https:\/\/api.w.org\/{rel}","templated":true}]}}