{"id":12343,"date":"2025-08-29T08:58:44","date_gmt":"2025-08-29T08:58:44","guid":{"rendered":"https:\/\/skincompany.duckynetwork.tech\/cookie-policy\/"},"modified":"2025-12-23T09:54:21","modified_gmt":"2025-12-23T09:54:21","slug":"cookie-policy","status":"publish","type":"page","link":"https:\/\/www.skinsystem.it\/es\/cookie-policy\/","title":{"rendered":"Cookie Policy"},"content":{"rendered":"\t\t<div data-elementor-type=\"wp-page\" data-elementor-id=\"12343\" class=\"elementor elementor-12343 elementor-10856\" data-elementor-post-type=\"page\">\n\t\t\t\t\t\t<section class=\"elementor-section elementor-top-section elementor-element elementor-element-2005d0eb elementor-section-full_width elementor-section-stretched elementor-section-height-default elementor-section-height-default\" data-id=\"2005d0eb\" data-element_type=\"section\" data-settings=\"{&quot;stretch_section&quot;:&quot;section-stretched&quot;}\">\n\t\t\t\t\t\t<div class=\"elementor-container elementor-column-gap-wide\">\n\t\t\t\t\t<div class=\"elementor-column elementor-col-100 elementor-top-column elementor-element elementor-element-ff398de\" data-id=\"ff398de\" data-element_type=\"column\">\n\t\t\t<div class=\"elementor-widget-wrap elementor-element-populated\">\n\t\t\t\t\t\t<div class=\"elementor-element elementor-element-5d850c97 elementor-widget elementor-widget-text-editor\" data-id=\"5d850c97\" data-element_type=\"widget\" data-widget_type=\"text-editor.default\">\n\t\t\t\t<div class=\"elementor-widget-container\">\n\t\t\t\t\t\t\t\t\t<div class=\"ocm-effect-wrap\"><div class=\"ocm-effect-wrap-inner\"><div id=\"ajax-content-wrap\"><div class=\"container-wrap\"><div class=\"container main-content\" role=\"main\"><div class=\"row\"><h1 class=\"vc_custom_heading\">Cookie Policy<\/h1><div class=\"wpb_text_column wpb_content_element \"><div class=\"wpb_wrapper\"> <\/div><\/div><h1 class=\"heading\">EU Cookie Policy<\/h1><div class=\"page-content\"><h2 class=\"ql-align-justify\"><strong>Informaci\u00f3n detallada sobre el uso de cookies. En vigor desde el 01\/12\/2024. <\/strong><\/h2><p><strong>PREMISA<\/strong><\/p><p>La presente cookie policy \u00e8 resa per il sito https:\/\/www.skinsystem.company\/ (<strong>Sito<\/strong>). Il documento \u00e8 stato redatto tenendo conto di quanto indicato dal Regolamento europeo 679\/2016 in materia di protezione dei dati personali (<strong>GDPR<\/strong>), dal Codice della Privacy (D. Lgs. 30 giugno 2003 n. 196) e delle Linee Guida del Garante Privacy (soprattutto le Linee Guida sull\u2019uso dei cookie emesse il 10 luglio 2021). <\/p><p class=\"ql-align-justify\"><strong>Responsable del tratamiento<\/strong>: SKIN SYSTEM SRL<\/p><p class=\"ql-align-justify\"><strong>INFORMACI\u00d3N GENERAL<\/strong><\/p><h4 class=\"ql-align-justify\"><strong>\u00bfQu\u00e9 son las cookies y para qu\u00e9 sirven?<\/strong><\/h4><p class=\"ql-align-justify\">Una cookie es un archivo de texto que un sitio web visitado por el usuario env\u00eda a su terminal (ordenador, dispositivo m\u00f3vil como smartphone o tablet), donde se almacena para luego ser retransmitido a dicho sitio en una visita posterior al mismo.<\/p><p class=\"ql-align-justify\">Las cookies se clasifican en:<\/p><ul><li class=\"ql-align-justify\">en funci\u00f3n del sujeto que las instala, dependiendo de si se trata del mismo gestor del sitio visitado (las denominadas \u00abcookies de primera parte\u00bb) o de un sujeto diferente (las denominadas \u00abcookies de tercera parte\u00bb);<\/li><li class=\"ql-align-justify\">Seg\u00fan la finalidad de cada cookie: algunas cookies permiten una mejor navegaci\u00f3n, memorizando algunas elecciones del usuario, por ejemplo, el idioma (las denominadas \u00abcookies t\u00e9cnicas\u00bb), otras cookies permiten supervisar la navegaci\u00f3n del usuario tambi\u00e9n con el fin de enviar publicidad y\/u ofrecer servicios en l\u00ednea con sus preferencias (las denominadas \u00abcookies de perfil\u00bb).<\/li><\/ul><p class=\"ql-align-justify\">Solo las cookies de perfilado requieren el consentimiento previo del usuario para su uso.<\/p><p class=\"ql-align-justify\">El Titular del Tratamiento es responsable exclusivamente de las cookies propias instaladas por \u00e9l mismo en el Sitio.<\/p><p class=\"ql-align-justify\">En la secci\u00f3n \u00ab<strong>Cookies t\u00e9cnicas propias<\/strong>\u00bb puede consultar los tipos de cookies t\u00e9cnicas propias emitidas por el Sitio.<\/p><p class=\"ql-align-justify\">La gesti\u00f3n de las cookies de perfil se describe en la secci\u00f3n \u00ab<strong>Cookies de perfil de terceros<\/strong>\u00bb.<\/p><p>De todos modos, tambi\u00e9n puede habilitar\/deshabilitar las cookies a trav\u00e9s de las opciones de su navegador:<\/p><p><strong>Internet Explorer<\/strong><\/p><p>Acceda al men\u00fa <strong>Herramientas<\/strong>, luego a <strong>Opciones<\/strong> <strong>Internet<\/strong>.<\/p><p>Haga clic en <strong>Privacidad<\/strong> y, a continuaci\u00f3n, en <strong>Avanzadas<\/strong>.<\/p><p>En la ventana <strong>Cookies<\/strong>, seleccione sus preferencias.<\/p><p><strong>Microsoft Edge<\/strong><\/p><p>Haga clic en los tres puntos situados en la esquina superior derecha del navegador (Men\u00fa).<\/p><p>Seleccione <strong>Configuraci\u00f3n<\/strong>.<\/p><p>En la barra lateral izquierda, haga clic en <strong>Cookies y permisos del sitio<\/strong>.<\/p><p><strong>Google Chrome<\/strong><\/p><p>Haga clic en el <strong>men\u00fa de Chrome<\/strong>, correspondiente al bot\u00f3n situado en la parte superior derecha.<\/p><p>Seleccione <strong>Configuraci\u00f3n<\/strong> y, a continuaci\u00f3n, haga clic en <strong>Avanzadas<\/strong>.<\/p><p>En la secci\u00f3n <strong>Privacidad y seguridad<\/strong>, haga clic en el bot\u00f3n <strong>Configuraci\u00f3n de contenido<\/strong>.<\/p><p>Seleccione las opciones que prefiera en la secci\u00f3n <strong>Cookies<\/strong>.<\/p><p><strong>Firefox<\/strong><\/p><p>Haga clic en <strong>Herramientas<\/strong> y, a continuaci\u00f3n, en el men\u00fa <strong>Opciones<\/strong>.<\/p><p>Haga clic en la configuraci\u00f3n <strong>Privacidad y seguridad<\/strong>.<\/p><p>Seleccione <strong>Usar configuraci\u00f3n personalizada para el historial<\/strong>.<\/p><p>Seleccione las opciones que prefiera en la secci\u00f3n <strong>Aceptar cookies y datos de sitios web<\/strong>.<\/p><p><strong>Viaje<\/strong><\/p><p>Haga clic en <strong>Safari<\/strong> y, a continuaci\u00f3n, en <strong>Preferencias<\/strong>.<\/p><p>Haga clic en la secci\u00f3n <strong>Privacidad y seguridad<\/strong>.<\/p><p class=\"ql-align-justify\">Vaya a <strong>Bloquear cookies<\/strong> y seleccione las opciones que prefiera.<\/p><p class=\"ql-align-justify\"><strong>Cookies t\u00e9cnicas propias<\/strong><\/p><p class=\"ql-align-justify\">Estas cookies son necesarias para el funcionamiento del sitio web y no pueden desactivarse. Por lo general, se definen como una respuesta a las acciones realizadas que constituyen una solicitud de servicios, como la configuraci\u00f3n de las preferencias de cookies, el acceso o la cumplimentaci\u00f3n de formularios, las preferencias de navegaci\u00f3n. <\/p><p class=\"ql-align-justify\"> <\/p><ul><li>El Sitio web emite cookies de navegaci\u00f3n o de sesi\u00f3n que garantizan la navegaci\u00f3n y el uso normales del Sitio web.<\/li><li>Tambi\u00e9n se utilizan cookies t\u00e9cnicas que le permiten navegar por el Sitio web manteniendo las opciones seleccionadas.<\/li><\/ul><p> <\/p><p class=\"ql-align-justify\"><strong>Cookies de perfil de terceros<\/strong><\/p><p class=\"ql-align-justify\">El sitio web no utiliza cookies de perfilado, publicidad o estad\u00edsticas.<\/p><p class=\"ql-align-justify\"><strong>Sus derechos<\/strong><\/p><p class=\"ql-align-justify\">De conformidad con el art\u00edculo 13 del RGPD, el responsable del tratamiento le informa de que usted tiene derecho a: <\/p><ul><li class=\"ql-align-justify\">solicitar al Responsable del tratamiento el acceso a sus datos personales y la rectificaci\u00f3n o supresi\u00f3n de los mismos, o la limitaci\u00f3n del tratamiento que le concierne, u oponerse a su tratamiento, adem\u00e1s del derecho a la portabilidad de los datos.<\/li><li class=\"ql-align-justify\">revocar el consentimiento en cualquier momento sin que ello afecte a la licitud del tratamiento basado en el consentimiento prestado antes de la revocaci\u00f3n.<\/li><li class=\"ql-align-justify\">presentar una reclamaci\u00f3n ante una autoridad de control (por ejemplo, la Autoridad de Protecci\u00f3n de Datos).<\/li><\/ul><p class=\"ql-align-justify\">Los derechos mencionados anteriormente podr\u00e1n ejercerse mediante una solicitud informal dirigida a los contactos indicados en la Introducci\u00f3n.<\/p><p class=\"ql-align-justify\"><strong>Comunicaci\u00f3n de datos<\/strong><\/p><p class=\"ql-align-justify\"> <\/p><ul><li>El responsable del tratamiento no comunica a terceros la informaci\u00f3n derivada del uso de cookies.<\/li><\/ul><p> <\/p><p class=\"ql-align-justify\"><strong>Conservaci\u00f3n de la informaci\u00f3n<\/strong><\/p><p class=\"ql-align-justify\"> <\/p><ul><li>Si el Sitio utiliza cookies de perfilado, los datos de comportamiento del usuario se conservan hasta que este revoque su consentimiento.<\/li><\/ul><\/div><\/div><\/div><\/div><\/div><\/div><\/div><div id=\"root-scribe-elem\"><div tabindex=\"-1\" role=\"region\" aria-label=\"Notifications (F8)\"> <\/div><\/div>\t\t\t\t\t\t\t\t<\/div>\n\t\t\t\t<\/div>\n\t\t\t\t\t<\/div>\n\t\t<\/div>\n\t\t\t\t\t<\/div>\n\t\t<\/section>\n\t\t\t\t<\/div>\n\t\t","protected":false},"excerpt":{"rendered":"<p>Cookie Policy EU Cookie Policy Informaci\u00f3n detallada sobre el uso de cookies. En vigor desde el 01\/12\/2024. PREMISA&hellip;<\/p>\n","protected":false},"author":1,"featured_media":0,"parent":0,"menu_order":0,"comment_status":"closed","ping_status":"closed","template":"elementor_header_footer","meta":{"footnotes":""},"class_list":["post-12343","page","type-page","status-publish","hentry"],"_links":{"self":[{"href":"https:\/\/www.skinsystem.it\/es\/wp-json\/wp\/v2\/pages\/12343","targetHints":{"allow":["GET"]}}],"collection":[{"href":"https:\/\/www.skinsystem.it\/es\/wp-json\/wp\/v2\/pages"}],"about":[{"href":"https:\/\/www.skinsystem.it\/es\/wp-json\/wp\/v2\/types\/page"}],"author":[{"embeddable":true,"href":"https:\/\/www.skinsystem.it\/es\/wp-json\/wp\/v2\/users\/1"}],"replies":[{"embeddable":true,"href":"https:\/\/www.skinsystem.it\/es\/wp-json\/wp\/v2\/comments?post=12343"}],"version-history":[{"count":1,"href":"https:\/\/www.skinsystem.it\/es\/wp-json\/wp\/v2\/pages\/12343\/revisions"}],"predecessor-version":[{"id":12344,"href":"https:\/\/www.skinsystem.it\/es\/wp-json\/wp\/v2\/pages\/12343\/revisions\/12344"}],"wp:attachment":[{"href":"https:\/\/www.skinsystem.it\/es\/wp-json\/wp\/v2\/media?parent=12343"}],"curies":[{"name":"wp","href":"https:\/\/api.w.org\/{rel}","templated":true}]}}