{"id":12720,"date":"2025-10-02T09:55:30","date_gmt":"2025-10-02T09:55:30","guid":{"rendered":"https:\/\/skincompany.duckynetwork.tech\/sostenibilidad\/"},"modified":"2025-11-24T09:51:54","modified_gmt":"2025-11-24T09:51:54","slug":"sostenibilidad","status":"publish","type":"page","link":"https:\/\/www.skinsystem.it\/es\/sostenibilidad\/","title":{"rendered":"Sostenibilidad"},"content":{"rendered":"\t\t<div data-elementor-type=\"wp-page\" data-elementor-id=\"12720\" class=\"elementor elementor-12720 elementor-11178\" data-elementor-post-type=\"page\">\n\t\t\t\t\t\t<section class=\"elementor-section elementor-top-section elementor-element elementor-element-9606dee elementor-section-height-min-height elementor-section-boxed elementor-section-height-default elementor-section-items-middle\" data-id=\"9606dee\" data-element_type=\"section\" data-settings=\"{&quot;background_background&quot;:&quot;classic&quot;}\">\n\t\t\t\t\t\t\t<div class=\"elementor-background-overlay\"><\/div>\n\t\t\t\t\t\t\t<div class=\"elementor-container elementor-column-gap-no\">\n\t\t\t\t\t<div class=\"elementor-column elementor-col-100 elementor-top-column elementor-element elementor-element-1d12c2b\" data-id=\"1d12c2b\" data-element_type=\"column\" data-settings=\"{&quot;background_background&quot;:&quot;classic&quot;}\">\n\t\t\t<div class=\"elementor-widget-wrap elementor-element-populated\">\n\t\t\t\t\t\t<div class=\"elementor-element elementor-element-9463042 elementor-widget elementor-widget-heading\" data-id=\"9463042\" data-element_type=\"widget\" data-widget_type=\"heading.default\">\n\t\t\t\t<div class=\"elementor-widget-container\">\n\t\t\t\t\t<h4 class=\"elementor-heading-title elementor-size-default\">Sostenibilidad<\/h4>\t\t\t\t<\/div>\n\t\t\t\t<\/div>\n\t\t\t\t<div class=\"elementor-element elementor-element-fd3675b elementor-widget elementor-widget-heading\" data-id=\"fd3675b\" data-element_type=\"widget\" data-widget_type=\"heading.default\">\n\t\t\t\t<div class=\"elementor-widget-container\">\n\t\t\t\t\t<h2 class=\"elementor-heading-title elementor-size-default\">Nuestro compromiso con un futuro sostenible.<\/h2>\t\t\t\t<\/div>\n\t\t\t\t<\/div>\n\t\t\t\t\t<\/div>\n\t\t<\/div>\n\t\t\t\t\t<\/div>\n\t\t<\/section>\n\t\t\t\t<section class=\"elementor-section elementor-top-section elementor-element elementor-element-23fafec elementor-section-boxed elementor-section-height-default elementor-section-height-default\" data-id=\"23fafec\" data-element_type=\"section\" data-settings=\"{&quot;background_background&quot;:&quot;classic&quot;}\">\n\t\t\t\t\t\t<div class=\"elementor-container elementor-column-gap-no\">\n\t\t\t\t\t<div class=\"elementor-column elementor-col-50 elementor-top-column elementor-element elementor-element-60913a4\" data-id=\"60913a4\" data-element_type=\"column\">\n\t\t\t<div class=\"elementor-widget-wrap elementor-element-populated\">\n\t\t\t\t\t\t<div class=\"elementor-element elementor-element-05719ee elementor-widget elementor-widget-heading\" data-id=\"05719ee\" data-element_type=\"widget\" data-widget_type=\"heading.default\">\n\t\t\t\t<div class=\"elementor-widget-container\">\n\t\t\t\t\t<h1 class=\"elementor-heading-title elementor-size-default\">Sostenibilidad<\/h1>\t\t\t\t<\/div>\n\t\t\t\t<\/div>\n\t\t\t\t<div class=\"elementor-element elementor-element-ffcd873 elementor-widget elementor-widget-text-editor\" data-id=\"ffcd873\" data-element_type=\"widget\" data-widget_type=\"text-editor.default\">\n\t\t\t\t<div class=\"elementor-widget-container\">\n\t\t\t\t\t\t\t\t\t<p>La misi\u00f3n de nuestra empresa se basa en la calidad global, que incluye productos de alta excelencia, servicios espec\u00edficos y una atenci\u00f3n constante a las necesidades de cada cliente. El objetivo es garantizar disponibilidad, profesionalidad y satisfacci\u00f3n, creando relaciones duraderas con nuestros socios. Todo ello con la elegancia y el prestigio atemporal del Made in Italy. <\/p>\t\t\t\t\t\t\t\t<\/div>\n\t\t\t\t<\/div>\n\t\t\t\t\t<\/div>\n\t\t<\/div>\n\t\t\t\t<div class=\"elementor-column elementor-col-50 elementor-top-column elementor-element elementor-element-518ab2f\" data-id=\"518ab2f\" data-element_type=\"column\">\n\t\t\t<div class=\"elementor-widget-wrap elementor-element-populated\">\n\t\t\t\t\t\t<div class=\"elementor-element elementor-element-131c30c elementor-widget elementor-widget-image\" data-id=\"131c30c\" data-element_type=\"widget\" data-widget_type=\"image.default\">\n\t\t\t\t<div class=\"elementor-widget-container\">\n\t\t\t\t\t\t\t\t\t\t\t\t\t\t\t<img fetchpriority=\"high\" decoding=\"async\" width=\"1320\" height=\"1320\" src=\"https:\/\/www.skinsystem.it\/wp-content\/uploads\/2025\/10\/Sostenibil.png\" class=\"attachment-full size-full wp-image-12721\" alt=\"\" srcset=\"https:\/\/www.skinsystem.it\/wp-content\/uploads\/2025\/10\/Sostenibil.png 1320w, https:\/\/www.skinsystem.it\/wp-content\/uploads\/2025\/10\/Sostenibil-460x460.png 460w, https:\/\/www.skinsystem.it\/wp-content\/uploads\/2025\/10\/Sostenibil-115x115.png 115w, https:\/\/www.skinsystem.it\/wp-content\/uploads\/2025\/10\/Sostenibil-760x760.png 760w, https:\/\/www.skinsystem.it\/wp-content\/uploads\/2025\/10\/Sostenibil-920x920.png 920w, https:\/\/www.skinsystem.it\/wp-content\/uploads\/2025\/10\/Sostenibil-145x145.png 145w, https:\/\/www.skinsystem.it\/wp-content\/uploads\/2025\/10\/Sostenibil-290x290.png 290w\" sizes=\"(max-width: 1320px) 100vw, 1320px\" \/>\t\t\t\t\t\t\t\t\t\t\t\t\t\t\t<\/div>\n\t\t\t\t<\/div>\n\t\t\t\t\t<\/div>\n\t\t<\/div>\n\t\t\t\t\t<\/div>\n\t\t<\/section>\n\t\t<div class=\"elementor-element elementor-element-29e1043 e-flex e-con-boxed e-con e-parent\" data-id=\"29e1043\" data-element_type=\"container\" data-settings=\"{&quot;background_background&quot;:&quot;classic&quot;}\">\n\t\t\t\t\t<div class=\"e-con-inner\">\n\t\t\t\t<div class=\"elementor-element elementor-element-70e82d3 elementor-widget elementor-widget-heading\" data-id=\"70e82d3\" data-element_type=\"widget\" data-widget_type=\"heading.default\">\n\t\t\t\t<div class=\"elementor-widget-container\">\n\t\t\t\t\t<h4 class=\"elementor-heading-title elementor-size-default\">Desde siempre, nuestro compromiso se ha centrado en \nla creaci\u00f3n de productos para la depilaci\u00f3n y la cosm\u00e9tica \ndel rostro y el cuerpo que respetan el medio ambiente y la naturaleza.<\/h4>\t\t\t\t<\/div>\n\t\t\t\t<\/div>\n\t\t\t\t<div class=\"elementor-element elementor-element-93aa139 elementor-widget elementor-widget-heading\" data-id=\"93aa139\" data-element_type=\"widget\" data-widget_type=\"heading.default\">\n\t\t\t\t<div class=\"elementor-widget-container\">\n\t\t\t\t\t<h4 class=\"elementor-heading-title elementor-size-default\">La atenci\u00f3n a la sostenibilidad nos gu\u00eda en cada fase de nuestra actividad, desde la selecci\u00f3n de ingredientes naturales y ecol\u00f3gicos hasta la reducci\u00f3n del impacto medioambiental de nuestras producciones. Cada aspecto, desde la formulaci\u00f3n de nuestros productos hasta la gesti\u00f3n de los procesos productivos, est\u00e1 pensado para reducir el impacto ecol\u00f3gico, contribuyendo a un futuro m\u00e1s verde. <\/h4>\t\t\t\t<\/div>\n\t\t\t\t<\/div>\n\t\t\t\t\t<\/div>\n\t\t\t\t<\/div>\n\t\t\t\t<section class=\"elementor-section elementor-top-section elementor-element elementor-element-bc7c0d4 elementor-section-full_width elementor-section-height-min-height elementor-section-items-stretch elementor-section-height-default\" data-id=\"bc7c0d4\" data-element_type=\"section\">\n\t\t\t\t\t\t<div class=\"elementor-container elementor-column-gap-no\">\n\t\t\t\t\t<div class=\"elementor-column elementor-col-50 elementor-top-column elementor-element elementor-element-43e1780\" data-id=\"43e1780\" data-element_type=\"column\" data-settings=\"{&quot;background_background&quot;:&quot;classic&quot;}\">\n\t\t\t<div class=\"elementor-widget-wrap elementor-element-populated\">\n\t\t\t\t\t<div class=\"elementor-background-overlay\"><\/div>\n\t\t\t\t\t\t<div class=\"elementor-element elementor-element-c6a9087 elementor-widget elementor-widget-heading\" data-id=\"c6a9087\" data-element_type=\"widget\" data-widget_type=\"heading.default\">\n\t\t\t\t<div class=\"elementor-widget-container\">\n\t\t\t\t\t<h2 class=\"elementor-heading-title elementor-size-default\">Dise\u00f1o y formulaci\u00f3n de productos<\/h2>\t\t\t\t<\/div>\n\t\t\t\t<\/div>\n\t\t\t\t<div class=\"elementor-element elementor-element-3cc3277 elementor-widget elementor-widget-heading\" data-id=\"3cc3277\" data-element_type=\"widget\" data-widget_type=\"heading.default\">\n\t\t\t\t<div class=\"elementor-widget-container\">\n\t\t\t\t\t<h2 class=\"elementor-heading-title elementor-size-default\">La investigaci\u00f3n y el desarrollo son la base de todos nuestros productos. Seleccionamos cuidadosamente materias primas de origen natural, ecol\u00f3gico y sostenible para garantizar la m\u00e1xima calidad sin comprometer el medio ambiente. Nuestros productos no contienen siliconas, sulfatos ni petrolatos, respondiendo as\u00ed a la creciente demanda de productos ecol\u00f3gicos y seguros para la piel. Nuestra atenci\u00f3n a la formulaci\u00f3n tiene como objetivo ofrecer soluciones de alto potencial sin renunciar a la pureza y la sostenibilidad.   <\/h2>\t\t\t\t<\/div>\n\t\t\t\t<\/div>\n\t\t\t\t\t<\/div>\n\t\t<\/div>\n\t\t\t\t<div class=\"elementor-column elementor-col-50 elementor-top-column elementor-element elementor-element-416d6f7\" data-id=\"416d6f7\" data-element_type=\"column\" data-settings=\"{&quot;background_background&quot;:&quot;classic&quot;}\">\n\t\t\t<div class=\"elementor-widget-wrap elementor-element-populated\">\n\t\t\t\t\t<div class=\"elementor-background-overlay\"><\/div>\n\t\t\t\t\t\t<div class=\"elementor-element elementor-element-ca71036 elementor-widget elementor-widget-heading\" data-id=\"ca71036\" data-element_type=\"widget\" data-widget_type=\"heading.default\">\n\t\t\t\t<div class=\"elementor-widget-container\">\n\t\t\t\t\t<h2 class=\"elementor-heading-title elementor-size-default\">Embalaje<\/h2>\t\t\t\t<\/div>\n\t\t\t\t<\/div>\n\t\t\t\t<div class=\"elementor-element elementor-element-b82c286 elementor-widget elementor-widget-heading\" data-id=\"b82c286\" data-element_type=\"widget\" data-widget_type=\"heading.default\">\n\t\t\t\t<div class=\"elementor-widget-container\">\n\t\t\t\t\t<h2 class=\"elementor-heading-title elementor-size-default\">El embalaje tambi\u00e9n desempe\u00f1a un papel fundamental en nuestro compromiso con la sostenibilidad. Nuestros embalajes est\u00e1n fabricados con materiales reciclados, f\u00e1cilmente reciclables y biodegradables, lo que reduce al m\u00ednimo el impacto medioambiental. Adem\u00e1s, nos comprometemos a minimizar el uso de embalajes y a garantizar la homogeneidad de los materiales utilizados, favoreciendo el reciclaje y la reutilizaci\u00f3n.  <\/h2>\t\t\t\t<\/div>\n\t\t\t\t<\/div>\n\t\t\t\t\t<\/div>\n\t\t<\/div>\n\t\t\t\t\t<\/div>\n\t\t<\/section>\n\t\t\t\t<section class=\"elementor-section elementor-top-section elementor-element elementor-element-a1587df elementor-section-full_width elementor-section-height-min-height elementor-section-items-stretch elementor-section-height-default\" data-id=\"a1587df\" data-element_type=\"section\">\n\t\t\t\t\t\t<div class=\"elementor-container elementor-column-gap-no\">\n\t\t\t\t\t<div class=\"elementor-column elementor-col-50 elementor-top-column elementor-element elementor-element-6a11bf7\" data-id=\"6a11bf7\" data-element_type=\"column\" data-settings=\"{&quot;background_background&quot;:&quot;classic&quot;}\">\n\t\t\t<div class=\"elementor-widget-wrap elementor-element-populated\">\n\t\t\t\t\t<div class=\"elementor-background-overlay\"><\/div>\n\t\t\t\t\t\t<div class=\"elementor-element elementor-element-a1641ad elementor-widget elementor-widget-heading\" data-id=\"a1641ad\" data-element_type=\"widget\" data-widget_type=\"heading.default\">\n\t\t\t\t<div class=\"elementor-widget-container\">\n\t\t\t\t\t<h2 class=\"elementor-heading-title elementor-size-default\">Cadena de suministro y calidad<\/h2>\t\t\t\t<\/div>\n\t\t\t\t<\/div>\n\t\t\t\t<div class=\"elementor-element elementor-element-cb470a0 elementor-widget elementor-widget-heading\" data-id=\"cb470a0\" data-element_type=\"widget\" data-widget_type=\"heading.default\">\n\t\t\t\t<div class=\"elementor-widget-container\">\n\t\t\t\t\t<h2 class=\"elementor-heading-title elementor-size-default\">Para nosotros, el control de la calidad es fundamental, no solo durante la producci\u00f3n sino en toda la cadena de suministro. Cada fase productiva se supervisa con rigor para garantizar que nuestros productos sean seguros y de alta calidad, respetando las normativas y los est\u00e1ndares medioambientales. La gesti\u00f3n de la cadena de suministro es transparente, con el fin de a30&gt; ofrecer a nuestros clientes productos fiables y certificados.  <\/h2>\t\t\t\t<\/div>\n\t\t\t\t<\/div>\n\t\t\t\t\t<\/div>\n\t\t<\/div>\n\t\t\t\t<div class=\"elementor-column elementor-col-50 elementor-top-column elementor-element elementor-element-33530eb\" data-id=\"33530eb\" data-element_type=\"column\" data-settings=\"{&quot;background_background&quot;:&quot;classic&quot;}\">\n\t\t\t<div class=\"elementor-widget-wrap elementor-element-populated\">\n\t\t\t\t\t<div class=\"elementor-background-overlay\"><\/div>\n\t\t\t\t\t\t<div class=\"elementor-element elementor-element-7dc7d50 elementor-widget elementor-widget-heading\" data-id=\"7dc7d50\" data-element_type=\"widget\" data-widget_type=\"heading.default\">\n\t\t\t\t<div class=\"elementor-widget-container\">\n\t\t\t\t\t<h2 class=\"elementor-heading-title elementor-size-default\">Comunicaci\u00f3n y sensibilizaci\u00f3n<\/h2>\t\t\t\t<\/div>\n\t\t\t\t<\/div>\n\t\t\t\t<div class=\"elementor-element elementor-element-9c30fba elementor-widget elementor-widget-heading\" data-id=\"9c30fba\" data-element_type=\"widget\" data-widget_type=\"heading.default\">\n\t\t\t\t<div class=\"elementor-widget-container\">\n\t\t\t\t\t<h2 class=\"elementor-heading-title elementor-size-default\">Hacemos part\u00edcipes a nuestros clientes de nuestro compromiso medioambiental a trav\u00e9s de campa\u00f1as de sensibilizaci\u00f3n sobre temas ecol\u00f3gicos, utilizando nuestras redes sociales y nuestro sitio web para promover buenas pr\u00e1cticas de eliminaci\u00f3n y reciclaje, indicando claramente c\u00f3mo reutilizar y desechar correctamente nuestros envases.<\/h2>\t\t\t\t<\/div>\n\t\t\t\t<\/div>\n\t\t\t\t\t<\/div>\n\t\t<\/div>\n\t\t\t\t\t<\/div>\n\t\t<\/section>\n\t\t\t\t<section class=\"elementor-section elementor-top-section elementor-element elementor-element-6479fa3 elementor-section-content-middle elementor-section-boxed elementor-section-height-default elementor-section-height-default\" data-id=\"6479fa3\" data-element_type=\"section\">\n\t\t\t\t\t\t<div class=\"elementor-container elementor-column-gap-default\">\n\t\t\t\t\t<div class=\"elementor-column elementor-col-50 elementor-top-column elementor-element elementor-element-d3a570e\" data-id=\"d3a570e\" data-element_type=\"column\">\n\t\t\t<div class=\"elementor-widget-wrap elementor-element-populated\">\n\t\t\t\t\t\t<div class=\"elementor-element elementor-element-9aa9776 elementor-widget elementor-widget-image\" data-id=\"9aa9776\" data-element_type=\"widget\" data-widget_type=\"image.default\">\n\t\t\t\t<div class=\"elementor-widget-container\">\n\t\t\t\t\t\t\t\t\t\t\t\t\t\t\t<img decoding=\"async\" width=\"1320\" height=\"1320\" src=\"https:\/\/www.skinsystem.it\/wp-content\/uploads\/2025\/10\/Sostenibil_02.png\" class=\"attachment-full size-full wp-image-12722\" alt=\"\" srcset=\"https:\/\/www.skinsystem.it\/wp-content\/uploads\/2025\/10\/Sostenibil_02.png 1320w, https:\/\/www.skinsystem.it\/wp-content\/uploads\/2025\/10\/Sostenibil_02-460x460.png 460w, https:\/\/www.skinsystem.it\/wp-content\/uploads\/2025\/10\/Sostenibil_02-115x115.png 115w, https:\/\/www.skinsystem.it\/wp-content\/uploads\/2025\/10\/Sostenibil_02-760x760.png 760w, https:\/\/www.skinsystem.it\/wp-content\/uploads\/2025\/10\/Sostenibil_02-920x920.png 920w, https:\/\/www.skinsystem.it\/wp-content\/uploads\/2025\/10\/Sostenibil_02-145x145.png 145w, https:\/\/www.skinsystem.it\/wp-content\/uploads\/2025\/10\/Sostenibil_02-290x290.png 290w\" sizes=\"(max-width: 1320px) 100vw, 1320px\" \/>\t\t\t\t\t\t\t\t\t\t\t\t\t\t\t<\/div>\n\t\t\t\t<\/div>\n\t\t\t\t\t<\/div>\n\t\t<\/div>\n\t\t\t\t<div class=\"elementor-column elementor-col-50 elementor-top-column elementor-element elementor-element-da5c605\" data-id=\"da5c605\" data-element_type=\"column\" data-settings=\"{&quot;background_background&quot;:&quot;classic&quot;}\">\n\t\t\t<div class=\"elementor-widget-wrap elementor-element-populated\">\n\t\t\t\t\t\t<div class=\"elementor-element elementor-element-68b24ba elementor-widget elementor-widget-heading\" data-id=\"68b24ba\" data-element_type=\"widget\" data-widget_type=\"heading.default\">\n\t\t\t\t<div class=\"elementor-widget-container\">\n\t\t\t\t\t<h2 class=\"elementor-heading-title elementor-size-default\">Distribuci\u00f3n, consumo y eliminaci\u00f3n responsables<\/h2>\t\t\t\t<\/div>\n\t\t\t\t<\/div>\n\t\t\t\t<div class=\"elementor-element elementor-element-5d50cdd elementor-widget elementor-widget-text-editor\" data-id=\"5d50cdd\" data-element_type=\"widget\" data-widget_type=\"text-editor.default\">\n\t\t\t\t<div class=\"elementor-widget-container\">\n\t\t\t\t\t\t\t\t\t<p>Hacemos part\u00edcipes a nuestros clientes de nuestro compromiso medioambiental a trav\u00e9s de campa\u00f1as de sensibilizaci\u00f3n sobre temas ecol\u00f3gicos, utilizando nuestras redes sociales y nuestro sitio web para promover buenas pr\u00e1cticas de eliminaci\u00f3n y reciclaje, indicando claramente c\u00f3mo reutilizar y desechar correctamente nuestros envases.<\/p>\t\t\t\t\t\t\t\t<\/div>\n\t\t\t\t<\/div>\n\t\t\t\t\t<\/div>\n\t\t<\/div>\n\t\t\t\t\t<\/div>\n\t\t<\/section>\n\t\t\t\t<\/div>\n\t\t","protected":false},"excerpt":{"rendered":"<p>Sostenibilidad Nuestro compromiso con un futuro sostenible. Sostenibilidad La misi\u00f3n de nuestra empresa se basa en la calidad&hellip;<\/p>\n","protected":false},"author":1,"featured_media":0,"parent":0,"menu_order":0,"comment_status":"closed","ping_status":"closed","template":"elementor_header_footer","meta":{"footnotes":""},"class_list":["post-12720","page","type-page","status-publish","hentry"],"_links":{"self":[{"href":"https:\/\/www.skinsystem.it\/es\/wp-json\/wp\/v2\/pages\/12720","targetHints":{"allow":["GET"]}}],"collection":[{"href":"https:\/\/www.skinsystem.it\/es\/wp-json\/wp\/v2\/pages"}],"about":[{"href":"https:\/\/www.skinsystem.it\/es\/wp-json\/wp\/v2\/types\/page"}],"author":[{"embeddable":true,"href":"https:\/\/www.skinsystem.it\/es\/wp-json\/wp\/v2\/users\/1"}],"replies":[{"embeddable":true,"href":"https:\/\/www.skinsystem.it\/es\/wp-json\/wp\/v2\/comments?post=12720"}],"version-history":[{"count":1,"href":"https:\/\/www.skinsystem.it\/es\/wp-json\/wp\/v2\/pages\/12720\/revisions"}],"predecessor-version":[{"id":12723,"href":"https:\/\/www.skinsystem.it\/es\/wp-json\/wp\/v2\/pages\/12720\/revisions\/12723"}],"wp:attachment":[{"href":"https:\/\/www.skinsystem.it\/es\/wp-json\/wp\/v2\/media?parent=12720"}],"curies":[{"name":"wp","href":"https:\/\/api.w.org\/{rel}","templated":true}]}}