{"id":20502,"date":"2026-01-23T10:56:25","date_gmt":"2026-01-23T10:56:25","guid":{"rendered":"https:\/\/www.skinsystem.it\/acidos-exfoliantes\/"},"modified":"2026-02-12T10:54:59","modified_gmt":"2026-02-12T10:54:59","slug":"acidos-exfoliantes","status":"publish","type":"page","link":"https:\/\/www.skinsystem.it\/es\/acidos-exfoliantes\/","title":{"rendered":"\u00c1cidos exfoliantes"},"content":{"rendered":"\t\t<div data-elementor-type=\"wp-page\" data-elementor-id=\"20502\" class=\"elementor elementor-20502 elementor-20086\" data-elementor-post-type=\"page\">\n\t\t\t\t<div class=\"elementor-element elementor-element-2086bcf e-flex e-con-boxed e-con e-parent\" data-id=\"2086bcf\" data-element_type=\"container\">\n\t\t\t\t\t<div class=\"e-con-inner\">\n\t\t\t\t<div class=\"elementor-element elementor-element-3082ed4 elementor-widget elementor-widget-heading\" data-id=\"3082ed4\" data-element_type=\"widget\" data-widget_type=\"heading.default\">\n\t\t\t\t<div class=\"elementor-widget-container\">\n\t\t\t\t\t<h1 class=\"elementor-heading-title elementor-size-default\">\u00c1CIDOS ACTIVOS<\/h1>\t\t\t\t<\/div>\n\t\t\t\t<\/div>\n\t\t\t\t<div class=\"elementor-element elementor-element-ec1676a elementor-widget__width-inherit elementor-widget elementor-widget-image\" data-id=\"ec1676a\" data-element_type=\"widget\" data-widget_type=\"image.default\">\n\t\t\t\t<div class=\"elementor-widget-container\">\n\t\t\t\t\t\t\t\t\t\t\t\t\t\t\t<img fetchpriority=\"high\" decoding=\"async\" width=\"1160\" height=\"363\" src=\"https:\/\/www.skinsystem.it\/wp-content\/uploads\/2026\/02\/67ed5236be7ea0f777c1c581-1520x475.png\" class=\"attachment-large size-large wp-image-20491\" alt=\"\" srcset=\"https:\/\/www.skinsystem.it\/wp-content\/uploads\/2026\/02\/67ed5236be7ea0f777c1c581-1520x475.png 1520w, https:\/\/www.skinsystem.it\/wp-content\/uploads\/2026\/02\/67ed5236be7ea0f777c1c581-460x144.png 460w, https:\/\/www.skinsystem.it\/wp-content\/uploads\/2026\/02\/67ed5236be7ea0f777c1c581-760x238.png 760w, https:\/\/www.skinsystem.it\/wp-content\/uploads\/2026\/02\/67ed5236be7ea0f777c1c581-920x288.png 920w, https:\/\/www.skinsystem.it\/wp-content\/uploads\/2026\/02\/67ed5236be7ea0f777c1c581-464x145.png 464w, https:\/\/www.skinsystem.it\/wp-content\/uploads\/2026\/02\/67ed5236be7ea0f777c1c581-928x290.png 928w, https:\/\/www.skinsystem.it\/wp-content\/uploads\/2026\/02\/67ed5236be7ea0f777c1c581.png 1920w\" sizes=\"(max-width: 1160px) 100vw, 1160px\" \/>\t\t\t\t\t\t\t\t\t\t\t\t\t\t\t<\/div>\n\t\t\t\t<\/div>\n\t\t\t\t<div class=\"elementor-element elementor-element-d9be68b elementor-widget__width-initial elementor-widget elementor-widget-heading\" data-id=\"d9be68b\" data-element_type=\"widget\" data-widget_type=\"heading.default\">\n\t\t\t\t<div class=\"elementor-widget-container\">\n\t\t\t\t\t<h4 class=\"elementor-heading-title elementor-size-default\">Exfoliaci\u00f3n qu\u00edmica: la soluci\u00f3n para una piel sana y suave y preservar su longevidad.<\/h4>\t\t\t\t<\/div>\n\t\t\t\t<\/div>\n\t\t\t\t<div class=\"elementor-element elementor-element-e659b7f elementor-widget elementor-widget-heading\" data-id=\"e659b7f\" data-element_type=\"widget\" data-widget_type=\"heading.default\">\n\t\t\t\t<div class=\"elementor-widget-container\">\n\t\t\t\t\t<h6 class=\"elementor-heading-title elementor-size-default\">La l\u00ednea \u00c1cidos de SkinSystem representa la excelencia de la innovaci\u00f3n en los tratamientos profesionales, ofreciendo un protocolo completo y estructurado a base de \u00e1cidos para responder de manera eficaz y espec\u00edfica a las diferentes necesidades de la piel. Desde la limpieza inicial hasta el reequilibrio final, cada fase del tratamiento est\u00e1 respaldada por formulaciones avanzadas a base de \u00e1cidos que preparan y tratan la piel para obtener resultados visibles y duraderos. \n\nEl n\u00facleo de esta l\u00ednea lo constituye una amplia selecci\u00f3n de s\u00e9rums altamente concentrados, formulados con \u00e1cidos cuidadosamente seleccionados para actuar eficazmente sobre problemas espec\u00edficos de la piel. Gracias a la posibilidad de combinar entre s\u00ed los diferentes peelings, es posible personalizar los tratamientos en funci\u00f3n de las necesidades espec\u00edficas, potenciando su eficacia sobre los signos del paso del tiempo, la p\u00e9rdida de tono y luminosidad, las manchas cut\u00e1neas, las impurezas y las imperfecciones. \n\nEl enfoque modular y altamente innovador de esta gama permite crear itinerarios profesionales a medida, garantizando la m\u00e1xima eficacia y ofreciendo a los profesionales de la belleza herramientas avanzadas para obtener resultados cada vez m\u00e1s eficaces y seguros.<\/h6>\t\t\t\t<\/div>\n\t\t\t\t<\/div>\n\t\t\t\t\t<\/div>\n\t\t\t\t<\/div>\n\t\t<div class=\"elementor-element elementor-element-7bd1bf4 e-flex e-con-boxed e-con e-parent\" data-id=\"7bd1bf4\" data-element_type=\"container\">\n\t\t\t\t\t<div class=\"e-con-inner\">\n\t\t<div class=\"elementor-element elementor-element-3b7dc72 e-con-full e-flex e-con e-child\" data-id=\"3b7dc72\" data-element_type=\"container\">\n\t\t\t\t<div class=\"elementor-element elementor-element-078d423 elementor-widget elementor-widget-image\" data-id=\"078d423\" data-element_type=\"widget\" data-widget_type=\"image.default\">\n\t\t\t\t<div class=\"elementor-widget-container\">\n\t\t\t\t\t\t\t\t\t\t\t\t\t\t\t<img decoding=\"async\" width=\"1160\" height=\"773\" src=\"https:\/\/www.skinsystem.it\/wp-content\/uploads\/2026\/02\/67daa9b25fb8e06a78f77929-1520x1013.jpg\" class=\"attachment-large size-large wp-image-20492\" alt=\"\" srcset=\"https:\/\/www.skinsystem.it\/wp-content\/uploads\/2026\/02\/67daa9b25fb8e06a78f77929-1520x1013.jpg 1520w, https:\/\/www.skinsystem.it\/wp-content\/uploads\/2026\/02\/67daa9b25fb8e06a78f77929-460x307.jpg 460w, https:\/\/www.skinsystem.it\/wp-content\/uploads\/2026\/02\/67daa9b25fb8e06a78f77929-760x507.jpg 760w, https:\/\/www.skinsystem.it\/wp-content\/uploads\/2026\/02\/67daa9b25fb8e06a78f77929-920x613.jpg 920w, https:\/\/www.skinsystem.it\/wp-content\/uploads\/2026\/02\/67daa9b25fb8e06a78f77929-217x145.jpg 217w, https:\/\/www.skinsystem.it\/wp-content\/uploads\/2026\/02\/67daa9b25fb8e06a78f77929-435x290.jpg 435w\" sizes=\"(max-width: 1160px) 100vw, 1160px\" \/>\t\t\t\t\t\t\t\t\t\t\t\t\t\t\t<\/div>\n\t\t\t\t<\/div>\n\t\t\t\t<\/div>\n\t\t<div class=\"elementor-element elementor-element-dee8a1c e-con-full e-flex e-con e-child\" data-id=\"dee8a1c\" data-element_type=\"container\">\n\t\t\t\t<div class=\"elementor-element elementor-element-3b0682b elementor-widget elementor-widget-heading\" data-id=\"3b0682b\" data-element_type=\"widget\" data-widget_type=\"heading.default\">\n\t\t\t\t<div class=\"elementor-widget-container\">\n\t\t\t\t\t<h4 class=\"elementor-heading-title elementor-size-default\">\u00bfC\u00f3mo funcionan los \u00e1cidos exfoliantes?<\/h4>\t\t\t\t<\/div>\n\t\t\t\t<\/div>\n\t\t\t\t<div class=\"elementor-element elementor-element-0c50ff5 elementor-widget elementor-widget-heading\" data-id=\"0c50ff5\" data-element_type=\"widget\" data-widget_type=\"heading.default\">\n\t\t\t\t<div class=\"elementor-widget-container\">\n\t\t\t\t\t<h6 class=\"elementor-heading-title elementor-size-default\">El peeling qu\u00edmico es una t\u00e9cnica que consiste en la aplicaci\u00f3n de un agente qu\u00edmico exfoliante sobre la piel. A nivel superficial, el peeling elimina la capa c\u00f3rnea de la piel y elimina el tap\u00f3n querat\u00ednico de los comedones, dando un aspecto m\u00e1s luminoso y uniforme a la piel y haci\u00e9ndola m\u00e1s porosa. A nivel d\u00e9rmico, act\u00faa en las capas m\u00e1s profundas, desencadenando un proceso de reparaci\u00f3n y regeneraci\u00f3n celular que estimula a los fibroblastos en la producci\u00f3n de nuevo col\u00e1geno y glicoprote\u00ednas. \nPor lo tanto, se puede hablar de una t\u00e9cnica dermoest\u00e9tica avanzada para el tratamiento de imperfecciones cut\u00e1neas como la p\u00e9rdida de hidrataci\u00f3n, elasticidad y luminosidad, manchas, cicatrices, acn\u00e9 y arrugas, que debe ser realizada por personal experto y cualificado.  <\/h6>\t\t\t\t<\/div>\n\t\t\t\t<\/div>\n\t\t\t\t<\/div>\n\t\t\t\t\t<\/div>\n\t\t\t\t<\/div>\n\t\t<div class=\"elementor-element elementor-element-d3b661a e-grid e-con-boxed e-con e-parent\" data-id=\"d3b661a\" data-element_type=\"container\">\n\t\t\t\t\t<div class=\"e-con-inner\">\n\t\t\t\t<div class=\"elementor-element elementor-element-ad27404 elementor-widget elementor-widget-heading\" data-id=\"ad27404\" data-element_type=\"widget\" data-widget_type=\"heading.default\">\n\t\t\t\t<div class=\"elementor-widget-container\">\n\t\t\t\t\t<h4 class=\"elementor-heading-title elementor-size-default\">Los \u00e1cidos activos de SkinSystem<\/h4>\t\t\t\t<\/div>\n\t\t\t\t<\/div>\n\t\t\t\t<div class=\"elementor-element elementor-element-8c5a536 elementor-widget elementor-widget-text-editor\" data-id=\"8c5a536\" data-element_type=\"widget\" data-widget_type=\"text-editor.default\">\n\t\t\t\t<div class=\"elementor-widget-container\">\n\t\t\t\t\t\t\t\t\t<p>Tras un minucioso an\u00e1lisis de los diferentes tipos de \u00e1cidos utilizados en el \u00e1mbito cosm\u00e9tico, los laboratorios SkinSystem han creado una innovadora l\u00ednea de productos para la exfoliaci\u00f3n facial y el tratamiento de afecciones cut\u00e1neas espec\u00edficas, incluidas las imperfecciones secundarias causadas por dichas afecciones.<\/p><p>Cada f\u00f3rmula ha sido estudiada para expresar al m\u00e1ximo las propiedades espec\u00edficas de cada \u00e1cido exfoliante, garantizando resultados visibles y eficaces. Para maximizar la eficacia de los productos, se ha desarrollado una t\u00e9cnica exclusiva de aplicaci\u00f3n secuencial, dise\u00f1ada para potenciar y armonizar la acci\u00f3n de cada \u00e1cido individual, aprovechando al m\u00e1ximo las sinergias entre las distintas mol\u00e9culas. <\/p><p>La l\u00ednea Acidi Attivi de SkinSystem ha sido formulada para tratar todos los defectos cut\u00e1neos, creando tres macroprotocolos faciales espec\u00edficos y espec\u00edficos para:<\/p><ul><li>Combate todos los signos del envejecimiento cronol\u00f3gico y fotoenvejecimiento &#8211; <strong>TRATAMIENTO ANTIENVEJECIMIENTO<\/strong><\/li><li>Reducir y prevenir cualquier tipo de mancha cut\u00e1nea &#8211; <strong>TRATAMIENTO ANTI MANCHAS<\/strong><\/li><li>Contrarrestar y prevenir la aparici\u00f3n del acn\u00e9 y otras imperfecciones cut\u00e1neas &#8211; <strong>TRATAMIENTO ANTIACN\u00c9<\/strong><\/li><\/ul><p>Cada tratamiento se divide en tres fases:<\/p><ol><li><strong>Fase preparatoria de la piel<\/strong><\/li><li><strong>Fase de tratamiento activo<\/strong><\/li><li><strong>Fase calmante y reequilibrante<\/strong><\/li><\/ol>\t\t\t\t\t\t\t\t<\/div>\n\t\t\t\t<\/div>\n\t\t\t\t<div class=\"elementor-element elementor-element-4496ab7 elementor-widget elementor-widget-heading\" data-id=\"4496ab7\" data-element_type=\"widget\" data-widget_type=\"heading.default\">\n\t\t\t\t<div class=\"elementor-widget-container\">\n\t\t\t\t\t<h4 class=\"elementor-heading-title elementor-size-default\">1) Fase preparatoria de la piel<\/h4>\t\t\t\t<\/div>\n\t\t\t\t<\/div>\n\t\t\t\t\t<\/div>\n\t\t\t\t<\/div>\n\t\t<div class=\"elementor-element elementor-element-44911d8 e-grid e-con-boxed e-con e-parent\" data-id=\"44911d8\" data-element_type=\"container\" data-settings=\"{&quot;background_background&quot;:&quot;classic&quot;}\">\n\t\t\t\t\t<div class=\"e-con-inner\">\n\t\t\t\t<div class=\"elementor-element elementor-element-b1d7a13 elementor-widget elementor-widget-image\" data-id=\"b1d7a13\" data-element_type=\"widget\" data-widget_type=\"image.default\">\n\t\t\t\t<div class=\"elementor-widget-container\">\n\t\t\t\t\t\t\t\t\t\t\t\t\t\t\t<img decoding=\"async\" width=\"1080\" height=\"1350\" src=\"https:\/\/www.skinsystem.it\/wp-content\/uploads\/2026\/02\/1.png\" class=\"attachment-large size-large wp-image-20493\" alt=\"\" srcset=\"https:\/\/www.skinsystem.it\/wp-content\/uploads\/2026\/02\/1.png 1080w, https:\/\/www.skinsystem.it\/wp-content\/uploads\/2026\/02\/1-460x575.png 460w, https:\/\/www.skinsystem.it\/wp-content\/uploads\/2026\/02\/1-760x950.png 760w, https:\/\/www.skinsystem.it\/wp-content\/uploads\/2026\/02\/1-920x1150.png 920w, https:\/\/www.skinsystem.it\/wp-content\/uploads\/2026\/02\/1-116x145.png 116w, https:\/\/www.skinsystem.it\/wp-content\/uploads\/2026\/02\/1-232x290.png 232w\" sizes=\"(max-width: 1080px) 100vw, 1080px\" \/>\t\t\t\t\t\t\t\t\t\t\t\t\t\t\t<\/div>\n\t\t\t\t<\/div>\n\t\t\t\t<div class=\"elementor-element elementor-element-08a7cfa elementor-widget elementor-widget-heading\" data-id=\"08a7cfa\" data-element_type=\"widget\" data-widget_type=\"heading.default\">\n\t\t\t\t<div class=\"elementor-widget-container\">\n\t\t\t\t\t<h6 class=\"elementor-heading-title elementor-size-default\">1) Fase preparatoria de la piel\nEsta fase consiste en la aplicaci\u00f3n sucesiva de tres productos y tiene como objetivo eliminar las impurezas, los restos de maquillaje y las sustancias contaminantes\/oclusivas, as\u00ed como establecer el pH adecuado para preparar la piel para el tratamiento a base de \u00e1cidos. \n\n1.1 - Purifying Creamy Milk: elimina todo tipo de impurezas y prepara la piel para la fase 1.2.\n1.2 - Pre Peel Exfoliating Gommage: completa la acci\u00f3n de limpieza y purificaci\u00f3n de la piel y la prepara para el tratamiento a base de \u00e1cidos. \n1.3 - Pre Peel pH Prep Lotion: reduce el pH de la piel para que la acci\u00f3n de los \u00e1cidos sea m\u00e1s eficaz.<\/h6>\t\t\t\t<\/div>\n\t\t\t\t<\/div>\n\t\t\t\t\t<\/div>\n\t\t\t\t<\/div>\n\t\t<div class=\"elementor-element elementor-element-2445db1 e-grid e-con-boxed e-con e-parent\" data-id=\"2445db1\" data-element_type=\"container\">\n\t\t\t\t\t<div class=\"e-con-inner\">\n\t\t\t\t<div class=\"elementor-element elementor-element-508de80 elementor-widget elementor-widget-heading\" data-id=\"508de80\" data-element_type=\"widget\" data-widget_type=\"heading.default\">\n\t\t\t\t<div class=\"elementor-widget-container\">\n\t\t\t\t\t<h4 class=\"elementor-heading-title elementor-size-default\">2) Fase de tratamiento activo<\/h4>\t\t\t\t<\/div>\n\t\t\t\t<\/div>\n\t\t\t\t\t<\/div>\n\t\t\t\t<\/div>\n\t\t<div class=\"elementor-element elementor-element-35a34fd e-grid e-con-boxed e-con e-parent\" data-id=\"35a34fd\" data-element_type=\"container\">\n\t\t\t\t\t<div class=\"e-con-inner\">\n\t\t\t\t<div class=\"elementor-element elementor-element-8248916 elementor-widget elementor-widget-image\" data-id=\"8248916\" data-element_type=\"widget\" data-widget_type=\"image.default\">\n\t\t\t\t<div class=\"elementor-widget-container\">\n\t\t\t\t\t\t\t\t\t\t\t\t\t\t\t<img loading=\"lazy\" decoding=\"async\" width=\"1080\" height=\"1350\" src=\"https:\/\/www.skinsystem.it\/wp-content\/uploads\/2026\/02\/2.png\" class=\"attachment-large size-large wp-image-20494\" alt=\"\" srcset=\"https:\/\/www.skinsystem.it\/wp-content\/uploads\/2026\/02\/2.png 1080w, https:\/\/www.skinsystem.it\/wp-content\/uploads\/2026\/02\/2-460x575.png 460w, https:\/\/www.skinsystem.it\/wp-content\/uploads\/2026\/02\/2-760x950.png 760w, https:\/\/www.skinsystem.it\/wp-content\/uploads\/2026\/02\/2-920x1150.png 920w, https:\/\/www.skinsystem.it\/wp-content\/uploads\/2026\/02\/2-116x145.png 116w, https:\/\/www.skinsystem.it\/wp-content\/uploads\/2026\/02\/2-232x290.png 232w\" sizes=\"(max-width: 1080px) 100vw, 1080px\" \/>\t\t\t\t\t\t\t\t\t\t\t\t\t\t\t<\/div>\n\t\t\t\t<\/div>\n\t\t\t\t<div class=\"elementor-element elementor-element-dc4cfa8 elementor-widget elementor-widget-text-editor\" data-id=\"dc4cfa8\" data-element_type=\"widget\" data-widget_type=\"text-editor.default\">\n\t\t\t\t<div class=\"elementor-widget-container\">\n\t\t\t\t\t\t\t\t\t<p>Esta fase prev\u00e9 la aplicaci\u00f3n secuencial de un \u00e1cido madre y varios \u00e1cidos potenciadores estratificados en funci\u00f3n del tratamiento espec\u00edfico: antienvejecimiento, antimanchas, antiacn\u00e9.<\/p><p>\u00c1cidos madre:<\/p><p><strong>Peeling glic\u00f3lico al 40 %<\/strong><\/p><p><strong>Mandelic Peel 30%<\/strong><\/p><p><strong>Glycyrrhetinic Peel 10%<\/strong><\/p><p>\u00c1cidos potenciadores:<\/p><p><strong>Lactobionic Peel 4%<\/strong><\/p><p><strong>Tartaric Peel 6%<\/strong><\/p><p><strong>Tranexamic Peel 2%<\/strong><\/p><p><strong>Shikimic Peel 3,5%<\/strong><\/p><p><strong>Lactic Peel 2,5%<\/strong><\/p><p>De esta manera, es posible personalizar el tratamiento en funci\u00f3n del tipo y la gravedad del defecto est\u00e9tico, as\u00ed como de la tolerancia de la piel. <\/p>\t\t\t\t\t\t\t\t<\/div>\n\t\t\t\t<\/div>\n\t\t\t\t\t<\/div>\n\t\t\t\t<\/div>\n\t\t<div class=\"elementor-element elementor-element-3104399 e-grid e-con-boxed e-con e-parent\" data-id=\"3104399\" data-element_type=\"container\">\n\t\t\t\t\t<div class=\"e-con-inner\">\n\t\t\t\t<div class=\"elementor-element elementor-element-32f850f elementor-widget elementor-widget-heading\" data-id=\"32f850f\" data-element_type=\"widget\" data-widget_type=\"heading.default\">\n\t\t\t\t<div class=\"elementor-widget-container\">\n\t\t\t\t\t<h4 class=\"elementor-heading-title elementor-size-default\">3) Fase calmante y reequilibrante<\/h4>\t\t\t\t<\/div>\n\t\t\t\t<\/div>\n\t\t\t\t\t<\/div>\n\t\t\t\t<\/div>\n\t\t<div class=\"elementor-element elementor-element-830e754 e-grid e-con-boxed e-con e-parent\" data-id=\"830e754\" data-element_type=\"container\">\n\t\t\t\t\t<div class=\"e-con-inner\">\n\t\t\t\t<div class=\"elementor-element elementor-element-4f4980a elementor-widget elementor-widget-image\" data-id=\"4f4980a\" data-element_type=\"widget\" data-widget_type=\"image.default\">\n\t\t\t\t<div class=\"elementor-widget-container\">\n\t\t\t\t\t\t\t\t\t\t\t\t\t\t\t<img loading=\"lazy\" decoding=\"async\" width=\"1080\" height=\"1350\" src=\"https:\/\/www.skinsystem.it\/wp-content\/uploads\/2026\/02\/3.png\" class=\"attachment-large size-large wp-image-20495\" alt=\"\" srcset=\"https:\/\/www.skinsystem.it\/wp-content\/uploads\/2026\/02\/3.png 1080w, https:\/\/www.skinsystem.it\/wp-content\/uploads\/2026\/02\/3-460x575.png 460w, https:\/\/www.skinsystem.it\/wp-content\/uploads\/2026\/02\/3-760x950.png 760w, https:\/\/www.skinsystem.it\/wp-content\/uploads\/2026\/02\/3-920x1150.png 920w, https:\/\/www.skinsystem.it\/wp-content\/uploads\/2026\/02\/3-116x145.png 116w, https:\/\/www.skinsystem.it\/wp-content\/uploads\/2026\/02\/3-232x290.png 232w\" sizes=\"(max-width: 1080px) 100vw, 1080px\" \/>\t\t\t\t\t\t\t\t\t\t\t\t\t\t\t<\/div>\n\t\t\t\t<\/div>\n\t\t\t\t<div class=\"elementor-element elementor-element-d39cc6b elementor-widget elementor-widget-text-editor\" data-id=\"d39cc6b\" data-element_type=\"widget\" data-widget_type=\"text-editor.default\">\n\t\t\t\t<div class=\"elementor-widget-container\">\n\t\t\t\t\t\t\t\t\t<p>Esta fase prev\u00e9 la aplicaci\u00f3n de tres productos sucesivamente y tiene como objetivo calmar y reequilibrar la piel tras la realizaci\u00f3n del tratamiento con \u00e1cidos activos.<\/p><p>En concreto:<\/p><p><strong>3.1 &#8211; Loci\u00f3n neutralizante post-peeling<\/strong>: Neutraliza la acci\u00f3n de los \u00e1cidos activos y restablece el pH adecuado de la piel.<\/p><p><strong>3.2 &#8211; Rebalancing Soothing Mask<\/strong>: Alivia las rojeces y reequilibra la piel, restaurando la pel\u00edcula hidrolip\u00eddica normal.<\/p><p><strong>3.3 Sublime UV Shield 50+<\/strong>: Protege la piel gracias a los filtros UVA y UVB y al SPF50+ PA++++ de amplio espectro, y le aporta la nutrici\u00f3n adecuada para que luzca sana y luminosa.<\/p>\t\t\t\t\t\t\t\t<\/div>\n\t\t\t\t<\/div>\n\t\t\t\t\t<\/div>\n\t\t\t\t<\/div>\n\t\t<div class=\"elementor-element elementor-element-273a685 e-grid e-con-boxed e-con e-parent\" data-id=\"273a685\" data-element_type=\"container\">\n\t\t\t\t\t<div class=\"e-con-inner\">\n\t\t\t\t<div class=\"elementor-element elementor-element-f3ccc74 elementor-widget elementor-widget-video\" data-id=\"f3ccc74\" data-element_type=\"widget\" data-settings=\"{&quot;youtube_url&quot;:&quot;https:\\\/\\\/www.youtube.com\\\/watch?v=AIg15cFRWJw&quot;,&quot;video_type&quot;:&quot;youtube&quot;,&quot;controls&quot;:&quot;yes&quot;}\" data-widget_type=\"video.default\">\n\t\t\t\t<div class=\"elementor-widget-container\">\n\t\t\t\t\t\t\t<div class=\"elementor-wrapper elementor-open-inline\">\n\t\t\t<div class=\"elementor-video\"><\/div>\t\t<\/div>\n\t\t\t\t\t\t<\/div>\n\t\t\t\t<\/div>\n\t\t\t\t<div class=\"elementor-element elementor-element-b6457bf elementor-widget elementor-widget-video\" data-id=\"b6457bf\" data-element_type=\"widget\" data-settings=\"{&quot;youtube_url&quot;:&quot;https:\\\/\\\/www.youtube.com\\\/watch?v=nreZeG7qC7Y&quot;,&quot;video_type&quot;:&quot;youtube&quot;,&quot;controls&quot;:&quot;yes&quot;}\" data-widget_type=\"video.default\">\n\t\t\t\t<div class=\"elementor-widget-container\">\n\t\t\t\t\t\t\t<div class=\"elementor-wrapper elementor-open-inline\">\n\t\t\t<div class=\"elementor-video\"><\/div>\t\t<\/div>\n\t\t\t\t\t\t<\/div>\n\t\t\t\t<\/div>\n\t\t\t\t<div class=\"elementor-element elementor-element-1c24163 elementor-widget elementor-widget-video\" data-id=\"1c24163\" data-element_type=\"widget\" data-settings=\"{&quot;youtube_url&quot;:&quot;https:\\\/\\\/www.youtube.com\\\/watch?v=HYzDy-6Z1eA&quot;,&quot;video_type&quot;:&quot;youtube&quot;,&quot;controls&quot;:&quot;yes&quot;}\" data-widget_type=\"video.default\">\n\t\t\t\t<div class=\"elementor-widget-container\">\n\t\t\t\t\t\t\t<div class=\"elementor-wrapper elementor-open-inline\">\n\t\t\t<div class=\"elementor-video\"><\/div>\t\t<\/div>\n\t\t\t\t\t\t<\/div>\n\t\t\t\t<\/div>\n\t\t\t\t\t<\/div>\n\t\t\t\t<\/div>\n\t\t<div class=\"elementor-element elementor-element-cc00d1c e-grid e-con-boxed e-con e-parent\" data-id=\"cc00d1c\" data-element_type=\"container\">\n\t\t\t\t\t<div class=\"e-con-inner\">\n\t\t\t\t\t<\/div>\n\t\t\t\t<\/div>\n\t\t\t\t<\/div>\n\t\t","protected":false},"excerpt":{"rendered":"<p>\u00c1CIDOS ACTIVOS Exfoliaci\u00f3n qu\u00edmica: la soluci\u00f3n para una piel sana y suave y preservar su longevidad. La l\u00ednea&hellip;<\/p>\n","protected":false},"author":1,"featured_media":0,"parent":0,"menu_order":0,"comment_status":"closed","ping_status":"closed","template":"","meta":{"footnotes":""},"class_list":["post-20502","page","type-page","status-publish","hentry"],"_links":{"self":[{"href":"https:\/\/www.skinsystem.it\/es\/wp-json\/wp\/v2\/pages\/20502","targetHints":{"allow":["GET"]}}],"collection":[{"href":"https:\/\/www.skinsystem.it\/es\/wp-json\/wp\/v2\/pages"}],"about":[{"href":"https:\/\/www.skinsystem.it\/es\/wp-json\/wp\/v2\/types\/page"}],"author":[{"embeddable":true,"href":"https:\/\/www.skinsystem.it\/es\/wp-json\/wp\/v2\/users\/1"}],"replies":[{"embeddable":true,"href":"https:\/\/www.skinsystem.it\/es\/wp-json\/wp\/v2\/comments?post=20502"}],"version-history":[{"count":1,"href":"https:\/\/www.skinsystem.it\/es\/wp-json\/wp\/v2\/pages\/20502\/revisions"}],"predecessor-version":[{"id":20503,"href":"https:\/\/www.skinsystem.it\/es\/wp-json\/wp\/v2\/pages\/20502\/revisions\/20503"}],"wp:attachment":[{"href":"https:\/\/www.skinsystem.it\/es\/wp-json\/wp\/v2\/media?parent=20502"}],"curies":[{"name":"wp","href":"https:\/\/api.w.org\/{rel}","templated":true}]}}