{"id":12298,"date":"2025-10-02T09:55:30","date_gmt":"2025-10-02T09:55:30","guid":{"rendered":"https:\/\/skincompany.duckynetwork.tech\/durabilite\/"},"modified":"2025-11-19T15:50:19","modified_gmt":"2025-11-19T15:50:19","slug":"durabilite","status":"publish","type":"page","link":"https:\/\/www.skinsystem.it\/fr\/durabilite\/","title":{"rendered":"Durabilit\u00e9"},"content":{"rendered":"\t\t<div data-elementor-type=\"wp-page\" data-elementor-id=\"12298\" class=\"elementor elementor-12298 elementor-11178\" data-elementor-post-type=\"page\">\n\t\t\t\t\t\t<section class=\"elementor-section elementor-top-section elementor-element elementor-element-9606dee elementor-section-height-min-height elementor-section-boxed elementor-section-height-default elementor-section-items-middle\" data-id=\"9606dee\" data-element_type=\"section\" data-settings=\"{&quot;background_background&quot;:&quot;classic&quot;}\">\n\t\t\t\t\t\t\t<div class=\"elementor-background-overlay\"><\/div>\n\t\t\t\t\t\t\t<div class=\"elementor-container elementor-column-gap-no\">\n\t\t\t\t\t<div class=\"elementor-column elementor-col-100 elementor-top-column elementor-element elementor-element-1d12c2b\" data-id=\"1d12c2b\" data-element_type=\"column\" data-settings=\"{&quot;background_background&quot;:&quot;classic&quot;}\">\n\t\t\t<div class=\"elementor-widget-wrap elementor-element-populated\">\n\t\t\t\t\t\t<div class=\"elementor-element elementor-element-9463042 elementor-widget elementor-widget-heading\" data-id=\"9463042\" data-element_type=\"widget\" data-widget_type=\"heading.default\">\n\t\t\t\t<div class=\"elementor-widget-container\">\n\t\t\t\t\t<h4 class=\"elementor-heading-title elementor-size-default\">Durabilit\u00e9<\/h4>\t\t\t\t<\/div>\n\t\t\t\t<\/div>\n\t\t\t\t<div class=\"elementor-element elementor-element-fd3675b elementor-widget elementor-widget-heading\" data-id=\"fd3675b\" data-element_type=\"widget\" data-widget_type=\"heading.default\">\n\t\t\t\t<div class=\"elementor-widget-container\">\n\t\t\t\t\t<h2 class=\"elementor-heading-title elementor-size-default\">Notre engagement pour un avenir durable.<\/h2>\t\t\t\t<\/div>\n\t\t\t\t<\/div>\n\t\t\t\t\t<\/div>\n\t\t<\/div>\n\t\t\t\t\t<\/div>\n\t\t<\/section>\n\t\t\t\t<section class=\"elementor-section elementor-top-section elementor-element elementor-element-23fafec elementor-section-boxed elementor-section-height-default elementor-section-height-default\" data-id=\"23fafec\" data-element_type=\"section\" data-settings=\"{&quot;background_background&quot;:&quot;classic&quot;}\">\n\t\t\t\t\t\t<div class=\"elementor-container elementor-column-gap-no\">\n\t\t\t\t\t<div class=\"elementor-column elementor-col-50 elementor-top-column elementor-element elementor-element-60913a4\" data-id=\"60913a4\" data-element_type=\"column\">\n\t\t\t<div class=\"elementor-widget-wrap elementor-element-populated\">\n\t\t\t\t\t\t<div class=\"elementor-element elementor-element-05719ee elementor-widget elementor-widget-heading\" data-id=\"05719ee\" data-element_type=\"widget\" data-widget_type=\"heading.default\">\n\t\t\t\t<div class=\"elementor-widget-container\">\n\t\t\t\t\t<h1 class=\"elementor-heading-title elementor-size-default\">Durabilit\u00e9<\/h1>\t\t\t\t<\/div>\n\t\t\t\t<\/div>\n\t\t\t\t<div class=\"elementor-element elementor-element-ffcd873 elementor-widget elementor-widget-text-editor\" data-id=\"ffcd873\" data-element_type=\"widget\" data-widget_type=\"text-editor.default\">\n\t\t\t\t<div class=\"elementor-widget-container\">\n\t\t\t\t\t\t\t\t\t<p>Notre mission d&rsquo;entreprise repose sur la qualit\u00e9 globale, qui comprend des produits d&rsquo;excellence, des services cibl\u00e9s et une attention constante aux besoins de chaque client. Notre objectif est de garantir disponibilit\u00e9, professionnalisme et satisfaction, en cr\u00e9ant des relations durables avec nos partenaires. Le tout avec l&rsquo;\u00e9l\u00e9gance et le prestige intemporel du Made in Italy. <\/p>\t\t\t\t\t\t\t\t<\/div>\n\t\t\t\t<\/div>\n\t\t\t\t\t<\/div>\n\t\t<\/div>\n\t\t\t\t<div class=\"elementor-column elementor-col-50 elementor-top-column elementor-element elementor-element-518ab2f\" data-id=\"518ab2f\" data-element_type=\"column\">\n\t\t\t<div class=\"elementor-widget-wrap elementor-element-populated\">\n\t\t\t\t\t\t<div class=\"elementor-element elementor-element-131c30c elementor-widget elementor-widget-image\" data-id=\"131c30c\" data-element_type=\"widget\" data-widget_type=\"image.default\">\n\t\t\t\t<div class=\"elementor-widget-container\">\n\t\t\t\t\t\t\t\t\t\t\t\t\t\t\t<img fetchpriority=\"high\" decoding=\"async\" width=\"1320\" height=\"1320\" src=\"https:\/\/www.skinsystem.it\/wp-content\/uploads\/2025\/10\/Sostenibil.png\" class=\"attachment-full size-full wp-image-12299\" alt=\"\" srcset=\"https:\/\/www.skinsystem.it\/wp-content\/uploads\/2025\/10\/Sostenibil.png 1320w, https:\/\/www.skinsystem.it\/wp-content\/uploads\/2025\/10\/Sostenibil-460x460.png 460w, https:\/\/www.skinsystem.it\/wp-content\/uploads\/2025\/10\/Sostenibil-115x115.png 115w, https:\/\/www.skinsystem.it\/wp-content\/uploads\/2025\/10\/Sostenibil-760x760.png 760w, https:\/\/www.skinsystem.it\/wp-content\/uploads\/2025\/10\/Sostenibil-920x920.png 920w, https:\/\/www.skinsystem.it\/wp-content\/uploads\/2025\/10\/Sostenibil-145x145.png 145w, https:\/\/www.skinsystem.it\/wp-content\/uploads\/2025\/10\/Sostenibil-290x290.png 290w\" sizes=\"(max-width: 1320px) 100vw, 1320px\" \/>\t\t\t\t\t\t\t\t\t\t\t\t\t\t\t<\/div>\n\t\t\t\t<\/div>\n\t\t\t\t\t<\/div>\n\t\t<\/div>\n\t\t\t\t\t<\/div>\n\t\t<\/section>\n\t\t<div class=\"elementor-element elementor-element-29e1043 e-flex e-con-boxed e-con e-parent\" data-id=\"29e1043\" data-element_type=\"container\" data-settings=\"{&quot;background_background&quot;:&quot;classic&quot;}\">\n\t\t\t\t\t<div class=\"e-con-inner\">\n\t\t\t\t<div class=\"elementor-element elementor-element-70e82d3 elementor-widget elementor-widget-heading\" data-id=\"70e82d3\" data-element_type=\"widget\" data-widget_type=\"heading.default\">\n\t\t\t\t<div class=\"elementor-widget-container\">\n\t\t\t\t\t<h4 class=\"elementor-heading-title elementor-size-default\">Depuis toujours, notre engagement se concentre sur la\ncr\u00e9ation de produits d'\u00e9pilation et de cosm\u00e9tiques\npour le visage et le corps qui respectent l'environnement et la nature.<\/h4>\t\t\t\t<\/div>\n\t\t\t\t<\/div>\n\t\t\t\t<div class=\"elementor-element elementor-element-93aa139 elementor-widget elementor-widget-heading\" data-id=\"93aa139\" data-element_type=\"widget\" data-widget_type=\"heading.default\">\n\t\t\t\t<div class=\"elementor-widget-container\">\n\t\t\t\t\t<h4 class=\"elementor-heading-title elementor-size-default\">Le souci de la durabilit\u00e9 nous guide \u00e0 chaque \u00e9tape de notre activit\u00e9, depuis la s\u00e9lection d'ingr\u00e9dients naturels et biologiques jusqu'\u00e0 la r\u00e9duction de l'impact environnemental de nos productions. Chaque aspect, de la formulation de nos produits \u00e0 la gestion des processus de production, est pens\u00e9 pour r\u00e9duire l'impact \u00e9cologique et contribuer \u00e0 un avenir plus vert. <\/h4>\t\t\t\t<\/div>\n\t\t\t\t<\/div>\n\t\t\t\t\t<\/div>\n\t\t\t\t<\/div>\n\t\t\t\t<section class=\"elementor-section elementor-top-section elementor-element elementor-element-bc7c0d4 elementor-section-full_width elementor-section-height-min-height elementor-section-items-stretch elementor-section-height-default\" data-id=\"bc7c0d4\" data-element_type=\"section\">\n\t\t\t\t\t\t<div class=\"elementor-container elementor-column-gap-no\">\n\t\t\t\t\t<div class=\"elementor-column elementor-col-50 elementor-top-column elementor-element elementor-element-43e1780\" data-id=\"43e1780\" data-element_type=\"column\" data-settings=\"{&quot;background_background&quot;:&quot;classic&quot;}\">\n\t\t\t<div class=\"elementor-widget-wrap elementor-element-populated\">\n\t\t\t\t\t<div class=\"elementor-background-overlay\"><\/div>\n\t\t\t\t\t\t<div class=\"elementor-element elementor-element-c6a9087 elementor-widget elementor-widget-heading\" data-id=\"c6a9087\" data-element_type=\"widget\" data-widget_type=\"heading.default\">\n\t\t\t\t<div class=\"elementor-widget-container\">\n\t\t\t\t\t<h2 class=\"elementor-heading-title elementor-size-default\">Conception et<br>formulation des produits<\/h2>\t\t\t\t<\/div>\n\t\t\t\t<\/div>\n\t\t\t\t<div class=\"elementor-element elementor-element-3cc3277 elementor-widget elementor-widget-heading\" data-id=\"3cc3277\" data-element_type=\"widget\" data-widget_type=\"heading.default\">\n\t\t\t\t<div class=\"elementor-widget-container\">\n\t\t\t\t\t<h2 class=\"elementor-heading-title elementor-size-default\">La recherche et le d\u00e9veloppement sont \u00e0 la base de chacun de nos produits. Nous s\u00e9lectionnons avec soin des mati\u00e8res premi\u00e8res d'origine naturelle, biologique et \u00e9co-durable afin de garantir une qualit\u00e9 maximale sans nuire \u00e0 l'environnement. Nos produits sont exempts de silicones, de sulfates et de p\u00e9trolatum, r\u00e9pondant ainsi \u00e0 la demande croissante de produits \u00e9cologiques et sans danger pour la peau. Nous accordons une attention particuli\u00e8re \u00e0 la formulation afin d'offrir des solutions \u00e0 fort potentiel sans renoncer \u00e0 la puret\u00e9 et \u00e0 la durabilit\u00e9.   <\/h2>\t\t\t\t<\/div>\n\t\t\t\t<\/div>\n\t\t\t\t\t<\/div>\n\t\t<\/div>\n\t\t\t\t<div class=\"elementor-column elementor-col-50 elementor-top-column elementor-element elementor-element-416d6f7\" data-id=\"416d6f7\" data-element_type=\"column\" data-settings=\"{&quot;background_background&quot;:&quot;classic&quot;}\">\n\t\t\t<div class=\"elementor-widget-wrap elementor-element-populated\">\n\t\t\t\t\t<div class=\"elementor-background-overlay\"><\/div>\n\t\t\t\t\t\t<div class=\"elementor-element elementor-element-ca71036 elementor-widget elementor-widget-heading\" data-id=\"ca71036\" data-element_type=\"widget\" data-widget_type=\"heading.default\">\n\t\t\t\t<div class=\"elementor-widget-container\">\n\t\t\t\t\t<h2 class=\"elementor-heading-title elementor-size-default\">Packaging<\/h2>\t\t\t\t<\/div>\n\t\t\t\t<\/div>\n\t\t\t\t<div class=\"elementor-element elementor-element-b82c286 elementor-widget elementor-widget-heading\" data-id=\"b82c286\" data-element_type=\"widget\" data-widget_type=\"heading.default\">\n\t\t\t\t<div class=\"elementor-widget-container\">\n\t\t\t\t\t<h2 class=\"elementor-heading-title elementor-size-default\">L'emballage joue \u00e9galement un r\u00f4le fondamental dans notre engagement en faveur du d\u00e9veloppement durable. Nos emballages sont fabriqu\u00e9s \u00e0 partir de mat\u00e9riaux recycl\u00e9s, facilement recyclables et biod\u00e9gradables, ce qui r\u00e9duit au minimum leur impact sur l'environnement. De plus, nous nous engageons \u00e0 minimiser l'utilisation d'emballages et \u00e0 garantir l'homog\u00e9n\u00e9it\u00e9 des mat\u00e9riaux utilis\u00e9s, afin de favoriser le recyclage et la r\u00e9utilisation.  <\/h2>\t\t\t\t<\/div>\n\t\t\t\t<\/div>\n\t\t\t\t\t<\/div>\n\t\t<\/div>\n\t\t\t\t\t<\/div>\n\t\t<\/section>\n\t\t\t\t<section class=\"elementor-section elementor-top-section elementor-element elementor-element-a1587df elementor-section-full_width elementor-section-height-min-height elementor-section-items-stretch elementor-section-height-default\" data-id=\"a1587df\" data-element_type=\"section\">\n\t\t\t\t\t\t<div class=\"elementor-container elementor-column-gap-no\">\n\t\t\t\t\t<div class=\"elementor-column elementor-col-50 elementor-top-column elementor-element elementor-element-6a11bf7\" data-id=\"6a11bf7\" data-element_type=\"column\" data-settings=\"{&quot;background_background&quot;:&quot;classic&quot;}\">\n\t\t\t<div class=\"elementor-widget-wrap elementor-element-populated\">\n\t\t\t\t\t<div class=\"elementor-background-overlay\"><\/div>\n\t\t\t\t\t\t<div class=\"elementor-element elementor-element-a1641ad elementor-widget elementor-widget-heading\" data-id=\"a1641ad\" data-element_type=\"widget\" data-widget_type=\"heading.default\">\n\t\t\t\t<div class=\"elementor-widget-container\">\n\t\t\t\t\t<h2 class=\"elementor-heading-title elementor-size-default\">Fili\u00e8re et qualit\u00e9<\/h2>\t\t\t\t<\/div>\n\t\t\t\t<\/div>\n\t\t\t\t<div class=\"elementor-element elementor-element-cb470a0 elementor-widget elementor-widget-heading\" data-id=\"cb470a0\" data-element_type=\"widget\" data-widget_type=\"heading.default\">\n\t\t\t\t<div class=\"elementor-widget-container\">\n\t\t\t\t\t<h2 class=\"elementor-heading-title elementor-size-default\">Pour nous, le contr\u00f4le qualit\u00e9 est fondamental, non seulement pendant la production, mais tout au long de la cha\u00eene d'approvisionnement. Chaque \u00e9tape de la production est rigoureusement contr\u00f4l\u00e9e afin de garantir la s\u00e9curit\u00e9 et la haute qualit\u00e9 de nos produits, dans le respect des r\u00e9glementations et des normes environnementales. La gestion de la cha\u00eene d'approvisionnement est transparente, afin d'offrir \u00e0 nos clients des produits fiables et certifi\u00e9s.  <\/h2>\t\t\t\t<\/div>\n\t\t\t\t<\/div>\n\t\t\t\t\t<\/div>\n\t\t<\/div>\n\t\t\t\t<div class=\"elementor-column elementor-col-50 elementor-top-column elementor-element elementor-element-33530eb\" data-id=\"33530eb\" data-element_type=\"column\" data-settings=\"{&quot;background_background&quot;:&quot;classic&quot;}\">\n\t\t\t<div class=\"elementor-widget-wrap elementor-element-populated\">\n\t\t\t\t\t<div class=\"elementor-background-overlay\"><\/div>\n\t\t\t\t\t\t<div class=\"elementor-element elementor-element-7dc7d50 elementor-widget elementor-widget-heading\" data-id=\"7dc7d50\" data-element_type=\"widget\" data-widget_type=\"heading.default\">\n\t\t\t\t<div class=\"elementor-widget-container\">\n\t\t\t\t\t<h2 class=\"elementor-heading-title elementor-size-default\">Communication et sensibilisation<\/h2>\t\t\t\t<\/div>\n\t\t\t\t<\/div>\n\t\t\t\t<div class=\"elementor-element elementor-element-9c30fba elementor-widget elementor-widget-heading\" data-id=\"9c30fba\" data-element_type=\"widget\" data-widget_type=\"heading.default\">\n\t\t\t\t<div class=\"elementor-widget-container\">\n\t\t\t\t\t<h2 class=\"elementor-heading-title elementor-size-default\">Nous impliquons nos clients dans notre engagement environnemental \u00e0 travers des campagnes de sensibilisation aux th\u00e8mes \u00e9cologiques, en utilisant nos r\u00e9seaux sociaux et notre site web pour promouvoir les bonnes pratiques en mati\u00e8re d'\u00e9limination et de recyclage, en indiquant clairement comment r\u00e9utiliser et \u00e9liminer correctement nos emballages.<\/h2>\t\t\t\t<\/div>\n\t\t\t\t<\/div>\n\t\t\t\t\t<\/div>\n\t\t<\/div>\n\t\t\t\t\t<\/div>\n\t\t<\/section>\n\t\t\t\t<section class=\"elementor-section elementor-top-section elementor-element elementor-element-6479fa3 elementor-section-content-middle elementor-section-boxed elementor-section-height-default elementor-section-height-default\" data-id=\"6479fa3\" data-element_type=\"section\">\n\t\t\t\t\t\t<div class=\"elementor-container elementor-column-gap-default\">\n\t\t\t\t\t<div class=\"elementor-column elementor-col-50 elementor-top-column elementor-element elementor-element-d3a570e\" data-id=\"d3a570e\" data-element_type=\"column\">\n\t\t\t<div class=\"elementor-widget-wrap elementor-element-populated\">\n\t\t\t\t\t\t<div class=\"elementor-element elementor-element-9aa9776 elementor-widget elementor-widget-image\" data-id=\"9aa9776\" data-element_type=\"widget\" data-widget_type=\"image.default\">\n\t\t\t\t<div class=\"elementor-widget-container\">\n\t\t\t\t\t\t\t\t\t\t\t\t\t\t\t<img decoding=\"async\" width=\"1320\" height=\"1320\" src=\"https:\/\/www.skinsystem.it\/wp-content\/uploads\/2025\/10\/Sostenibil_02.png\" class=\"attachment-full size-full wp-image-12300\" alt=\"\" srcset=\"https:\/\/www.skinsystem.it\/wp-content\/uploads\/2025\/10\/Sostenibil_02.png 1320w, https:\/\/www.skinsystem.it\/wp-content\/uploads\/2025\/10\/Sostenibil_02-460x460.png 460w, https:\/\/www.skinsystem.it\/wp-content\/uploads\/2025\/10\/Sostenibil_02-115x115.png 115w, https:\/\/www.skinsystem.it\/wp-content\/uploads\/2025\/10\/Sostenibil_02-760x760.png 760w, https:\/\/www.skinsystem.it\/wp-content\/uploads\/2025\/10\/Sostenibil_02-920x920.png 920w, https:\/\/www.skinsystem.it\/wp-content\/uploads\/2025\/10\/Sostenibil_02-145x145.png 145w, https:\/\/www.skinsystem.it\/wp-content\/uploads\/2025\/10\/Sostenibil_02-290x290.png 290w\" sizes=\"(max-width: 1320px) 100vw, 1320px\" \/>\t\t\t\t\t\t\t\t\t\t\t\t\t\t\t<\/div>\n\t\t\t\t<\/div>\n\t\t\t\t\t<\/div>\n\t\t<\/div>\n\t\t\t\t<div class=\"elementor-column elementor-col-50 elementor-top-column elementor-element elementor-element-da5c605\" data-id=\"da5c605\" data-element_type=\"column\" data-settings=\"{&quot;background_background&quot;:&quot;classic&quot;}\">\n\t\t\t<div class=\"elementor-widget-wrap elementor-element-populated\">\n\t\t\t\t\t\t<div class=\"elementor-element elementor-element-68b24ba elementor-widget elementor-widget-heading\" data-id=\"68b24ba\" data-element_type=\"widget\" data-widget_type=\"heading.default\">\n\t\t\t\t<div class=\"elementor-widget-container\">\n\t\t\t\t\t<h2 class=\"elementor-heading-title elementor-size-default\">Distribution, consommation et \u00e9limination responsables<\/h2>\t\t\t\t<\/div>\n\t\t\t\t<\/div>\n\t\t\t\t<div class=\"elementor-element elementor-element-5d50cdd elementor-widget elementor-widget-text-editor\" data-id=\"5d50cdd\" data-element_type=\"widget\" data-widget_type=\"text-editor.default\">\n\t\t\t\t<div class=\"elementor-widget-container\">\n\t\t\t\t\t\t\t\t\t<p>Rendiamo i nostri clienti partecipi del nostro impegno ambientale attraverso campagne di sensibilizzazione sui temi green, utilizzando i nostri canali social e il sito web per promuovere le buone pratiche di smaltimento e riciclo, indicando chiaramente come riutilizzare e smaltire correttamente i nostri packaging.<\/p>\t\t\t\t\t\t\t\t<\/div>\n\t\t\t\t<\/div>\n\t\t\t\t\t<\/div>\n\t\t<\/div>\n\t\t\t\t\t<\/div>\n\t\t<\/section>\n\t\t\t\t<\/div>\n\t\t","protected":false},"excerpt":{"rendered":"<p>Durabilit\u00e9 Notre engagement pour un avenir durable. Durabilit\u00e9 Notre mission d&rsquo;entreprise repose sur la qualit\u00e9 globale, qui comprend&hellip;<\/p>\n","protected":false},"author":1,"featured_media":0,"parent":0,"menu_order":0,"comment_status":"closed","ping_status":"closed","template":"elementor_header_footer","meta":{"footnotes":""},"class_list":["post-12298","page","type-page","status-publish","hentry"],"_links":{"self":[{"href":"https:\/\/www.skinsystem.it\/fr\/wp-json\/wp\/v2\/pages\/12298","targetHints":{"allow":["GET"]}}],"collection":[{"href":"https:\/\/www.skinsystem.it\/fr\/wp-json\/wp\/v2\/pages"}],"about":[{"href":"https:\/\/www.skinsystem.it\/fr\/wp-json\/wp\/v2\/types\/page"}],"author":[{"embeddable":true,"href":"https:\/\/www.skinsystem.it\/fr\/wp-json\/wp\/v2\/users\/1"}],"replies":[{"embeddable":true,"href":"https:\/\/www.skinsystem.it\/fr\/wp-json\/wp\/v2\/comments?post=12298"}],"version-history":[{"count":1,"href":"https:\/\/www.skinsystem.it\/fr\/wp-json\/wp\/v2\/pages\/12298\/revisions"}],"predecessor-version":[{"id":12301,"href":"https:\/\/www.skinsystem.it\/fr\/wp-json\/wp\/v2\/pages\/12298\/revisions\/12301"}],"wp:attachment":[{"href":"https:\/\/www.skinsystem.it\/fr\/wp-json\/wp\/v2\/media?parent=12298"}],"curies":[{"name":"wp","href":"https:\/\/api.w.org\/{rel}","templated":true}]}}