{"id":12368,"date":"2025-08-29T08:58:44","date_gmt":"2025-08-29T08:58:44","guid":{"rendered":"https:\/\/skincompany.duckynetwork.tech\/politique-en-matiere-de-cookies\/"},"modified":"2025-12-23T09:53:25","modified_gmt":"2025-12-23T09:53:25","slug":"politique-en-matiere-de-cookies","status":"publish","type":"page","link":"https:\/\/www.skinsystem.it\/fr\/politique-en-matiere-de-cookies\/","title":{"rendered":"Politique en mati\u00e8re de cookies"},"content":{"rendered":"\t\t<div data-elementor-type=\"wp-page\" data-elementor-id=\"12368\" class=\"elementor elementor-12368 elementor-10856\" data-elementor-post-type=\"page\">\n\t\t\t\t\t\t<section class=\"elementor-section elementor-top-section elementor-element elementor-element-2005d0eb elementor-section-full_width elementor-section-stretched elementor-section-height-default elementor-section-height-default\" data-id=\"2005d0eb\" data-element_type=\"section\" data-settings=\"{&quot;stretch_section&quot;:&quot;section-stretched&quot;}\">\n\t\t\t\t\t\t<div class=\"elementor-container elementor-column-gap-wide\">\n\t\t\t\t\t<div class=\"elementor-column elementor-col-100 elementor-top-column elementor-element elementor-element-ff398de\" data-id=\"ff398de\" data-element_type=\"column\">\n\t\t\t<div class=\"elementor-widget-wrap elementor-element-populated\">\n\t\t\t\t\t\t<div class=\"elementor-element elementor-element-5d850c97 elementor-widget elementor-widget-text-editor\" data-id=\"5d850c97\" data-element_type=\"widget\" data-widget_type=\"text-editor.default\">\n\t\t\t\t<div class=\"elementor-widget-container\">\n\t\t\t\t\t\t\t\t\t<div class=\"ocm-effect-wrap\"><div class=\"ocm-effect-wrap-inner\"><div id=\"ajax-content-wrap\"><div class=\"container-wrap\"><div class=\"container main-content\" role=\"main\"><div class=\"row\"><h1 class=\"vc_custom_heading\">Politique en mati\u00e8re de cookies<\/h1><div class=\"wpb_text_column wpb_content_element \"><div class=\"wpb_wrapper\"> <\/div><\/div><h1 class=\"heading\">EU Cookie Policy<\/h1><div class=\"page-content\"><h2 class=\"ql-align-justify\"><strong>Informations d\u00e9taill\u00e9es sur l&rsquo;utilisation des cookies. En vigueur depuis le 01\/12\/2024 <\/strong><\/h2><p><strong>INTRODUCTION<\/strong><\/p><p>La pr\u00e9sente politique en mati\u00e8re de cookies est \u00e9tablie pour le site https:\/\/www.skinsystem.company\/ (<strong>Site<\/strong>). Le document a \u00e9t\u00e9 r\u00e9dig\u00e9 en tenant compte des dispositions du r\u00e8glement europ\u00e9en 679\/2016 en mati\u00e8re de protection des donn\u00e9es \u00e0 caract\u00e8re personnel (<strong>RGPD<\/strong>), du Code de confidentialit\u00e9 (d\u00e9cret l\u00e9gislatif n\u00b0 196 du 30 juin 2003) et des lignes directrices du Garant de la confidentialit\u00e9 (en particulier les lignes directrices sur l&rsquo;utilisation des cookies publi\u00e9es le 10 juillet 2021). <\/p><p class=\"ql-align-justify\"><strong>Responsable du traitement<\/strong> : SKIN SYSTEM SRL<\/p><p class=\"ql-align-justify\"><strong>INFORMATIONS G\u00c9N\u00c9RALES<\/strong><\/p><h4 class=\"ql-align-justify\"><strong>Que sont les cookies et \u00e0 quoi servent-ils ?<\/strong><\/h4><p class=\"ql-align-justify\">Un cookie est un fichier texte qu&rsquo;un site web visit\u00e9 par l&rsquo;utilisateur envoie \u00e0 son terminal (ordinateur, appareil mobile tel qu&rsquo;un smartphone ou une tablette), o\u00f9 il est stock\u00e9 pour \u00eatre ensuite retransmis \u00e0 ce site lors d&rsquo;une visite ult\u00e9rieure sur ce m\u00eame site.<\/p><p class=\"ql-align-justify\">Les cookies sont class\u00e9s comme suit :<\/p><ul><li class=\"ql-align-justify\">en fonction de l&rsquo;entit\u00e9 qui les installe, selon qu&rsquo;il s&rsquo;agit du m\u00eame gestionnaire du site visit\u00e9 (appel\u00e9s \u00ab cookies de premi\u00e8re partie \u00bb) ou d&rsquo;une entit\u00e9 diff\u00e9rente (appel\u00e9s \u00ab cookies de tierce partie \u00bb) ;<\/li><li class=\"ql-align-justify\">en fonction de la finalit\u00e9 de chaque cookie : certains cookies permettent une meilleure navigation en m\u00e9morisant certains choix de l&rsquo;utilisateur, par exemple la langue (appel\u00e9s \u00ab cookies techniques \u00bb), d&rsquo;autres cookies permettent de suivre la navigation de l&rsquo;utilisateur afin d&rsquo;envoyer des publicit\u00e9s et\/ou d&rsquo;offrir des services en ligne correspondant \u00e0 ses pr\u00e9f\u00e9rences (appel\u00e9s \u00ab cookies de profilage \u00bb).<\/li><\/ul><p class=\"ql-align-justify\">Seuls les cookies de profilage n\u00e9cessitent le consentement pr\u00e9alable de l&rsquo;utilisateur pour leur utilisation.<\/p><p class=\"ql-align-justify\">Le responsable du traitement est uniquement responsable des cookies propri\u00e9taires qu&rsquo;il installe sur le site.<\/p><p class=\"ql-align-justify\">Dans la section \u00ab <strong>Cookies techniques de premi\u00e8re partie<\/strong> \u00bb, vous pouvez consulter les types de cookies techniques de premi\u00e8re partie \u00e9mis par le Site.<\/p><p class=\"ql-align-justify\">La gestion des cookies de profilage est d\u00e9crite dans la section \u00ab <strong>Cookies de profilage tiers<\/strong> \u00bb.<\/p><p>Dans tous les cas, vous pouvez \u00e9galement activer\/d\u00e9sactiver les cookies via les options de votre navigateur :<\/p><p><strong>Internet Explorer<\/strong><\/p><p>Acc\u00e9dez au menu <strong>Outils<\/strong>, puis \u00e0 <strong>Options<\/strong> <strong>Internet<\/strong>.<\/p><p>Cliquez sur <strong>Confidentialit\u00e9<\/strong>, puis sur <strong>Avanc\u00e9<\/strong>.<\/p><p>Dans la fen\u00eatre <strong>Cookies<\/strong>, s\u00e9lectionnez vos pr\u00e9f\u00e9rences.<\/p><p><strong>Microsoft Edge<\/strong><\/p><p>Cliquez sur les trois points dans le coin sup\u00e9rieur droit du navigateur (Menu).<\/p><p>S\u00e9lectionnez <strong>Param\u00e8tres<\/strong>.<\/p><p>Dans la barre lat\u00e9rale gauche, cliquez sur <strong>Cookies et autorisations du site<\/strong>.<\/p><p><strong>Google Chrome<\/strong><\/p><p>Cliquez sur le <strong>menu Chrome<\/strong>, correspondant au bouton en haut \u00e0 droite.<\/p><p>S\u00e9lectionnez <strong>Param\u00e8tres<\/strong>, puis cliquez sur <strong>Avanc\u00e9s<\/strong>.<\/p><p>Dans la section <strong>Confidentialit\u00e9 et s\u00e9curit\u00e9<\/strong>, cliquez sur le bouton <strong>Param\u00e8tres de contenu<\/strong>.<\/p><p>S\u00e9lectionnez les options souhait\u00e9es dans la section <strong>Cookies<\/strong>.<\/p><p><strong>Firefox<\/strong><\/p><p>Cliquez sur <strong>Outils<\/strong>, puis sur le menu <strong>Options<\/strong>.<\/p><p>Cliquez sur les param\u00e8tres <strong>Confidentialit\u00e9 et s\u00e9curit\u00e9<\/strong>.<\/p><p>S\u00e9lectionnez <strong>Utiliser les param\u00e8tres personnalis\u00e9s pour l&rsquo;historique<\/strong>.<\/p><p>S\u00e9lectionnez les options souhait\u00e9es dans la section <strong>Accepter les cookies et les donn\u00e9es provenant des sites Web<\/strong>.<\/p><p><strong>Safari<\/strong><\/p><p>Cliquez sur <strong>Safari<\/strong>, puis sur <strong>Pr\u00e9f\u00e9rences<\/strong>.<\/p><p>Cliquez sur la section <strong>Confidentialit\u00e9 et s\u00e9curit\u00e9<\/strong>.<\/p><p class=\"ql-align-justify\">Allez dans <strong>Bloquer les cookies<\/strong> et s\u00e9lectionnez les options souhait\u00e9es.<\/p><p class=\"ql-align-justify\"><strong>Cookies techniques propri\u00e9taires<\/strong><\/p><p class=\"ql-align-justify\">Ces cookies sont n\u00e9cessaires au fonctionnement du site et ne peuvent \u00eatre d\u00e9sactiv\u00e9s. Ils sont g\u00e9n\u00e9ralement d\u00e9finis en r\u00e9ponse \u00e0 des actions effectu\u00e9es qui constituent une demande de services, telles que la configuration des pr\u00e9f\u00e9rences en mati\u00e8re de cookies, l&rsquo;acc\u00e8s ou le remplissage de formulaires, les pr\u00e9f\u00e9rences de navigation. <\/p><p class=\"ql-align-justify\"> <\/p><ul><li>Le site utilise des cookies de navigation ou de session qui garantissent une navigation et une utilisation normales du site.<\/li><li>Des cookies techniques sont \u00e9galement utilis\u00e9s pour vous permettre de naviguer sur le Site tout en conservant les choix que vous avez effectu\u00e9s.<\/li><\/ul><p> <\/p><p class=\"ql-align-justify\"><strong>Cookies de profilage tiers<\/strong><\/p><p class=\"ql-align-justify\">Le site ne d\u00e9livre pas de cookies de profilage, publicitaires ou statistiques.<\/p><p class=\"ql-align-justify\"><strong>Vos droits<\/strong><\/p><p class=\"ql-align-justify\">Conform\u00e9ment \u00e0 l&rsquo;article 13 du RGPD, le responsable du traitement vous informe que vous avez le droit : <\/p><ul><li class=\"ql-align-justify\">demander au responsable du traitement l&rsquo;acc\u00e8s \u00e0 vos donn\u00e9es personnelles et leur rectification ou leur suppression ou la limitation du traitement qui vous concerne ou vous opposer \u00e0 leur traitement, en plus du droit \u00e0 la portabilit\u00e9 des donn\u00e9es<\/li><li class=\"ql-align-justify\">r\u00e9voquer votre consentement \u00e0 tout moment sans pr\u00e9judice de la lic\u00e9it\u00e9 du traitement fond\u00e9 sur le consentement donn\u00e9 avant la r\u00e9vocation<\/li><li class=\"ql-align-justify\">d\u00e9poser une plainte aupr\u00e8s d&rsquo;une autorit\u00e9 de contr\u00f4le (par exemple : le Garant pour la protection des donn\u00e9es personnelles).<\/li><\/ul><p class=\"ql-align-justify\">Les droits susmentionn\u00e9s peuvent \u00eatre exerc\u00e9s en adressant une demande informelle aux contacts indiqu\u00e9s dans l&rsquo;introduction.<\/p><p class=\"ql-align-justify\"><strong>Communication des donn\u00e9es<\/strong><\/p><p class=\"ql-align-justify\"> <\/p><ul><li>Le responsable du traitement ne communique pas \u00e0 des tiers les informations d\u00e9rivant de l&rsquo;utilisation des cookies.<\/li><\/ul><p> <\/p><p class=\"ql-align-justify\"><strong>Conservation des informations<\/strong><\/p><p class=\"ql-align-justify\"> <\/p><ul><li>Si le Site utilise des cookies de profilage, les donn\u00e9es comportementales de l&rsquo;utilisateur sont conserv\u00e9es jusqu&rsquo;\u00e0 ce que celui-ci r\u00e9voque son consentement.<\/li><\/ul><\/div><\/div><\/div><\/div><\/div><\/div><\/div><div id=\"root-scribe-elem\"><div tabindex=\"-1\" role=\"region\" aria-label=\"Notifications (F8)\"> <\/div><\/div>\t\t\t\t\t\t\t\t<\/div>\n\t\t\t\t<\/div>\n\t\t\t\t\t<\/div>\n\t\t<\/div>\n\t\t\t\t\t<\/div>\n\t\t<\/section>\n\t\t\t\t<\/div>\n\t\t","protected":false},"excerpt":{"rendered":"<p>Politique en mati\u00e8re de cookies EU Cookie Policy Informations d\u00e9taill\u00e9es sur l&rsquo;utilisation des cookies. En vigueur depuis le&hellip;<\/p>\n","protected":false},"author":1,"featured_media":0,"parent":0,"menu_order":0,"comment_status":"closed","ping_status":"closed","template":"elementor_header_footer","meta":{"footnotes":""},"class_list":["post-12368","page","type-page","status-publish","hentry"],"_links":{"self":[{"href":"https:\/\/www.skinsystem.it\/fr\/wp-json\/wp\/v2\/pages\/12368","targetHints":{"allow":["GET"]}}],"collection":[{"href":"https:\/\/www.skinsystem.it\/fr\/wp-json\/wp\/v2\/pages"}],"about":[{"href":"https:\/\/www.skinsystem.it\/fr\/wp-json\/wp\/v2\/types\/page"}],"author":[{"embeddable":true,"href":"https:\/\/www.skinsystem.it\/fr\/wp-json\/wp\/v2\/users\/1"}],"replies":[{"embeddable":true,"href":"https:\/\/www.skinsystem.it\/fr\/wp-json\/wp\/v2\/comments?post=12368"}],"version-history":[{"count":1,"href":"https:\/\/www.skinsystem.it\/fr\/wp-json\/wp\/v2\/pages\/12368\/revisions"}],"predecessor-version":[{"id":12369,"href":"https:\/\/www.skinsystem.it\/fr\/wp-json\/wp\/v2\/pages\/12368\/revisions\/12369"}],"wp:attachment":[{"href":"https:\/\/www.skinsystem.it\/fr\/wp-json\/wp\/v2\/media?parent=12368"}],"curies":[{"name":"wp","href":"https:\/\/api.w.org\/{rel}","templated":true}]}}