{"id":12373,"date":"2025-07-08T07:51:46","date_gmt":"2025-07-08T07:51:46","guid":{"rendered":"https:\/\/skincompany.duckynetwork.tech\/magazine\/"},"modified":"2026-01-16T10:46:27","modified_gmt":"2026-01-16T10:46:27","slug":"magazine","status":"publish","type":"page","link":"https:\/\/www.skinsystem.it\/fr\/magazine\/","title":{"rendered":"Magazine"},"content":{"rendered":"\t\t<div data-elementor-type=\"wp-page\" data-elementor-id=\"12373\" class=\"elementor elementor-12373 elementor-5346\" data-elementor-post-type=\"page\">\n\t\t\t\t\t\t<section class=\"elementor-section elementor-top-section elementor-element elementor-element-ae8a2c9 elementor-section-full_width elementor-section-height-default elementor-section-height-default\" data-id=\"ae8a2c9\" data-element_type=\"section\" data-settings=\"{&quot;background_background&quot;:&quot;classic&quot;}\">\n\t\t\t\t\t\t<div class=\"elementor-container elementor-column-gap-no\">\n\t\t\t\t\t<div class=\"elementor-column elementor-col-100 elementor-top-column elementor-element elementor-element-8dd2867\" data-id=\"8dd2867\" data-element_type=\"column\">\n\t\t\t<div class=\"elementor-widget-wrap elementor-element-populated\">\n\t\t\t\t\t\t<div class=\"elementor-element elementor-element-aac9fe9 elementor-widget__width-inherit elementor-widget elementor-widget-ideapark-heading\" data-id=\"aac9fe9\" data-element_type=\"widget\" data-widget_type=\"ideapark-heading.default\">\n\t\t\t\t<div class=\"elementor-widget-container\">\n\t\t\t\t\t<div class=\"c-ip-heading c-ip-heading--default c-ip-heading--left c-ip-heading--bullet-hide\"><span class=\"c-ip-heading__inner\">News<\/span><\/div>\t\t\t\t<\/div>\n\t\t\t\t<\/div>\n\t\t\t\t\t<\/div>\n\t\t<\/div>\n\t\t\t\t\t<\/div>\n\t\t<\/section>\n\t\t<div class=\"elementor-element elementor-element-3a34f9e e-flex e-con-boxed e-con e-parent\" data-id=\"3a34f9e\" data-element_type=\"container\" data-settings=\"{&quot;background_background&quot;:&quot;classic&quot;}\">\n\t\t\t\t\t<div class=\"e-con-inner\">\n\t\t\t\t<div class=\"elementor-element elementor-element-dd2a696 elementor-grid-3 elementor-grid-tablet-2 elementor-grid-mobile-1 elementor-posts--thumbnail-top elementor-card-shadow-yes elementor-posts__hover-gradient elementor-widget elementor-widget-posts\" data-id=\"dd2a696\" data-element_type=\"widget\" data-settings=\"{&quot;cards_columns&quot;:&quot;3&quot;,&quot;cards_columns_tablet&quot;:&quot;2&quot;,&quot;cards_columns_mobile&quot;:&quot;1&quot;,&quot;cards_row_gap&quot;:{&quot;unit&quot;:&quot;px&quot;,&quot;size&quot;:35,&quot;sizes&quot;:[]},&quot;cards_row_gap_tablet&quot;:{&quot;unit&quot;:&quot;px&quot;,&quot;size&quot;:&quot;&quot;,&quot;sizes&quot;:[]},&quot;cards_row_gap_mobile&quot;:{&quot;unit&quot;:&quot;px&quot;,&quot;size&quot;:&quot;&quot;,&quot;sizes&quot;:[]}}\" data-widget_type=\"posts.cards\">\n\t\t\t\t<div class=\"elementor-widget-container\">\n\t\t\t\t\t\t\t<div class=\"elementor-posts-container elementor-posts elementor-posts--skin-cards elementor-grid\" role=\"list\">\n\t\t\t\t<article class=\"elementor-post elementor-grid-item post-19523 post type-post status-publish format-standard has-post-thumbnail hentry category-fashion category-non-categorise\" role=\"listitem\">\n\t\t\t<div class=\"elementor-post__card\">\n\t\t\t\t<a class=\"elementor-post__thumbnail__link\" href=\"https:\/\/www.skinsystem.it\/fr\/skinsystem-obtient-la-certification-doperateur-economique-agree-aeo-2\/\" tabindex=\"-1\" target=\"_blank\"><div class=\"elementor-post__thumbnail\"><img fetchpriority=\"high\" decoding=\"async\" width=\"1375\" height=\"962\" src=\"https:\/\/www.skinsystem.it\/wp-content\/uploads\/2026\/01\/francese05-1.jpg\" class=\"attachment-full size-full wp-image-19797\" alt=\"\" srcset=\"https:\/\/www.skinsystem.it\/wp-content\/uploads\/2026\/01\/francese05-1.jpg 1375w, https:\/\/www.skinsystem.it\/wp-content\/uploads\/2026\/01\/francese05-1-600x420.jpg 600w, https:\/\/www.skinsystem.it\/wp-content\/uploads\/2026\/01\/francese05-1-460x322.jpg 460w, https:\/\/www.skinsystem.it\/wp-content\/uploads\/2026\/01\/francese05-1-760x532.jpg 760w, https:\/\/www.skinsystem.it\/wp-content\/uploads\/2026\/01\/francese05-1-920x644.jpg 920w, https:\/\/www.skinsystem.it\/wp-content\/uploads\/2026\/01\/francese05-1-207x145.jpg 207w, https:\/\/www.skinsystem.it\/wp-content\/uploads\/2026\/01\/francese05-1-415x290.jpg 415w\" sizes=\"(max-width: 1375px) 100vw, 1375px\" \/><\/div><\/a>\n\t\t\t\t<div class=\"elementor-post__text\">\n\t\t\t\t<h3 class=\"elementor-post__title\">\n\t\t\t<a href=\"https:\/\/www.skinsystem.it\/fr\/skinsystem-obtient-la-certification-doperateur-economique-agree-aeo-2\/\" target=&quot;_blank&quot;>\n\t\t\t\tSkinSystem obtient la certification d&rsquo;Op\u00e9rateur Economique Agr\u00e9\u00e9 (AEO)\t\t\t<\/a>\n\t\t<\/h3>\n\t\t\n\t\t<a class=\"elementor-post__read-more\" href=\"https:\/\/www.skinsystem.it\/fr\/skinsystem-obtient-la-certification-doperateur-economique-agree-aeo-2\/\" aria-label=\"En savoir plus sur SkinSystem obtient la certification d&rsquo;Op\u00e9rateur Economique Agr\u00e9\u00e9 (AEO)\" tabindex=\"-1\" target=\"_blank\">\n\t\t\tEn savoir plus \u00bb\t\t<\/a>\n\n\t\t\t\t<\/div>\n\t\t\t\t\t<\/div>\n\t\t<\/article>\n\t\t\t\t<article class=\"elementor-post elementor-grid-item post-19482 post type-post status-publish format-image has-post-thumbnail hentry category-fashion category-non-categorise tag-cosmetic tag-trends post_format-post-format-image\" role=\"listitem\">\n\t\t\t<div class=\"elementor-post__card\">\n\t\t\t\t<a class=\"elementor-post__thumbnail__link\" href=\"https:\/\/www.skinsystem.it\/fr\/cosmoprof-bologna-2026-ecouvrez-skinsystems-world-2\/\" tabindex=\"-1\" target=\"_blank\"><div class=\"elementor-post__thumbnail\"><img decoding=\"async\" width=\"1375\" height=\"962\" src=\"https:\/\/www.skinsystem.it\/wp-content\/uploads\/2026\/01\/francese-2.png\" class=\"attachment-full size-full wp-image-19798\" alt=\"\" srcset=\"https:\/\/www.skinsystem.it\/wp-content\/uploads\/2026\/01\/francese-2.png 1375w, https:\/\/www.skinsystem.it\/wp-content\/uploads\/2026\/01\/francese-2-600x420.png 600w, https:\/\/www.skinsystem.it\/wp-content\/uploads\/2026\/01\/francese-2-460x322.png 460w, https:\/\/www.skinsystem.it\/wp-content\/uploads\/2026\/01\/francese-2-760x532.png 760w, https:\/\/www.skinsystem.it\/wp-content\/uploads\/2026\/01\/francese-2-920x644.png 920w, https:\/\/www.skinsystem.it\/wp-content\/uploads\/2026\/01\/francese-2-207x145.png 207w, https:\/\/www.skinsystem.it\/wp-content\/uploads\/2026\/01\/francese-2-415x290.png 415w\" sizes=\"(max-width: 1375px) 100vw, 1375px\" \/><\/div><\/a>\n\t\t\t\t<div class=\"elementor-post__text\">\n\t\t\t\t<h3 class=\"elementor-post__title\">\n\t\t\t<a href=\"https:\/\/www.skinsystem.it\/fr\/cosmoprof-bologna-2026-ecouvrez-skinsystems-world-2\/\" target=&quot;_blank&quot;>\n\t\t\t\tCosmoprof Bologna 2026 | Ecouvrez SkinSystem&rsquo;s world\t\t\t<\/a>\n\t\t<\/h3>\n\t\t\n\t\t<a class=\"elementor-post__read-more\" href=\"https:\/\/www.skinsystem.it\/fr\/cosmoprof-bologna-2026-ecouvrez-skinsystems-world-2\/\" aria-label=\"En savoir plus sur Cosmoprof Bologna 2026 | Ecouvrez SkinSystem&rsquo;s world\" tabindex=\"-1\" target=\"_blank\">\n\t\t\tEn savoir plus \u00bb\t\t<\/a>\n\n\t\t\t\t<\/div>\n\t\t\t\t\t<\/div>\n\t\t<\/article>\n\t\t\t\t<article class=\"elementor-post elementor-grid-item post-19570 post type-post status-publish format-image has-post-thumbnail hentry category-cosmetic category-fashion tag-cosmetic tag-trends post_format-post-format-image\" role=\"listitem\">\n\t\t\t<div class=\"elementor-post__card\">\n\t\t\t\t<a class=\"elementor-post__thumbnail__link\" href=\"https:\/\/www.skinsystem.it\/fr\/cosmoprof-bologne-2025-decouvrez-en-direct-les-produits-skinsystem\/\" tabindex=\"-1\" target=\"_blank\"><div class=\"elementor-post__thumbnail\"><img decoding=\"async\" width=\"920\" height=\"518\" src=\"https:\/\/www.skinsystem.it\/wp-content\/uploads\/2025\/03\/Cosmoprof-Bologna-2025.jpg\" class=\"attachment-full size-full wp-image-19569\" alt=\"\" srcset=\"https:\/\/www.skinsystem.it\/wp-content\/uploads\/2025\/03\/Cosmoprof-Bologna-2025.jpg 920w, https:\/\/www.skinsystem.it\/wp-content\/uploads\/2025\/03\/Cosmoprof-Bologna-2025-600x338.jpg 600w, https:\/\/www.skinsystem.it\/wp-content\/uploads\/2025\/03\/Cosmoprof-Bologna-2025-460x259.jpg 460w, https:\/\/www.skinsystem.it\/wp-content\/uploads\/2025\/03\/Cosmoprof-Bologna-2025-760x428.jpg 760w, https:\/\/www.skinsystem.it\/wp-content\/uploads\/2025\/03\/Cosmoprof-Bologna-2025-258x145.jpg 258w, https:\/\/www.skinsystem.it\/wp-content\/uploads\/2025\/03\/Cosmoprof-Bologna-2025-515x290.jpg 515w\" sizes=\"(max-width: 920px) 100vw, 920px\" \/><\/div><\/a>\n\t\t\t\t<div class=\"elementor-post__text\">\n\t\t\t\t<h3 class=\"elementor-post__title\">\n\t\t\t<a href=\"https:\/\/www.skinsystem.it\/fr\/cosmoprof-bologne-2025-decouvrez-en-direct-les-produits-skinsystem\/\" target=&quot;_blank&quot;>\n\t\t\t\tCosmoprof Bologne 2025 | D\u00e9couvrez en direct les produits SkinSystem !\t\t\t<\/a>\n\t\t<\/h3>\n\t\t\n\t\t<a class=\"elementor-post__read-more\" href=\"https:\/\/www.skinsystem.it\/fr\/cosmoprof-bologne-2025-decouvrez-en-direct-les-produits-skinsystem\/\" aria-label=\"En savoir plus sur Cosmoprof Bologne 2025 | D\u00e9couvrez en direct les produits SkinSystem !\" tabindex=\"-1\" target=\"_blank\">\n\t\t\tEn savoir plus \u00bb\t\t<\/a>\n\n\t\t\t\t<\/div>\n\t\t\t\t\t<\/div>\n\t\t<\/article>\n\t\t\t\t<article class=\"elementor-post elementor-grid-item post-19582 post type-post status-publish format-image has-post-thumbnail hentry category-cosmetic category-fashion tag-cosmetic tag-trends post_format-post-format-image\" role=\"listitem\">\n\t\t\t<div class=\"elementor-post__card\">\n\t\t\t\t<a class=\"elementor-post__thumbnail__link\" href=\"https:\/\/www.skinsystem.it\/fr\/cosmoprof-miami-2025-venez-visiter-notre-stand\/\" tabindex=\"-1\" target=\"_blank\"><div class=\"elementor-post__thumbnail\"><img loading=\"lazy\" decoding=\"async\" width=\"920\" height=\"518\" src=\"https:\/\/www.skinsystem.it\/wp-content\/uploads\/2025\/01\/miami2025.jpg\" class=\"attachment-full size-full wp-image-19581\" alt=\"\" srcset=\"https:\/\/www.skinsystem.it\/wp-content\/uploads\/2025\/01\/miami2025.jpg 920w, https:\/\/www.skinsystem.it\/wp-content\/uploads\/2025\/01\/miami2025-600x338.jpg 600w, https:\/\/www.skinsystem.it\/wp-content\/uploads\/2025\/01\/miami2025-460x259.jpg 460w, https:\/\/www.skinsystem.it\/wp-content\/uploads\/2025\/01\/miami2025-760x428.jpg 760w, https:\/\/www.skinsystem.it\/wp-content\/uploads\/2025\/01\/miami2025-258x145.jpg 258w, https:\/\/www.skinsystem.it\/wp-content\/uploads\/2025\/01\/miami2025-515x290.jpg 515w\" sizes=\"(max-width: 920px) 100vw, 920px\" \/><\/div><\/a>\n\t\t\t\t<div class=\"elementor-post__text\">\n\t\t\t\t<h3 class=\"elementor-post__title\">\n\t\t\t<a href=\"https:\/\/www.skinsystem.it\/fr\/cosmoprof-miami-2025-venez-visiter-notre-stand\/\" target=&quot;_blank&quot;>\n\t\t\t\tCosmoprof Miami 2025 | Venez visiter notre stand !\t\t\t<\/a>\n\t\t<\/h3>\n\t\t\n\t\t<a class=\"elementor-post__read-more\" href=\"https:\/\/www.skinsystem.it\/fr\/cosmoprof-miami-2025-venez-visiter-notre-stand\/\" aria-label=\"En savoir plus sur Cosmoprof Miami 2025 | Venez visiter notre stand !\" tabindex=\"-1\" target=\"_blank\">\n\t\t\tEn savoir plus \u00bb\t\t<\/a>\n\n\t\t\t\t<\/div>\n\t\t\t\t\t<\/div>\n\t\t<\/article>\n\t\t\t\t<article class=\"elementor-post elementor-grid-item post-19598 post type-post status-publish format-standard has-post-thumbnail hentry category-cosmetic category-fashion tag-cosmetic tag-trends\" role=\"listitem\">\n\t\t\t<div class=\"elementor-post__card\">\n\t\t\t\t<a class=\"elementor-post__thumbnail__link\" href=\"https:\/\/www.skinsystem.it\/fr\/beautyworld-moyen-orient-orient-2024\/\" tabindex=\"-1\" target=\"_blank\"><div class=\"elementor-post__thumbnail\"><img loading=\"lazy\" decoding=\"async\" width=\"920\" height=\"518\" src=\"https:\/\/www.skinsystem.it\/wp-content\/uploads\/2024\/10\/imgi_13_Cosmoprof-Bologna-2025new.jpg\" class=\"attachment-full size-full wp-image-19597\" alt=\"\" srcset=\"https:\/\/www.skinsystem.it\/wp-content\/uploads\/2024\/10\/imgi_13_Cosmoprof-Bologna-2025new.jpg 920w, https:\/\/www.skinsystem.it\/wp-content\/uploads\/2024\/10\/imgi_13_Cosmoprof-Bologna-2025new-600x338.jpg 600w, https:\/\/www.skinsystem.it\/wp-content\/uploads\/2024\/10\/imgi_13_Cosmoprof-Bologna-2025new-460x259.jpg 460w, https:\/\/www.skinsystem.it\/wp-content\/uploads\/2024\/10\/imgi_13_Cosmoprof-Bologna-2025new-760x428.jpg 760w, https:\/\/www.skinsystem.it\/wp-content\/uploads\/2024\/10\/imgi_13_Cosmoprof-Bologna-2025new-258x145.jpg 258w, https:\/\/www.skinsystem.it\/wp-content\/uploads\/2024\/10\/imgi_13_Cosmoprof-Bologna-2025new-515x290.jpg 515w\" sizes=\"(max-width: 920px) 100vw, 920px\" \/><\/div><\/a>\n\t\t\t\t<div class=\"elementor-post__text\">\n\t\t\t\t<h3 class=\"elementor-post__title\">\n\t\t\t<a href=\"https:\/\/www.skinsystem.it\/fr\/beautyworld-moyen-orient-orient-2024\/\" target=&quot;_blank&quot;>\n\t\t\t\tBeautyworld Moyen-Orient Orient 2024\t\t\t<\/a>\n\t\t<\/h3>\n\t\t\n\t\t<a class=\"elementor-post__read-more\" href=\"https:\/\/www.skinsystem.it\/fr\/beautyworld-moyen-orient-orient-2024\/\" aria-label=\"En savoir plus sur Beautyworld Moyen-Orient Orient 2024\" tabindex=\"-1\" target=\"_blank\">\n\t\t\tEn savoir plus \u00bb\t\t<\/a>\n\n\t\t\t\t<\/div>\n\t\t\t\t\t<\/div>\n\t\t<\/article>\n\t\t\t\t<article class=\"elementor-post elementor-grid-item post-19708 post type-post status-publish format-image has-post-thumbnail hentry category-cosmetic category-fashion tag-cosmetic tag-trends post_format-post-format-image\" role=\"listitem\">\n\t\t\t<div class=\"elementor-post__card\">\n\t\t\t\t<a class=\"elementor-post__thumbnail__link\" href=\"https:\/\/www.skinsystem.it\/fr\/cosmoprof-bologna-2024\/\" tabindex=\"-1\" target=\"_blank\"><div class=\"elementor-post__thumbnail\"><img loading=\"lazy\" decoding=\"async\" width=\"920\" height=\"518\" src=\"https:\/\/www.skinsystem.it\/wp-content\/uploads\/2024\/01\/imgi_17.jpg\" class=\"attachment-full size-full wp-image-19707\" alt=\"\" srcset=\"https:\/\/www.skinsystem.it\/wp-content\/uploads\/2024\/01\/imgi_17.jpg 920w, https:\/\/www.skinsystem.it\/wp-content\/uploads\/2024\/01\/imgi_17-600x338.jpg 600w, https:\/\/www.skinsystem.it\/wp-content\/uploads\/2024\/01\/imgi_17-460x259.jpg 460w, https:\/\/www.skinsystem.it\/wp-content\/uploads\/2024\/01\/imgi_17-760x428.jpg 760w, https:\/\/www.skinsystem.it\/wp-content\/uploads\/2024\/01\/imgi_17-258x145.jpg 258w, https:\/\/www.skinsystem.it\/wp-content\/uploads\/2024\/01\/imgi_17-515x290.jpg 515w\" sizes=\"(max-width: 920px) 100vw, 920px\" \/><\/div><\/a>\n\t\t\t\t<div class=\"elementor-post__text\">\n\t\t\t\t<h3 class=\"elementor-post__title\">\n\t\t\t<a href=\"https:\/\/www.skinsystem.it\/fr\/cosmoprof-bologna-2024\/\" target=&quot;_blank&quot;>\n\t\t\t\tCosmoprof Bologna 2024\t\t\t<\/a>\n\t\t<\/h3>\n\t\t\n\t\t<a class=\"elementor-post__read-more\" href=\"https:\/\/www.skinsystem.it\/fr\/cosmoprof-bologna-2024\/\" aria-label=\"En savoir plus sur Cosmoprof Bologna 2024\" tabindex=\"-1\" target=\"_blank\">\n\t\t\tEn savoir plus \u00bb\t\t<\/a>\n\n\t\t\t\t<\/div>\n\t\t\t\t\t<\/div>\n\t\t<\/article>\n\t\t\t\t<article class=\"elementor-post elementor-grid-item post-19729 post type-post status-publish format-image has-post-thumbnail hentry tag-cosmetic tag-trends post_format-post-format-image\" role=\"listitem\">\n\t\t\t<div class=\"elementor-post__card\">\n\t\t\t\t<a class=\"elementor-post__thumbnail__link\" href=\"https:\/\/www.skinsystem.it\/fr\/cosmoprof-miami-beach-2024\/\" tabindex=\"-1\" target=\"_blank\"><div class=\"elementor-post__thumbnail\"><img loading=\"lazy\" decoding=\"async\" width=\"680\" height=\"644\" src=\"https:\/\/www.skinsystem.it\/wp-content\/uploads\/2024\/01\/imgi_7_Screenshot-2023-12-07-131421.png\" class=\"attachment-full size-full wp-image-19728\" alt=\"\" srcset=\"https:\/\/www.skinsystem.it\/wp-content\/uploads\/2024\/01\/imgi_7_Screenshot-2023-12-07-131421.png 680w, https:\/\/www.skinsystem.it\/wp-content\/uploads\/2024\/01\/imgi_7_Screenshot-2023-12-07-131421-600x568.png 600w, https:\/\/www.skinsystem.it\/wp-content\/uploads\/2024\/01\/imgi_7_Screenshot-2023-12-07-131421-460x436.png 460w, https:\/\/www.skinsystem.it\/wp-content\/uploads\/2024\/01\/imgi_7_Screenshot-2023-12-07-131421-153x145.png 153w, https:\/\/www.skinsystem.it\/wp-content\/uploads\/2024\/01\/imgi_7_Screenshot-2023-12-07-131421-306x290.png 306w\" sizes=\"(max-width: 680px) 100vw, 680px\" \/><\/div><\/a>\n\t\t\t\t<div class=\"elementor-post__text\">\n\t\t\t\t<h3 class=\"elementor-post__title\">\n\t\t\t<a href=\"https:\/\/www.skinsystem.it\/fr\/cosmoprof-miami-beach-2024\/\" target=&quot;_blank&quot;>\n\t\t\t\tCosmoprof Miami Beach 2024\t\t\t<\/a>\n\t\t<\/h3>\n\t\t\n\t\t<a class=\"elementor-post__read-more\" href=\"https:\/\/www.skinsystem.it\/fr\/cosmoprof-miami-beach-2024\/\" aria-label=\"En savoir plus sur Cosmoprof Miami Beach 2024\" tabindex=\"-1\" target=\"_blank\">\n\t\t\tEn savoir plus \u00bb\t\t<\/a>\n\n\t\t\t\t<\/div>\n\t\t\t\t\t<\/div>\n\t\t<\/article>\n\t\t\t\t<article class=\"elementor-post elementor-grid-item post-19660 post type-post status-publish format-image has-post-thumbnail hentry category-fashion category-cosmetic tag-cosmetic tag-trends post_format-post-format-image\" role=\"listitem\">\n\t\t\t<div class=\"elementor-post__card\">\n\t\t\t\t<a class=\"elementor-post__thumbnail__link\" href=\"https:\/\/www.skinsystem.it\/fr\/cosmoprof-bologna-2023\/\" tabindex=\"-1\" target=\"_blank\"><div class=\"elementor-post__thumbnail\"><img loading=\"lazy\" decoding=\"async\" width=\"920\" height=\"518\" src=\"https:\/\/www.skinsystem.it\/wp-content\/uploads\/2023\/04\/imgi_15.jpg\" class=\"attachment-full size-full wp-image-19659\" alt=\"\" srcset=\"https:\/\/www.skinsystem.it\/wp-content\/uploads\/2023\/04\/imgi_15.jpg 920w, https:\/\/www.skinsystem.it\/wp-content\/uploads\/2023\/04\/imgi_15-600x338.jpg 600w, https:\/\/www.skinsystem.it\/wp-content\/uploads\/2023\/04\/imgi_15-460x259.jpg 460w, https:\/\/www.skinsystem.it\/wp-content\/uploads\/2023\/04\/imgi_15-760x428.jpg 760w, https:\/\/www.skinsystem.it\/wp-content\/uploads\/2023\/04\/imgi_15-258x145.jpg 258w, https:\/\/www.skinsystem.it\/wp-content\/uploads\/2023\/04\/imgi_15-515x290.jpg 515w\" sizes=\"(max-width: 920px) 100vw, 920px\" \/><\/div><\/a>\n\t\t\t\t<div class=\"elementor-post__text\">\n\t\t\t\t<h3 class=\"elementor-post__title\">\n\t\t\t<a href=\"https:\/\/www.skinsystem.it\/fr\/cosmoprof-bologna-2023\/\" target=&quot;_blank&quot;>\n\t\t\t\tCosmoprof Bologna 2023\t\t\t<\/a>\n\t\t<\/h3>\n\t\t\n\t\t<a class=\"elementor-post__read-more\" href=\"https:\/\/www.skinsystem.it\/fr\/cosmoprof-bologna-2023\/\" aria-label=\"En savoir plus sur Cosmoprof Bologna 2023\" tabindex=\"-1\" target=\"_blank\">\n\t\t\tEn savoir plus \u00bb\t\t<\/a>\n\n\t\t\t\t<\/div>\n\t\t\t\t\t<\/div>\n\t\t<\/article>\n\t\t\t\t<article class=\"elementor-post elementor-grid-item post-19634 post type-post status-publish format-image has-post-thumbnail hentry category-cosmetic category-fashion tag-cosmetic tag-trends post_format-post-format-image\" role=\"listitem\">\n\t\t\t<div class=\"elementor-post__card\">\n\t\t\t\t<a class=\"elementor-post__thumbnail__link\" href=\"https:\/\/www.skinsystem.it\/fr\/beauty-istanbul-2023\/\" tabindex=\"-1\" target=\"_blank\"><div class=\"elementor-post__thumbnail\"><img loading=\"lazy\" decoding=\"async\" width=\"960\" height=\"720\" src=\"https:\/\/www.skinsystem.it\/wp-content\/uploads\/2023\/09\/imgi_9_invito_skinsystem.png\" class=\"attachment-full size-full wp-image-19633\" alt=\"\" srcset=\"https:\/\/www.skinsystem.it\/wp-content\/uploads\/2023\/09\/imgi_9_invito_skinsystem.png 960w, https:\/\/www.skinsystem.it\/wp-content\/uploads\/2023\/09\/imgi_9_invito_skinsystem-600x450.png 600w, https:\/\/www.skinsystem.it\/wp-content\/uploads\/2023\/09\/imgi_9_invito_skinsystem-460x345.png 460w, https:\/\/www.skinsystem.it\/wp-content\/uploads\/2023\/09\/imgi_9_invito_skinsystem-760x570.png 760w, https:\/\/www.skinsystem.it\/wp-content\/uploads\/2023\/09\/imgi_9_invito_skinsystem-920x690.png 920w, https:\/\/www.skinsystem.it\/wp-content\/uploads\/2023\/09\/imgi_9_invito_skinsystem-193x145.png 193w, https:\/\/www.skinsystem.it\/wp-content\/uploads\/2023\/09\/imgi_9_invito_skinsystem-387x290.png 387w\" sizes=\"(max-width: 960px) 100vw, 960px\" \/><\/div><\/a>\n\t\t\t\t<div class=\"elementor-post__text\">\n\t\t\t\t<h3 class=\"elementor-post__title\">\n\t\t\t<a href=\"https:\/\/www.skinsystem.it\/fr\/beauty-istanbul-2023\/\" target=&quot;_blank&quot;>\n\t\t\t\tBeauty Istanbul 2023\t\t\t<\/a>\n\t\t<\/h3>\n\t\t\n\t\t<a class=\"elementor-post__read-more\" href=\"https:\/\/www.skinsystem.it\/fr\/beauty-istanbul-2023\/\" aria-label=\"En savoir plus sur Beauty Istanbul 2023\" tabindex=\"-1\" target=\"_blank\">\n\t\t\tEn savoir plus \u00bb\t\t<\/a>\n\n\t\t\t\t<\/div>\n\t\t\t\t\t<\/div>\n\t\t<\/article>\n\t\t\t\t<article class=\"elementor-post elementor-grid-item post-19566 post type-post status-publish format-image has-post-thumbnail hentry category-cosmetic category-fashion tag-trends tag-cosmetic post_format-post-format-image\" role=\"listitem\">\n\t\t\t<div class=\"elementor-post__card\">\n\t\t\t\t<a class=\"elementor-post__thumbnail__link\" href=\"https:\/\/www.skinsystem.it\/fr\/cosmoprof-bologna-2022\/\" tabindex=\"-1\" target=\"_blank\"><div class=\"elementor-post__thumbnail\"><img loading=\"lazy\" decoding=\"async\" width=\"920\" height=\"518\" src=\"https:\/\/www.skinsystem.it\/wp-content\/uploads\/2022\/04\/COSMOPROF-2022.jpg\" class=\"attachment-full size-full wp-image-19565\" alt=\"\" srcset=\"https:\/\/www.skinsystem.it\/wp-content\/uploads\/2022\/04\/COSMOPROF-2022.jpg 920w, https:\/\/www.skinsystem.it\/wp-content\/uploads\/2022\/04\/COSMOPROF-2022-600x338.jpg 600w, https:\/\/www.skinsystem.it\/wp-content\/uploads\/2022\/04\/COSMOPROF-2022-460x259.jpg 460w, https:\/\/www.skinsystem.it\/wp-content\/uploads\/2022\/04\/COSMOPROF-2022-760x428.jpg 760w, https:\/\/www.skinsystem.it\/wp-content\/uploads\/2022\/04\/COSMOPROF-2022-258x145.jpg 258w, https:\/\/www.skinsystem.it\/wp-content\/uploads\/2022\/04\/COSMOPROF-2022-515x290.jpg 515w\" sizes=\"(max-width: 920px) 100vw, 920px\" \/><\/div><\/a>\n\t\t\t\t<div class=\"elementor-post__text\">\n\t\t\t\t<h3 class=\"elementor-post__title\">\n\t\t\t<a href=\"https:\/\/www.skinsystem.it\/fr\/cosmoprof-bologna-2022\/\" target=&quot;_blank&quot;>\n\t\t\t\tCosmoprof Bologna 2022\t\t\t<\/a>\n\t\t<\/h3>\n\t\t\n\t\t<a class=\"elementor-post__read-more\" href=\"https:\/\/www.skinsystem.it\/fr\/cosmoprof-bologna-2022\/\" aria-label=\"En savoir plus sur Cosmoprof Bologna 2022\" tabindex=\"-1\" target=\"_blank\">\n\t\t\tEn savoir plus \u00bb\t\t<\/a>\n\n\t\t\t\t<\/div>\n\t\t\t\t\t<\/div>\n\t\t<\/article>\n\t\t\t\t<\/div>\n\t\t\n\t\t\t\t\t\t<\/div>\n\t\t\t\t<\/div>\n\t\t\t\t\t<\/div>\n\t\t\t\t<\/div>\n\t\t\t\t<\/div>\n\t\t","protected":false},"excerpt":{"rendered":"<p>News<\/p>\n","protected":false},"author":1,"featured_media":0,"parent":0,"menu_order":0,"comment_status":"closed","ping_status":"closed","template":"elementor_header_footer","meta":{"footnotes":""},"class_list":["post-12373","page","type-page","status-publish","hentry"],"_links":{"self":[{"href":"https:\/\/www.skinsystem.it\/fr\/wp-json\/wp\/v2\/pages\/12373","targetHints":{"allow":["GET"]}}],"collection":[{"href":"https:\/\/www.skinsystem.it\/fr\/wp-json\/wp\/v2\/pages"}],"about":[{"href":"https:\/\/www.skinsystem.it\/fr\/wp-json\/wp\/v2\/types\/page"}],"author":[{"embeddable":true,"href":"https:\/\/www.skinsystem.it\/fr\/wp-json\/wp\/v2\/users\/1"}],"replies":[{"embeddable":true,"href":"https:\/\/www.skinsystem.it\/fr\/wp-json\/wp\/v2\/comments?post=12373"}],"version-history":[{"count":3,"href":"https:\/\/www.skinsystem.it\/fr\/wp-json\/wp\/v2\/pages\/12373\/revisions"}],"predecessor-version":[{"id":19767,"href":"https:\/\/www.skinsystem.it\/fr\/wp-json\/wp\/v2\/pages\/12373\/revisions\/19767"}],"wp:attachment":[{"href":"https:\/\/www.skinsystem.it\/fr\/wp-json\/wp\/v2\/media?parent=12373"}],"curies":[{"name":"wp","href":"https:\/\/api.w.org\/{rel}","templated":true}]}}