{"id":20498,"date":"2026-01-23T10:56:25","date_gmt":"2026-01-23T10:56:25","guid":{"rendered":"https:\/\/www.skinsystem.it\/acides-exfoliants\/"},"modified":"2026-02-12T10:47:29","modified_gmt":"2026-02-12T10:47:29","slug":"acides-exfoliants","status":"publish","type":"page","link":"https:\/\/www.skinsystem.it\/fr\/acides-exfoliants\/","title":{"rendered":"Acides exfoliants"},"content":{"rendered":"\t\t<div data-elementor-type=\"wp-page\" data-elementor-id=\"20498\" class=\"elementor elementor-20498 elementor-20086\" data-elementor-post-type=\"page\">\n\t\t\t\t<div class=\"elementor-element elementor-element-2086bcf e-flex e-con-boxed e-con e-parent\" data-id=\"2086bcf\" data-element_type=\"container\">\n\t\t\t\t\t<div class=\"e-con-inner\">\n\t\t\t\t<div class=\"elementor-element elementor-element-3082ed4 elementor-widget elementor-widget-heading\" data-id=\"3082ed4\" data-element_type=\"widget\" data-widget_type=\"heading.default\">\n\t\t\t\t<div class=\"elementor-widget-container\">\n\t\t\t\t\t<h1 class=\"elementor-heading-title elementor-size-default\">ACIDES ACTIFS<\/h1>\t\t\t\t<\/div>\n\t\t\t\t<\/div>\n\t\t\t\t<div class=\"elementor-element elementor-element-ec1676a elementor-widget__width-inherit elementor-widget elementor-widget-image\" data-id=\"ec1676a\" data-element_type=\"widget\" data-widget_type=\"image.default\">\n\t\t\t\t<div class=\"elementor-widget-container\">\n\t\t\t\t\t\t\t\t\t\t\t\t\t\t\t<img fetchpriority=\"high\" decoding=\"async\" width=\"1160\" height=\"363\" src=\"https:\/\/www.skinsystem.it\/wp-content\/uploads\/2026\/02\/67ed5236be7ea0f777c1c581-1520x475.png\" class=\"attachment-large size-large wp-image-20481\" alt=\"\" srcset=\"https:\/\/www.skinsystem.it\/wp-content\/uploads\/2026\/02\/67ed5236be7ea0f777c1c581-1520x475.png 1520w, https:\/\/www.skinsystem.it\/wp-content\/uploads\/2026\/02\/67ed5236be7ea0f777c1c581-460x144.png 460w, https:\/\/www.skinsystem.it\/wp-content\/uploads\/2026\/02\/67ed5236be7ea0f777c1c581-760x238.png 760w, https:\/\/www.skinsystem.it\/wp-content\/uploads\/2026\/02\/67ed5236be7ea0f777c1c581-920x288.png 920w, https:\/\/www.skinsystem.it\/wp-content\/uploads\/2026\/02\/67ed5236be7ea0f777c1c581-464x145.png 464w, https:\/\/www.skinsystem.it\/wp-content\/uploads\/2026\/02\/67ed5236be7ea0f777c1c581-928x290.png 928w, https:\/\/www.skinsystem.it\/wp-content\/uploads\/2026\/02\/67ed5236be7ea0f777c1c581.png 1920w\" sizes=\"(max-width: 1160px) 100vw, 1160px\" \/>\t\t\t\t\t\t\t\t\t\t\t\t\t\t\t<\/div>\n\t\t\t\t<\/div>\n\t\t\t\t<div class=\"elementor-element elementor-element-d9be68b elementor-widget__width-initial elementor-widget elementor-widget-heading\" data-id=\"d9be68b\" data-element_type=\"widget\" data-widget_type=\"heading.default\">\n\t\t\t\t<div class=\"elementor-widget-container\">\n\t\t\t\t\t<h4 class=\"elementor-heading-title elementor-size-default\">Exfoliation chimique : la solution pour une peau saine et lisse et pour pr\u00e9server sa long\u00e9vit\u00e9<\/h4>\t\t\t\t<\/div>\n\t\t\t\t<\/div>\n\t\t\t\t<div class=\"elementor-element elementor-element-e659b7f elementor-widget elementor-widget-heading\" data-id=\"e659b7f\" data-element_type=\"widget\" data-widget_type=\"heading.default\">\n\t\t\t\t<div class=\"elementor-widget-container\">\n\t\t\t\t\t<h6 class=\"elementor-heading-title elementor-size-default\">La gamme Acides de SkinSystem repr\u00e9sente l'excellence de l'innovation dans les traitements professionnels, offrant un protocole complet et structur\u00e9 \u00e0 base d'acides pour r\u00e9pondre de mani\u00e8re efficace et cibl\u00e9e aux diff\u00e9rents besoins de la peau. Du nettoyage initial au r\u00e9\u00e9quilibrage final, chaque \u00e9tape du traitement est soutenue par des formulations avanc\u00e9es \u00e0 base d'acides qui pr\u00e9parent et traitent la peau pour des r\u00e9sultats visibles et durables. \n\nLe c\u0153ur de cette gamme est constitu\u00e9 d'une large s\u00e9lection de s\u00e9rums hautement concentr\u00e9s, formul\u00e9s \u00e0 partir d'acides soigneusement s\u00e9lectionn\u00e9s pour agir efficacement sur des probl\u00e8mes cutan\u00e9s sp\u00e9cifiques. Gr\u00e2ce \u00e0 la possibilit\u00e9 de combiner diff\u00e9rents peelings, il est possible de personnaliser les traitements en fonction des besoins sp\u00e9cifiques, en renfor\u00e7ant leur efficacit\u00e9 sur les signes du temps, la perte de tonicit\u00e9 et d'\u00e9clat, les taches cutan\u00e9es, les impuret\u00e9s et les imperfections. \n\nL'approche modulaire et hautement innovante de cette gamme permet de cr\u00e9er des parcours professionnels sur mesure, garantissant une efficacit\u00e9 maximale et offrant aux professionnels de la beaut\u00e9 des outils avanc\u00e9s pour obtenir des r\u00e9sultats toujours plus performants et s\u00fbrs.<\/h6>\t\t\t\t<\/div>\n\t\t\t\t<\/div>\n\t\t\t\t\t<\/div>\n\t\t\t\t<\/div>\n\t\t<div class=\"elementor-element elementor-element-7bd1bf4 e-flex e-con-boxed e-con e-parent\" data-id=\"7bd1bf4\" data-element_type=\"container\">\n\t\t\t\t\t<div class=\"e-con-inner\">\n\t\t<div class=\"elementor-element elementor-element-3b7dc72 e-con-full e-flex e-con e-child\" data-id=\"3b7dc72\" data-element_type=\"container\">\n\t\t\t\t<div class=\"elementor-element elementor-element-078d423 elementor-widget elementor-widget-image\" data-id=\"078d423\" data-element_type=\"widget\" data-widget_type=\"image.default\">\n\t\t\t\t<div class=\"elementor-widget-container\">\n\t\t\t\t\t\t\t\t\t\t\t\t\t\t\t<img decoding=\"async\" width=\"1160\" height=\"773\" src=\"https:\/\/www.skinsystem.it\/wp-content\/uploads\/2026\/02\/67daa9b25fb8e06a78f77929-1520x1013.jpg\" class=\"attachment-large size-large wp-image-20482\" alt=\"\" srcset=\"https:\/\/www.skinsystem.it\/wp-content\/uploads\/2026\/02\/67daa9b25fb8e06a78f77929-1520x1013.jpg 1520w, https:\/\/www.skinsystem.it\/wp-content\/uploads\/2026\/02\/67daa9b25fb8e06a78f77929-460x307.jpg 460w, https:\/\/www.skinsystem.it\/wp-content\/uploads\/2026\/02\/67daa9b25fb8e06a78f77929-760x507.jpg 760w, https:\/\/www.skinsystem.it\/wp-content\/uploads\/2026\/02\/67daa9b25fb8e06a78f77929-920x613.jpg 920w, https:\/\/www.skinsystem.it\/wp-content\/uploads\/2026\/02\/67daa9b25fb8e06a78f77929-217x145.jpg 217w, https:\/\/www.skinsystem.it\/wp-content\/uploads\/2026\/02\/67daa9b25fb8e06a78f77929-435x290.jpg 435w\" sizes=\"(max-width: 1160px) 100vw, 1160px\" \/>\t\t\t\t\t\t\t\t\t\t\t\t\t\t\t<\/div>\n\t\t\t\t<\/div>\n\t\t\t\t<\/div>\n\t\t<div class=\"elementor-element elementor-element-dee8a1c e-con-full e-flex e-con e-child\" data-id=\"dee8a1c\" data-element_type=\"container\">\n\t\t\t\t<div class=\"elementor-element elementor-element-3b0682b elementor-widget elementor-widget-heading\" data-id=\"3b0682b\" data-element_type=\"widget\" data-widget_type=\"heading.default\">\n\t\t\t\t<div class=\"elementor-widget-container\">\n\t\t\t\t\t<h4 class=\"elementor-heading-title elementor-size-default\">Comment fonctionnent les acides exfoliants ?<\/h4>\t\t\t\t<\/div>\n\t\t\t\t<\/div>\n\t\t\t\t<div class=\"elementor-element elementor-element-0c50ff5 elementor-widget elementor-widget-heading\" data-id=\"0c50ff5\" data-element_type=\"widget\" data-widget_type=\"heading.default\">\n\t\t\t\t<div class=\"elementor-widget-container\">\n\t\t\t\t\t<h6 class=\"elementor-heading-title elementor-size-default\">Le peeling chimique est une technique qui consiste \u00e0 appliquer un agent chimique exfoliant sur la peau. Au niveau superficiel, le peeling \u00e9limine la couche corn\u00e9e de la peau et enl\u00e8ve le bouchon k\u00e9ratinique des com\u00e9dons, donnant \u00e0 la peau un aspect plus lumineux et uniforme et la rendant plus poreuse. Au niveau dermique, il agit dans les couches les plus profondes en d\u00e9clenchant un processus de r\u00e9paration et de r\u00e9g\u00e9n\u00e9ration cellulaire, stimulant les fibroblastes dans la production de nouveau collag\u00e8ne et de glycoprot\u00e9ines. \nOn peut donc parler d'une technique dermo-esth\u00e9tique avanc\u00e9e pour le traitement des imperfections cutan\u00e9es telles que la perte d'hydratation, d'\u00e9lasticit\u00e9 et d'\u00e9clat, les taches, les cicatrices, l'acn\u00e9 et les rides, qui doit \u00eatre r\u00e9alis\u00e9e par un personnel exp\u00e9riment\u00e9 et qualifi\u00e9.  <\/h6>\t\t\t\t<\/div>\n\t\t\t\t<\/div>\n\t\t\t\t<\/div>\n\t\t\t\t\t<\/div>\n\t\t\t\t<\/div>\n\t\t<div class=\"elementor-element elementor-element-d3b661a e-grid e-con-boxed e-con e-parent\" data-id=\"d3b661a\" data-element_type=\"container\">\n\t\t\t\t\t<div class=\"e-con-inner\">\n\t\t\t\t<div class=\"elementor-element elementor-element-ad27404 elementor-widget elementor-widget-heading\" data-id=\"ad27404\" data-element_type=\"widget\" data-widget_type=\"heading.default\">\n\t\t\t\t<div class=\"elementor-widget-container\">\n\t\t\t\t\t<h4 class=\"elementor-heading-title elementor-size-default\">Les acides actifs de SkinSystem<\/h4>\t\t\t\t<\/div>\n\t\t\t\t<\/div>\n\t\t\t\t<div class=\"elementor-element elementor-element-8c5a536 elementor-widget elementor-widget-text-editor\" data-id=\"8c5a536\" data-element_type=\"widget\" data-widget_type=\"text-editor.default\">\n\t\t\t\t<div class=\"elementor-widget-container\">\n\t\t\t\t\t\t\t\t\t<p>Apr\u00e8s une analyse minutieuse des diff\u00e9rents types d&rsquo;acides utilis\u00e9s dans le domaine cosm\u00e9tique, les laboratoires SkinSystem ont cr\u00e9\u00e9 une gamme innovante de produits destin\u00e9s \u00e0 l&rsquo;exfoliation du visage et au traitement de probl\u00e8mes cutan\u00e9s sp\u00e9cifiques, y compris les imperfections secondaires caus\u00e9es par ces probl\u00e8mes.<\/p><p>Chaque formulation a \u00e9t\u00e9 \u00e9tudi\u00e9e pour exprimer au mieux les propri\u00e9t\u00e9s sp\u00e9cifiques de chaque acide exfoliant, garantissant des r\u00e9sultats visibles et efficaces. Pour maximiser l&rsquo;efficacit\u00e9 des produits, une technique exclusive d&rsquo;application s\u00e9quentielle a \u00e9t\u00e9 mise au point afin de renforcer et d&rsquo;harmoniser l&rsquo;action de chaque acide, en exploitant pleinement les synergies entre les diff\u00e9rentes mol\u00e9cules. <\/p><p>La gamme Acidi Attivi de SkinSystem a \u00e9t\u00e9 formul\u00e9e pour traiter tous les imperfections cutan\u00e9es en cr\u00e9ant 3 macro-protocoles visage sp\u00e9cifiques et cibl\u00e9s pour :<\/p><ul><li>Combattre tous les signes du vieillissement chronologique et photo-vieillissement &#8211; <strong>TRAITEMENT ANTI-\u00c2GE<\/strong><\/li><li>R\u00e9duire et pr\u00e9venir toutes les formes de taches cutan\u00e9es &#8211; <strong>TRAITEMENT ANTI-TACHES<\/strong><\/li><li>Lutter contre et pr\u00e9venir l&rsquo;apparition de l&rsquo;acn\u00e9 et d&rsquo;autres imperfections cutan\u00e9es &#8211; <strong>TRAITEMENT ANTI-ACN\u00c9<\/strong><\/li><\/ul><p>Chaque traitement se d\u00e9roule en 3 phases :<\/p><ol><li><strong>Phase pr\u00e9paratoire de la peau<\/strong><\/li><li><strong>Phase de traitement actif<\/strong><\/li><li><strong>Phase apaisante et r\u00e9\u00e9quilibrante<\/strong><\/li><\/ol>\t\t\t\t\t\t\t\t<\/div>\n\t\t\t\t<\/div>\n\t\t\t\t<div class=\"elementor-element elementor-element-4496ab7 elementor-widget elementor-widget-heading\" data-id=\"4496ab7\" data-element_type=\"widget\" data-widget_type=\"heading.default\">\n\t\t\t\t<div class=\"elementor-widget-container\">\n\t\t\t\t\t<h4 class=\"elementor-heading-title elementor-size-default\">1) Phase pr\u00e9paratoire de la peau<\/h4>\t\t\t\t<\/div>\n\t\t\t\t<\/div>\n\t\t\t\t\t<\/div>\n\t\t\t\t<\/div>\n\t\t<div class=\"elementor-element elementor-element-44911d8 e-grid e-con-boxed e-con e-parent\" data-id=\"44911d8\" data-element_type=\"container\" data-settings=\"{&quot;background_background&quot;:&quot;classic&quot;}\">\n\t\t\t\t\t<div class=\"e-con-inner\">\n\t\t\t\t<div class=\"elementor-element elementor-element-b1d7a13 elementor-widget elementor-widget-image\" data-id=\"b1d7a13\" data-element_type=\"widget\" data-widget_type=\"image.default\">\n\t\t\t\t<div class=\"elementor-widget-container\">\n\t\t\t\t\t\t\t\t\t\t\t\t\t\t\t<img decoding=\"async\" width=\"1080\" height=\"1350\" src=\"https:\/\/www.skinsystem.it\/wp-content\/uploads\/2026\/02\/1.png\" class=\"attachment-large size-large wp-image-20483\" alt=\"\" srcset=\"https:\/\/www.skinsystem.it\/wp-content\/uploads\/2026\/02\/1.png 1080w, https:\/\/www.skinsystem.it\/wp-content\/uploads\/2026\/02\/1-460x575.png 460w, https:\/\/www.skinsystem.it\/wp-content\/uploads\/2026\/02\/1-760x950.png 760w, https:\/\/www.skinsystem.it\/wp-content\/uploads\/2026\/02\/1-920x1150.png 920w, https:\/\/www.skinsystem.it\/wp-content\/uploads\/2026\/02\/1-116x145.png 116w, https:\/\/www.skinsystem.it\/wp-content\/uploads\/2026\/02\/1-232x290.png 232w\" sizes=\"(max-width: 1080px) 100vw, 1080px\" \/>\t\t\t\t\t\t\t\t\t\t\t\t\t\t\t<\/div>\n\t\t\t\t<\/div>\n\t\t\t\t<div class=\"elementor-element elementor-element-08a7cfa elementor-widget elementor-widget-heading\" data-id=\"08a7cfa\" data-element_type=\"widget\" data-widget_type=\"heading.default\">\n\t\t\t\t<div class=\"elementor-widget-container\">\n\t\t\t\t\t<h6 class=\"elementor-heading-title elementor-size-default\">1) Phase pr\u00e9paratoire de la peau\nCette phase pr\u00e9voit l'application successive de 3 produits et vise \u00e0 \u00e9liminer les impuret\u00e9s, les r\u00e9sidus de maquillage, les substances polluantes\/occlusives, et \u00e0 \u00e9tablir le bon pH pour pr\u00e9parer la peau \u00e0 l'application du traitement \u00e0 base d'acides. \n\n1.1 - Purifying Creamy Milk : \u00e9limine toutes les impuret\u00e9s et pr\u00e9pare la peau \u00e0 la phase 1.2.\n1.2 - Pre Peel Exfoliating Gommage : compl\u00e8te l'action de nettoyage et de purification de la peau et la pr\u00e9pare au traitement \u00e0 base d'acides. \n1.3 - Pre Peel pH Prep Lotion : abaisse le pH de la peau afin de rendre l'action des acides plus efficace.<\/h6>\t\t\t\t<\/div>\n\t\t\t\t<\/div>\n\t\t\t\t\t<\/div>\n\t\t\t\t<\/div>\n\t\t<div class=\"elementor-element elementor-element-2445db1 e-grid e-con-boxed e-con e-parent\" data-id=\"2445db1\" data-element_type=\"container\">\n\t\t\t\t\t<div class=\"e-con-inner\">\n\t\t\t\t<div class=\"elementor-element elementor-element-508de80 elementor-widget elementor-widget-heading\" data-id=\"508de80\" data-element_type=\"widget\" data-widget_type=\"heading.default\">\n\t\t\t\t<div class=\"elementor-widget-container\">\n\t\t\t\t\t<h4 class=\"elementor-heading-title elementor-size-default\">2) Phase de traitement actif<\/h4>\t\t\t\t<\/div>\n\t\t\t\t<\/div>\n\t\t\t\t\t<\/div>\n\t\t\t\t<\/div>\n\t\t<div class=\"elementor-element elementor-element-35a34fd e-grid e-con-boxed e-con e-parent\" data-id=\"35a34fd\" data-element_type=\"container\">\n\t\t\t\t\t<div class=\"e-con-inner\">\n\t\t\t\t<div class=\"elementor-element elementor-element-8248916 elementor-widget elementor-widget-image\" data-id=\"8248916\" data-element_type=\"widget\" data-widget_type=\"image.default\">\n\t\t\t\t<div class=\"elementor-widget-container\">\n\t\t\t\t\t\t\t\t\t\t\t\t\t\t\t<img loading=\"lazy\" decoding=\"async\" width=\"1080\" height=\"1350\" src=\"https:\/\/www.skinsystem.it\/wp-content\/uploads\/2026\/02\/2.png\" class=\"attachment-large size-large wp-image-20484\" alt=\"\" srcset=\"https:\/\/www.skinsystem.it\/wp-content\/uploads\/2026\/02\/2.png 1080w, https:\/\/www.skinsystem.it\/wp-content\/uploads\/2026\/02\/2-460x575.png 460w, https:\/\/www.skinsystem.it\/wp-content\/uploads\/2026\/02\/2-760x950.png 760w, https:\/\/www.skinsystem.it\/wp-content\/uploads\/2026\/02\/2-920x1150.png 920w, https:\/\/www.skinsystem.it\/wp-content\/uploads\/2026\/02\/2-116x145.png 116w, https:\/\/www.skinsystem.it\/wp-content\/uploads\/2026\/02\/2-232x290.png 232w\" sizes=\"(max-width: 1080px) 100vw, 1080px\" \/>\t\t\t\t\t\t\t\t\t\t\t\t\t\t\t<\/div>\n\t\t\t\t<\/div>\n\t\t\t\t<div class=\"elementor-element elementor-element-dc4cfa8 elementor-widget elementor-widget-text-editor\" data-id=\"dc4cfa8\" data-element_type=\"widget\" data-widget_type=\"text-editor.default\">\n\t\t\t\t<div class=\"elementor-widget-container\">\n\t\t\t\t\t\t\t\t\t<p>Cette phase pr\u00e9voit l&rsquo;application s\u00e9quentielle d&rsquo;un acide m\u00e8re et de plusieurs acides renfor\u00e7ateurs stratifi\u00e9s en fonction du traitement sp\u00e9cifique : anti-\u00e2ge, anti-taches, anti-acn\u00e9.<\/p><p>Acides m\u00e8res :<\/p><p><strong>Glycolic Peel 40%<\/strong><\/p><p><strong>Mandelic Peel 30%<\/strong><\/p><p><strong>Glycyrrhetinic Peel 10%<\/strong><\/p><p>Acides renfor\u00e7ateurs :<\/p><p><strong>Lactobionic Peel 4%<\/strong><\/p><p><strong>Tartaric Peel 6%<\/strong><\/p><p><strong>Tranexamic Peel 2%<\/strong><\/p><p><strong>Shikimic Peel 3,5%<\/strong><\/p><p><strong>Lactic Peel 2,5%<\/strong><\/p><p>De cette mani\u00e8re, il est possible de personnaliser le traitement en fonction du type et de la gravit\u00e9 de l&rsquo;imperfection, ainsi que de la tol\u00e9rance de la peau. <\/p>\t\t\t\t\t\t\t\t<\/div>\n\t\t\t\t<\/div>\n\t\t\t\t\t<\/div>\n\t\t\t\t<\/div>\n\t\t<div class=\"elementor-element elementor-element-3104399 e-grid e-con-boxed e-con e-parent\" data-id=\"3104399\" data-element_type=\"container\">\n\t\t\t\t\t<div class=\"e-con-inner\">\n\t\t\t\t<div class=\"elementor-element elementor-element-32f850f elementor-widget elementor-widget-heading\" data-id=\"32f850f\" data-element_type=\"widget\" data-widget_type=\"heading.default\">\n\t\t\t\t<div class=\"elementor-widget-container\">\n\t\t\t\t\t<h4 class=\"elementor-heading-title elementor-size-default\">3) Phase apaisante et r\u00e9\u00e9quilibrante<\/h4>\t\t\t\t<\/div>\n\t\t\t\t<\/div>\n\t\t\t\t\t<\/div>\n\t\t\t\t<\/div>\n\t\t<div class=\"elementor-element elementor-element-830e754 e-grid e-con-boxed e-con e-parent\" data-id=\"830e754\" data-element_type=\"container\">\n\t\t\t\t\t<div class=\"e-con-inner\">\n\t\t\t\t<div class=\"elementor-element elementor-element-4f4980a elementor-widget elementor-widget-image\" data-id=\"4f4980a\" data-element_type=\"widget\" data-widget_type=\"image.default\">\n\t\t\t\t<div class=\"elementor-widget-container\">\n\t\t\t\t\t\t\t\t\t\t\t\t\t\t\t<img loading=\"lazy\" decoding=\"async\" width=\"1080\" height=\"1350\" src=\"https:\/\/www.skinsystem.it\/wp-content\/uploads\/2026\/02\/3.png\" class=\"attachment-large size-large wp-image-20485\" alt=\"\" srcset=\"https:\/\/www.skinsystem.it\/wp-content\/uploads\/2026\/02\/3.png 1080w, https:\/\/www.skinsystem.it\/wp-content\/uploads\/2026\/02\/3-460x575.png 460w, https:\/\/www.skinsystem.it\/wp-content\/uploads\/2026\/02\/3-760x950.png 760w, https:\/\/www.skinsystem.it\/wp-content\/uploads\/2026\/02\/3-920x1150.png 920w, https:\/\/www.skinsystem.it\/wp-content\/uploads\/2026\/02\/3-116x145.png 116w, https:\/\/www.skinsystem.it\/wp-content\/uploads\/2026\/02\/3-232x290.png 232w\" sizes=\"(max-width: 1080px) 100vw, 1080px\" \/>\t\t\t\t\t\t\t\t\t\t\t\t\t\t\t<\/div>\n\t\t\t\t<\/div>\n\t\t\t\t<div class=\"elementor-element elementor-element-d39cc6b elementor-widget elementor-widget-text-editor\" data-id=\"d39cc6b\" data-element_type=\"widget\" data-widget_type=\"text-editor.default\">\n\t\t\t\t<div class=\"elementor-widget-container\">\n\t\t\t\t\t\t\t\t\t<p>Cette phase pr\u00e9voit l&rsquo;application successive de 3 produits et vise \u00e0 apaiser et r\u00e9\u00e9quilibrer la peau apr\u00e8s le traitement aux acides actifs.<\/p><p>Plus pr\u00e9cis\u00e9ment :<\/p><p><strong>3.1 &#8211; Lotion neutralisante post-peeling<\/strong> : neutralise l&rsquo;action des acides actifs et r\u00e9tablit le pH \u00e9quilibr\u00e9 de la peau.<\/p><p><strong>3.2 &#8211; Rebalancing Soothing Mask<\/strong> : Apaise les rougeurs \u00e9ventuelles et r\u00e9\u00e9quilibre la peau en r\u00e9tablissant son film hydrolipidique normal.<\/p><p><strong>3.3 Sublime UV Shield 50+<\/strong> : prot\u00e8ge la peau gr\u00e2ce \u00e0 ses filtres UVA et UVB et \u00e0 son indice SPF50+ PA++++ \u00e0 large spectre, et lui apporte les nutriments n\u00e9cessaires pour lui donner un aspect sain et lumineux.<\/p>\t\t\t\t\t\t\t\t<\/div>\n\t\t\t\t<\/div>\n\t\t\t\t\t<\/div>\n\t\t\t\t<\/div>\n\t\t<div class=\"elementor-element elementor-element-273a685 e-grid e-con-boxed e-con e-parent\" data-id=\"273a685\" data-element_type=\"container\">\n\t\t\t\t\t<div class=\"e-con-inner\">\n\t\t\t\t<div class=\"elementor-element elementor-element-f3ccc74 elementor-widget elementor-widget-video\" data-id=\"f3ccc74\" data-element_type=\"widget\" data-settings=\"{&quot;youtube_url&quot;:&quot;https:\\\/\\\/www.youtube.com\\\/watch?v=AIg15cFRWJw&quot;,&quot;video_type&quot;:&quot;youtube&quot;,&quot;controls&quot;:&quot;yes&quot;}\" data-widget_type=\"video.default\">\n\t\t\t\t<div class=\"elementor-widget-container\">\n\t\t\t\t\t\t\t<div class=\"elementor-wrapper elementor-open-inline\">\n\t\t\t<div class=\"elementor-video\"><\/div>\t\t<\/div>\n\t\t\t\t\t\t<\/div>\n\t\t\t\t<\/div>\n\t\t\t\t<div class=\"elementor-element elementor-element-b6457bf elementor-widget elementor-widget-video\" data-id=\"b6457bf\" data-element_type=\"widget\" data-settings=\"{&quot;youtube_url&quot;:&quot;https:\\\/\\\/www.youtube.com\\\/watch?v=nreZeG7qC7Y&quot;,&quot;video_type&quot;:&quot;youtube&quot;,&quot;controls&quot;:&quot;yes&quot;}\" data-widget_type=\"video.default\">\n\t\t\t\t<div class=\"elementor-widget-container\">\n\t\t\t\t\t\t\t<div class=\"elementor-wrapper elementor-open-inline\">\n\t\t\t<div class=\"elementor-video\"><\/div>\t\t<\/div>\n\t\t\t\t\t\t<\/div>\n\t\t\t\t<\/div>\n\t\t\t\t<div class=\"elementor-element elementor-element-1c24163 elementor-widget elementor-widget-video\" data-id=\"1c24163\" data-element_type=\"widget\" data-settings=\"{&quot;youtube_url&quot;:&quot;https:\\\/\\\/www.youtube.com\\\/watch?v=HYzDy-6Z1eA&quot;,&quot;video_type&quot;:&quot;youtube&quot;,&quot;controls&quot;:&quot;yes&quot;}\" data-widget_type=\"video.default\">\n\t\t\t\t<div class=\"elementor-widget-container\">\n\t\t\t\t\t\t\t<div class=\"elementor-wrapper elementor-open-inline\">\n\t\t\t<div class=\"elementor-video\"><\/div>\t\t<\/div>\n\t\t\t\t\t\t<\/div>\n\t\t\t\t<\/div>\n\t\t\t\t\t<\/div>\n\t\t\t\t<\/div>\n\t\t<div class=\"elementor-element elementor-element-cc00d1c e-grid e-con-boxed e-con e-parent\" data-id=\"cc00d1c\" data-element_type=\"container\">\n\t\t\t\t\t<div class=\"e-con-inner\">\n\t\t\t\t\t<\/div>\n\t\t\t\t<\/div>\n\t\t\t\t<\/div>\n\t\t","protected":false},"excerpt":{"rendered":"<p>ACIDES ACTIFS Exfoliation chimique : la solution pour une peau saine et lisse et pour pr\u00e9server sa long\u00e9vit\u00e9&hellip;<\/p>\n","protected":false},"author":1,"featured_media":0,"parent":0,"menu_order":0,"comment_status":"closed","ping_status":"closed","template":"","meta":{"footnotes":""},"class_list":["post-20498","page","type-page","status-publish","hentry"],"_links":{"self":[{"href":"https:\/\/www.skinsystem.it\/fr\/wp-json\/wp\/v2\/pages\/20498","targetHints":{"allow":["GET"]}}],"collection":[{"href":"https:\/\/www.skinsystem.it\/fr\/wp-json\/wp\/v2\/pages"}],"about":[{"href":"https:\/\/www.skinsystem.it\/fr\/wp-json\/wp\/v2\/types\/page"}],"author":[{"embeddable":true,"href":"https:\/\/www.skinsystem.it\/fr\/wp-json\/wp\/v2\/users\/1"}],"replies":[{"embeddable":true,"href":"https:\/\/www.skinsystem.it\/fr\/wp-json\/wp\/v2\/comments?post=20498"}],"version-history":[{"count":1,"href":"https:\/\/www.skinsystem.it\/fr\/wp-json\/wp\/v2\/pages\/20498\/revisions"}],"predecessor-version":[{"id":20499,"href":"https:\/\/www.skinsystem.it\/fr\/wp-json\/wp\/v2\/pages\/20498\/revisions\/20499"}],"wp:attachment":[{"href":"https:\/\/www.skinsystem.it\/fr\/wp-json\/wp\/v2\/media?parent=20498"}],"curies":[{"name":"wp","href":"https:\/\/api.w.org\/{rel}","templated":true}]}}